{"id":13375,"date":"2025-02-24T22:44:30","date_gmt":"2025-02-24T21:44:30","guid":{"rendered":"https:\/\/staviori.com.pl\/product\/bizuteria-inwestycyjna-bransoletka-bcd3968\/"},"modified":"2026-02-11T00:08:23","modified_gmt":"2026-02-10T23:08:23","slug":"bizuteria-inwestycyjna-bransoletka-bcd3968","status":"publish","type":"product","link":"https:\/\/staviori.com.pl\/cs\/product\/bizuteria-inwestycyjna-bransoletka-bcd3968\/","title":{"rendered":"Exkluzivn\u011b | \u010cern\u00e9 zlato s \u010dern\u00fdmi diamanty na z\u00e1p\u011bst\u00ed - DDB0221"},"content":{"rendered":"<p>Model: DDB0221<br \/>\nWaga ok. 27,91g<\/p>\n<p>N\u00e1ramek 18 cm.<br \/>\n\u010cern\u00e9 zlato 0.750.<br \/>\n1721 Diament\u00f3w, kolor czarny, szlif brylantowy, o masie 10,31ct.<\/p>\n<p>Szeroko\u015b\u0107 9.8 mm.<br \/>\nGrubo\u015b\u0107 4.8 mm.<\/p>\n<p><strong>Produkt je k dispozici pouze na vy\u017e\u00e1d\u00e1n\u00ed, doba dod\u00e1n\u00ed cca 5 t\u00fddn\u016f.<\/strong><\/p>","protected":false},"excerpt":{"rendered":"<p>Imponuj\u0105ca bransoleta z czarnego z\u0142ota pr\u00f3by 0,750, wysadzana 1 721 czarnymi brylantami o \u0142\u0105cznej masie 10,31 ct. Misternie uformowane ogniwa tworz\u0105 wyrafinowan\u0105, lecz drapie\u017cn\u0105 form\u0119, a aksamitny po\u0142ysk kamieni podkre\u015bla awangardowy charakter projektu. Ta odwa\u017cna kompozycja \u0142\u0105czy industrialny szyk z luksusowym blaskiem, nadaj\u0105c stylizacji unikatowy, magnetyczny akcent.<\/p>","protected":false},"featured_media":608,"comment_status":"closed","ping_status":"closed","template":"","meta":{"om_disable_all_campaigns":false},"product_brand":[2284],"product_cat":[6893,43,1803,1392,1881,2421],"product_tag":[2338,2293,2295,2319,2405,2420,2280,2332,2341],"class_list":{"0":"post-13375","1":"product","2":"type-product","3":"status-publish","4":"has-post-thumbnail","6":"product_brand-staviori","7":"product_cat-bransoletka","8":"product_cat-bransoletki","9":"product_cat-brylanty-exclusive","10":"product_cat-damskie","11":"product_cat-meskie-2","12":"product_cat-meskie","13":"product_tag-18k","14":"product_tag-bizuteria-na-zamowienie","15":"product_tag-bransoleta","16":"product_tag-czarne-diamenty","17":"product_tag-czarne-zloto","18":"product_tag-ddb0221","19":"product_tag-luksusowa-bizuteria","20":"product_tag-prezent","21":"product_tag-zloto-750","22":"pa_barwa-70","23":"pa_grubosc-4-8mm","24":"pa_kamien-czarne-diamenty","25":"pa_kolor-biale","26":"pa_kolor-czarne","27":"pa_kruszec-zloto","28":"pa_proba-0-750","29":"pa_rozmiar-18cm","30":"pa_szerokosc-9-8mm","31":"pa_waga-27-91g","33":"first","34":"onbackorder","35":"taxable","36":"shipping-taxable","37":"purchasable","38":"product-type-simple"},"aioseo_notices":[],"_links":{"self":[{"href":"https:\/\/staviori.com.pl\/cs\/wp-json\/wp\/v2\/product\/13375","targetHints":{"allow":["GET"]}}],"collection":[{"href":"https:\/\/staviori.com.pl\/cs\/wp-json\/wp\/v2\/product"}],"about":[{"href":"https:\/\/staviori.com.pl\/cs\/wp-json\/wp\/v2\/types\/product"}],"replies":[{"embeddable":true,"href":"https:\/\/staviori.com.pl\/cs\/wp-json\/wp\/v2\/comments?post=13375"}],"wp:featuredmedia":[{"embeddable":true,"href":"https:\/\/staviori.com.pl\/cs\/wp-json\/wp\/v2\/media\/608"}],"wp:attachment":[{"href":"https:\/\/staviori.com.pl\/cs\/wp-json\/wp\/v2\/media?parent=13375"}],"wp:term":[{"taxonomy":"product_brand","embeddable":true,"href":"https:\/\/staviori.com.pl\/cs\/wp-json\/wp\/v2\/product_brand?post=13375"},{"taxonomy":"product_cat","embeddable":true,"href":"https:\/\/staviori.com.pl\/cs\/wp-json\/wp\/v2\/product_cat?post=13375"},{"taxonomy":"product_tag","embeddable":true,"href":"https:\/\/staviori.com.pl\/cs\/wp-json\/wp\/v2\/product_tag?post=13375"}],"curies":[{"name":"wp","href":"https:\/\/api.w.org\/{rel}","templated":true}]}}