{"id":13373,"date":"2025-02-24T22:44:30","date_gmt":"2025-02-24T21:44:30","guid":{"rendered":"https:\/\/staviori.com.pl\/product\/bizuteria-inwestycyjna-bransoletka-bcd1682\/"},"modified":"2026-02-11T00:08:23","modified_gmt":"2026-02-10T23:08:23","slug":"bizuteria-inwestycyjna-bransoletka-bcd1682","status":"publish","type":"product","link":"https:\/\/staviori.com.pl\/cs\/product\/bizuteria-inwestycyjna-bransoletka-bcd1682\/","title":{"rendered":"Exkluzivn\u011b | N\u00e1ramek BANGLE z \u010dern\u00e9ho zlata s \u010dern\u00fdmi diamanty"},"content":{"rendered":"<p>Model: DDB0332B<br \/>\nWaga ok. 31,00g<\/p>\n<p>N\u00e1ramek 18 cm.<br \/>\nCzarne Z\u0142oto 0,750*.<br \/>\n771 Diament\u00f3w, kolor czarny, szlif brylantowy, o masie 25,80ct.<\/p>\n<p>\u0160\u00ed\u0159ka 11 mm.<br \/>\nGrubo\u015b\u0107 6.5 mm.<\/p>\n<p>Produkt je k dispozici pouze na vy\u017e\u00e1d\u00e1n\u00ed, doba dod\u00e1n\u00ed cca 5 t\u00fddn\u016f.<\/p>\n<p>* \u010cern\u00e9 zlato je b\u00edl\u00e9 zlato o ryzosti 0,750 pokoven\u00e9 \u010dern\u00fdm rhodiem.<\/p>","protected":false},"excerpt":{"rendered":"<p>Ekskluzywna bransoleta Staviori wykonana z czarnego z\u0142ota pr\u00f3by 0,750, zachwyca imponuj\u0105cym blaskiem 771 czarnych diament\u00f3w o \u0142\u0105cznej masie a\u017c 25,80ct. Jej masywna forma i perfekcyjnie oszlifowane kamienie tworz\u0105 niezwykle elegancki, a zarazem nowoczesny design. Wn\u0119trze zdobi a\u017curowy wz\u00f3r, kt\u00f3ry dodaje lekko\u015bci i luksusowego charakteru. To bi\u017cuteria stworzona dla os\u00f3b ceni\u0105cych wyj\u0105tkowo\u015b\u0107, mocny styl i wyrafinowan\u0105 elegancj\u0119.<\/p>","protected":false},"featured_media":21893,"comment_status":"closed","ping_status":"closed","template":"","meta":{"om_disable_all_campaigns":false},"product_brand":[2284],"product_cat":[6893,43,1803],"product_tag":[4095,6870,2295,2319,2405,6869,6206,2298,2280,3747,6207,6698,6871,3724,6391],"class_list":{"0":"post-13373","1":"product","2":"type-product","3":"status-publish","4":"has-post-thumbnail","6":"product_brand-staviori","7":"product_cat-bransoletka","8":"product_cat-bransoletki","9":"product_cat-brylanty-exclusive","10":"product_tag-18k-gold","11":"product_tag-black-gold-bracelet","12":"product_tag-bransoleta","13":"product_tag-czarne-diamenty","14":"product_tag-czarne-zloto","15":"product_tag-diamentowa-bransoleta","16":"product_tag-diamond-bracelet","17":"product_tag-elegancka-bransoleta","18":"product_tag-luksusowa-bizuteria","19":"product_tag-luxury-jewelry","20":"product_tag-naramek-s-diamanty","21":"product_tag-schwarze-diamanten","22":"product_tag-schwarzes-gold","23":"product_tag-staviori","24":"product_tag-zlato-750","25":"pa_barwa-70","26":"pa_grubosc-6-5mm","27":"pa_kamien-czarne-diamenty","28":"pa_kolor-biale","29":"pa_kolor-czarne","30":"pa_kruszec-zloto","31":"pa_proba-0-750","32":"pa_rozmiar-18cm","33":"pa_szerokosc-11mm","34":"pa_waga-31-00g","36":"first","37":"onbackorder","38":"purchasable","39":"product-type-simple"},"aioseo_notices":[],"_links":{"self":[{"href":"https:\/\/staviori.com.pl\/cs\/wp-json\/wp\/v2\/product\/13373","targetHints":{"allow":["GET"]}}],"collection":[{"href":"https:\/\/staviori.com.pl\/cs\/wp-json\/wp\/v2\/product"}],"about":[{"href":"https:\/\/staviori.com.pl\/cs\/wp-json\/wp\/v2\/types\/product"}],"replies":[{"embeddable":true,"href":"https:\/\/staviori.com.pl\/cs\/wp-json\/wp\/v2\/comments?post=13373"}],"wp:featuredmedia":[{"embeddable":true,"href":"https:\/\/staviori.com.pl\/cs\/wp-json\/wp\/v2\/media\/21893"}],"wp:attachment":[{"href":"https:\/\/staviori.com.pl\/cs\/wp-json\/wp\/v2\/media?parent=13373"}],"wp:term":[{"taxonomy":"product_brand","embeddable":true,"href":"https:\/\/staviori.com.pl\/cs\/wp-json\/wp\/v2\/product_brand?post=13373"},{"taxonomy":"product_cat","embeddable":true,"href":"https:\/\/staviori.com.pl\/cs\/wp-json\/wp\/v2\/product_cat?post=13373"},{"taxonomy":"product_tag","embeddable":true,"href":"https:\/\/staviori.com.pl\/cs\/wp-json\/wp\/v2\/product_tag?post=13373"}],"curies":[{"name":"wp","href":"https:\/\/api.w.org\/{rel}","templated":true}]}}