{"id":13362,"date":"2025-02-24T22:44:27","date_gmt":"2025-02-24T21:44:27","guid":{"rendered":"https:\/\/staviori.com.pl\/product\/bransoletka-z-brylantami-bbd4585\/"},"modified":"2026-02-11T00:08:23","modified_gmt":"2026-02-10T23:08:23","slug":"bransoletka-z-brylantami-bbd4585","status":"publish","type":"product","link":"https:\/\/staviori.com.pl\/cs\/product\/bransoletka-z-brylantami-bbd4585\/","title":{"rendered":"Exclusive | N\u00e1ramek se saf\u00edrem a diamanty v b\u00edl\u00e9m zlat\u011b 0.750 - BBD4585"},"content":{"rendered":"<p>Model: BBD4585<br \/>\nHmotnost p\u0159ibli\u017en\u011b 11,90 g<\/p>\n<p>N\u00e1ramek 18 cm.<br \/>\nB\u00edl\u00e9 zlato 0,750.<br \/>\n9 Diament\u00f3w, szlif brylantowy, o masie 0,03 ct., barwa G-H, czysto\u015b\u0107 SI1.<br \/>\n60 Szafir\u00f3w, o masie 4 ct..<\/p>\n<p>Szeroko\u015b\u0107 3 mm.<\/p>\n<p><strong>Produkt je k dispozici pouze na vy\u017e\u00e1d\u00e1n\u00ed, doba dod\u00e1n\u00ed cca 5 t\u00fddn\u016f.<\/strong><\/p>\n<p>Mo\u017enost zm\u011bny zlat\u00e9 barvy.<\/p>","protected":false},"excerpt":{"rendered":"<p>Delikatna bransoleta z 18-karatowego bia\u0142ego z\u0142ota pr\u00f3by 0,750, ozdobiona dziewi\u0119cioma brylantami o \u0142\u0105cznej masie 0,03 ct (barwa G\u2013H, czysto\u015b\u0107 SI1) oraz sze\u015b\u0107dziesi\u0119cioma szafirami o \u0142\u0105cznej masie 4 ct. Subtelne zestawienie iskier diament\u00f3w z g\u0142\u0119bok\u0105, intensywn\u0105 barw\u0105 szafir\u00f3w tworzy elegancki i zarazem wyrazisty akcent, kt\u00f3ry doskonale uzupe\u0142ni ka\u017cd\u0105 stylizacj\u0119 \u2013 od codziennej po wieczorow\u0105.<\/p>","protected":false},"featured_media":551,"comment_status":"closed","ping_status":"closed","template":"","meta":{"om_disable_all_campaigns":false},"product_brand":[2284],"product_cat":[1839,43,1803,1392,1838],"product_tag":[2346,2338,2308,2293,2295,2296,2280,2332,2297,2341],"class_list":{"0":"post-13362","1":"product","2":"type-product","3":"status-publish","4":"has-post-thumbnail","6":"product_brand-staviori","7":"product_cat-bransoletka-z-brylantami","8":"product_cat-bransoletki","9":"product_cat-brylanty-exclusive","10":"product_cat-damskie","11":"product_cat-diamenty","12":"product_tag-18-cm","13":"product_tag-18k","14":"product_tag-biale-zloto","15":"product_tag-bizuteria-na-zamowienie","16":"product_tag-bransoleta","17":"product_tag-diamenty","18":"product_tag-luksusowa-bizuteria","19":"product_tag-prezent","20":"product_tag-szafiry","21":"product_tag-zloto-750","22":"pa_barwa-g-h","23":"pa_czystosc-si1","24":"pa_kamien-diament","25":"pa_kamien-szafir","26":"pa_kolor-biale","27":"pa_kruszec-zloto","28":"pa_proba-0-750","29":"pa_rozmiar-18cm","30":"pa_szerokosc-3mm","31":"pa_waga-2385","33":"first","34":"onbackorder","35":"taxable","36":"shipping-taxable","37":"purchasable","38":"product-type-simple"},"aioseo_notices":[],"_links":{"self":[{"href":"https:\/\/staviori.com.pl\/cs\/wp-json\/wp\/v2\/product\/13362","targetHints":{"allow":["GET"]}}],"collection":[{"href":"https:\/\/staviori.com.pl\/cs\/wp-json\/wp\/v2\/product"}],"about":[{"href":"https:\/\/staviori.com.pl\/cs\/wp-json\/wp\/v2\/types\/product"}],"replies":[{"embeddable":true,"href":"https:\/\/staviori.com.pl\/cs\/wp-json\/wp\/v2\/comments?post=13362"}],"wp:featuredmedia":[{"embeddable":true,"href":"https:\/\/staviori.com.pl\/cs\/wp-json\/wp\/v2\/media\/551"}],"wp:attachment":[{"href":"https:\/\/staviori.com.pl\/cs\/wp-json\/wp\/v2\/media?parent=13362"}],"wp:term":[{"taxonomy":"product_brand","embeddable":true,"href":"https:\/\/staviori.com.pl\/cs\/wp-json\/wp\/v2\/product_brand?post=13362"},{"taxonomy":"product_cat","embeddable":true,"href":"https:\/\/staviori.com.pl\/cs\/wp-json\/wp\/v2\/product_cat?post=13362"},{"taxonomy":"product_tag","embeddable":true,"href":"https:\/\/staviori.com.pl\/cs\/wp-json\/wp\/v2\/product_tag?post=13362"}],"curies":[{"name":"wp","href":"https:\/\/api.w.org\/{rel}","templated":true}]}}