{"id":13358,"date":"2025-02-24T22:44:27","date_gmt":"2025-02-24T21:44:27","guid":{"rendered":"https:\/\/staviori.com.pl\/product\/bizuteria-inwestycyjna-bransoletka-bbd4005\/"},"modified":"2026-02-11T00:08:23","modified_gmt":"2026-02-10T23:08:23","slug":"bizuteria-inwestycyjna-bransoletka-bbd4005","status":"publish","type":"product","link":"https:\/\/staviori.com.pl\/cs\/product\/bizuteria-inwestycyjna-bransoletka-bbd4005\/","title":{"rendered":"Exkluzivn\u011b | Tyrkysov\u00fd diamantov\u00fd n\u00e1ramek - DSB0544N"},"content":{"rendered":"<p>Model: DSB0544N<br \/>\nWaga ok. 29,20g<\/p>\n<p>N\u00e1ramek 18 cm.<br \/>\nB\u00edl\u00e9 zlato 0,750.<\/p>\n<p>409 Diament\u00f3w, szlif brylantowy, o masie 3,63ct, barwa G-H, czysto\u015b\u0107 SI1.<br \/>\nEmalia w turkusowym kolorze.<\/p>\n<p>\u0160\u00ed\u0159ka 12,5 mm.<br \/>\nGrubo\u015b\u0107 8 mm.<\/p>\n<p><strong>Produkt je k dispozici pouze na vy\u017e\u00e1d\u00e1n\u00ed, doba dod\u00e1n\u00ed cca 5 t\u00fddn\u016f.<\/strong><\/p>","protected":false},"excerpt":{"rendered":"<p>\u00da\u017easn\u00fd n\u00e1ramek z 18kar\u00e1tov\u00e9ho b\u00edl\u00e9ho zlata 0.750, os\u00e1zen\u00fd 409 diamanty o celkov\u00e9 hmotnosti 3,63 ct (barva G-H, \u010dirost SI1). Jemn\u00fd lesk diamant\u016f je prolomen tyrkysov\u00fdm smaltem, kter\u00fd \u0161perku dod\u00e1v\u00e1 um\u011bleck\u00fd n\u00e1dech. Jiskra kamen\u016f kr\u00e1sn\u011b koresponduje s hladkost\u00ed smaltu a vytv\u00e1\u0159\u00ed harmonickou, luxusn\u00ed kompozici ide\u00e1ln\u00ed pro elegantn\u00ed styling.<\/p>","protected":false},"featured_media":529,"comment_status":"closed","ping_status":"closed","template":"","meta":{"om_disable_all_campaigns":false},"product_brand":[2284],"product_cat":[6893,43,1803],"product_tag":[2369],"class_list":{"0":"post-13358","1":"product","2":"type-product","3":"status-publish","4":"has-post-thumbnail","6":"product_brand-staviori","7":"product_cat-bransoletka","8":"product_cat-bransoletki","9":"product_cat-brylanty-exclusive","10":"product_tag-dsb0544n","11":"pa_barwa-g-h","12":"pa_czystosc-si1","13":"pa_grubosc-8mm","14":"pa_kamien-diamenty","15":"pa_kamien-brylanty","16":"pa_kamien-emalia","17":"pa_kolor-biale","18":"pa_kruszec-zloto","19":"pa_proba-0-750","20":"pa_szerokosc-12-5mm","21":"pa_waga-29-20g","23":"first","24":"onbackorder","25":"taxable","26":"shipping-taxable","27":"purchasable","28":"product-type-simple"},"aioseo_notices":[],"_links":{"self":[{"href":"https:\/\/staviori.com.pl\/cs\/wp-json\/wp\/v2\/product\/13358","targetHints":{"allow":["GET"]}}],"collection":[{"href":"https:\/\/staviori.com.pl\/cs\/wp-json\/wp\/v2\/product"}],"about":[{"href":"https:\/\/staviori.com.pl\/cs\/wp-json\/wp\/v2\/types\/product"}],"replies":[{"embeddable":true,"href":"https:\/\/staviori.com.pl\/cs\/wp-json\/wp\/v2\/comments?post=13358"}],"wp:featuredmedia":[{"embeddable":true,"href":"https:\/\/staviori.com.pl\/cs\/wp-json\/wp\/v2\/media\/529"}],"wp:attachment":[{"href":"https:\/\/staviori.com.pl\/cs\/wp-json\/wp\/v2\/media?parent=13358"}],"wp:term":[{"taxonomy":"product_brand","embeddable":true,"href":"https:\/\/staviori.com.pl\/cs\/wp-json\/wp\/v2\/product_brand?post=13358"},{"taxonomy":"product_cat","embeddable":true,"href":"https:\/\/staviori.com.pl\/cs\/wp-json\/wp\/v2\/product_cat?post=13358"},{"taxonomy":"product_tag","embeddable":true,"href":"https:\/\/staviori.com.pl\/cs\/wp-json\/wp\/v2\/product_tag?post=13358"}],"curies":[{"name":"wp","href":"https:\/\/api.w.org\/{rel}","templated":true}]}}