{"id":13357,"date":"2025-02-24T22:44:27","date_gmt":"2025-02-24T21:44:27","guid":{"rendered":"https:\/\/staviori.com.pl\/product\/bizuteria-inwestycyjna-bransoletka-bbd4004\/"},"modified":"2026-02-11T00:08:23","modified_gmt":"2026-02-10T23:08:23","slug":"bizuteria-inwestycyjna-bransoletka-bbd4004","status":"publish","type":"product","link":"https:\/\/staviori.com.pl\/cs\/product\/bizuteria-inwestycyjna-bransoletka-bbd4004\/","title":{"rendered":"Exkluzivn\u011b | Kr\u00e1sn\u00fd n\u00e1ramek s onyxem a diamanty - DSB0544"},"content":{"rendered":"<p>Model: DSB0544<br \/>\nWaga ok. 30,10g<\/p>\n<p>N\u00e1ramek 18 cm.<br \/>\nB\u00edl\u00e9 zlato 0,750.<br \/>\n409 Diament\u00f3w, szlif brylantowy, o masie 3,69 ct., barwa G-H, czysto\u015b\u0107 SI1.<br \/>\nOnyx.<\/p>\n<p>\u0160\u00ed\u0159ka 12,5 mm.<br \/>\nGrubo\u015b\u0107 8 mm.<\/p>\n<p><strong>Produkt je k dispozici pouze na vy\u017e\u00e1d\u00e1n\u00ed, doba dod\u00e1n\u00ed cca 5 t\u00fddn\u016f.<\/strong><\/p>","protected":false},"excerpt":{"rendered":"<p>Ol\u015bniewaj\u0105ca bransoleta z 18-karatowego bia\u0142ego z\u0142ota (pr\u00f3by 0,750), wysadzana 409 brylantami o \u0142\u0105cznej masie 3,69ct, kt\u00f3re otaczaj\u0105 g\u0142\u0119boki czarny onyks, tworz\u0105c efektowny kontrast.<br \/>\nSubtelna konstrukcja pi\u0119knie eksponuje l\u015bnienie kamieni, a po\u0142\u0105czenie diament\u00f3w z onyksem nadaje ca\u0142o\u015bci wyj\u0105tkowego, luksusowego charakteru.<br \/>\nIdealna do eleganckich stylizacji, doskonale podkre\u015bla wieczorowy szyk.<\/p>","protected":false},"featured_media":526,"comment_status":"closed","ping_status":"closed","template":"","meta":{"om_disable_all_campaigns":false},"product_brand":[2284],"product_cat":[6893,43,1803],"product_tag":[2338,2308,2293,2295,2301,2367,2280,2368,2332,2341],"class_list":{"0":"post-13357","1":"product","2":"type-product","3":"status-publish","4":"has-post-thumbnail","6":"product_brand-staviori","7":"product_cat-bransoletka","8":"product_cat-bransoletki","9":"product_cat-brylanty-exclusive","10":"product_tag-18k","11":"product_tag-biale-zloto","12":"product_tag-bizuteria-na-zamowienie","13":"product_tag-bransoleta","14":"product_tag-brylanty","15":"product_tag-dsb0544","16":"product_tag-luksusowa-bizuteria","17":"product_tag-onyks","18":"product_tag-prezent","19":"product_tag-zloto-750","20":"pa_barwa-g-h","21":"pa_czystosc-si1","22":"pa_grubosc-8mm","23":"pa_kamien-diamenty","24":"pa_kamien-brylanty","25":"pa_kamien-onyks","26":"pa_kolor-biale","27":"pa_kruszec-zloto","28":"pa_proba-0-750","29":"pa_szerokosc-12-5mm","30":"pa_waga-30-10g","32":"first","33":"onbackorder","34":"taxable","35":"shipping-taxable","36":"purchasable","37":"product-type-simple"},"aioseo_notices":[],"_links":{"self":[{"href":"https:\/\/staviori.com.pl\/cs\/wp-json\/wp\/v2\/product\/13357","targetHints":{"allow":["GET"]}}],"collection":[{"href":"https:\/\/staviori.com.pl\/cs\/wp-json\/wp\/v2\/product"}],"about":[{"href":"https:\/\/staviori.com.pl\/cs\/wp-json\/wp\/v2\/types\/product"}],"replies":[{"embeddable":true,"href":"https:\/\/staviori.com.pl\/cs\/wp-json\/wp\/v2\/comments?post=13357"}],"wp:featuredmedia":[{"embeddable":true,"href":"https:\/\/staviori.com.pl\/cs\/wp-json\/wp\/v2\/media\/526"}],"wp:attachment":[{"href":"https:\/\/staviori.com.pl\/cs\/wp-json\/wp\/v2\/media?parent=13357"}],"wp:term":[{"taxonomy":"product_brand","embeddable":true,"href":"https:\/\/staviori.com.pl\/cs\/wp-json\/wp\/v2\/product_brand?post=13357"},{"taxonomy":"product_cat","embeddable":true,"href":"https:\/\/staviori.com.pl\/cs\/wp-json\/wp\/v2\/product_cat?post=13357"},{"taxonomy":"product_tag","embeddable":true,"href":"https:\/\/staviori.com.pl\/cs\/wp-json\/wp\/v2\/product_tag?post=13357"}],"curies":[{"name":"wp","href":"https:\/\/api.w.org\/{rel}","templated":true}]}}