{"id":13354,"date":"2025-02-24T22:44:27","date_gmt":"2025-02-24T21:44:27","guid":{"rendered":"https:\/\/staviori.com.pl\/product\/bizuteria-inwestycyjna-bransoletka-bbd3984\/"},"modified":"2026-02-11T00:08:22","modified_gmt":"2026-02-10T23:08:22","slug":"bizuteria-inwestycyjna-bransoletka-bbd3984","status":"publish","type":"product","link":"https:\/\/staviori.com.pl\/cs\/product\/bizuteria-inwestycyjna-bransoletka-bbd3984\/","title":{"rendered":"Exkluzivn\u00ed | n\u00e1ramek s \u010dern\u00fdmi a b\u00edl\u00fdmi diamanty - DDB0756"},"content":{"rendered":"<p>Model: DDB0756<br \/>\nHmotnost p\u0159ibli\u017en\u011b 20,85 g<\/p>\n<p>N\u00e1ramek 18 cm.<br \/>\nB\u00edl\u00e9 zlato 0,750.<\/p>\n<p>117 diamant\u016f, briliantov\u00fd brus, hmotnost 5,11 ct, barva G-H, \u010distota SI1.<br \/>\n106 diamant\u016f, \u010dern\u00e9 barvy, briliantov\u00e9ho brusu, o hmotnosti 5,74 ct.<\/p>\n<p>\u0160\u00ed\u0159ka 10-14 mm.<br \/>\nTlou\u0161\u0165ka 4,2 mm.<\/p>\n<p><strong>Produkt je k dispozici pouze na vy\u017e\u00e1d\u00e1n\u00ed, doba dod\u00e1n\u00ed cca 5 t\u00fddn\u016f.<\/strong><\/p>\n<p>Mo\u017enost zm\u011bny zlat\u00e9 barvy.<\/p>","protected":false},"excerpt":{"rendered":"<p>Smysln\u00fd n\u00e1ramek z 18kar\u00e1tov\u00e9ho b\u00edl\u00e9ho zlata 0.750, os\u00e1zen\u00fd 117 b\u00edl\u00fdmi diamanty o celkov\u00e9 hmotnosti 5,11 ct a 106 \u010dern\u00fdmi diamanty o hmotnosti 5,74 ct. Kontrast \u010dern\u00e9 a b\u00edl\u00e9 barvy kamen\u016f vytv\u00e1\u0159\u00ed v\u00fdraznou, dramatickou kompozici, kter\u00e1 p\u0159itahuje pozornost a dod\u00e1v\u00e1 \u0161perku jedine\u010dn\u00fd charakter. Luxusn\u00ed design je zalo\u017een na harmonii lesku a hloubky, co\u017e z tohoto n\u00e1ramku \u010din\u00ed dokonal\u00fd akcent ve\u010dern\u00edho vzhledu a sofistikovan\u00fd d\u00e1rek pro znalce.<\/p>","protected":false},"featured_media":516,"comment_status":"closed","ping_status":"closed","template":"","meta":{"om_disable_all_campaigns":false},"product_brand":[2284],"product_cat":[6893,43,1803],"product_tag":[4482,6213,6214,6211,6212,2478,2386,2555,2341],"class_list":{"0":"post-13354","1":"product","2":"type-product","3":"status-publish","4":"has-post-thumbnail","6":"product_brand-staviori","7":"product_cat-bransoletka","8":"product_cat-bransoletki","9":"product_cat-brylanty-exclusive","10":"product_tag-18-karatowe-zloto","11":"product_tag-biale-brylanty","12":"product_tag-bizuteria-excslusive","13":"product_tag-brylantowa-bransoletka","14":"product_tag-brylanty-czarne-i-biale","15":"product_tag-czarne-brylanty","16":"product_tag-ddb0756","17":"product_tag-ekskluzywna-bizuteria","18":"product_tag-zloto-750","19":"pa_barwa-g-h","20":"pa_czystosc-si1","21":"pa_grubosc-4-2mm","22":"pa_kamien-biale-diamenty","23":"pa_kamien-czarne-diamenty","24":"pa_kolor-biale","25":"pa_kruszec-zloto","26":"pa_proba-0-750","27":"pa_rozmiar-18cm","28":"pa_szerokosc-10-14mm","29":"pa_waga-20-85g","31":"first","32":"onbackorder","33":"taxable","34":"shipping-taxable","35":"purchasable","36":"product-type-simple"},"aioseo_notices":[],"_links":{"self":[{"href":"https:\/\/staviori.com.pl\/cs\/wp-json\/wp\/v2\/product\/13354","targetHints":{"allow":["GET"]}}],"collection":[{"href":"https:\/\/staviori.com.pl\/cs\/wp-json\/wp\/v2\/product"}],"about":[{"href":"https:\/\/staviori.com.pl\/cs\/wp-json\/wp\/v2\/types\/product"}],"replies":[{"embeddable":true,"href":"https:\/\/staviori.com.pl\/cs\/wp-json\/wp\/v2\/comments?post=13354"}],"wp:featuredmedia":[{"embeddable":true,"href":"https:\/\/staviori.com.pl\/cs\/wp-json\/wp\/v2\/media\/516"}],"wp:attachment":[{"href":"https:\/\/staviori.com.pl\/cs\/wp-json\/wp\/v2\/media?parent=13354"}],"wp:term":[{"taxonomy":"product_brand","embeddable":true,"href":"https:\/\/staviori.com.pl\/cs\/wp-json\/wp\/v2\/product_brand?post=13354"},{"taxonomy":"product_cat","embeddable":true,"href":"https:\/\/staviori.com.pl\/cs\/wp-json\/wp\/v2\/product_cat?post=13354"},{"taxonomy":"product_tag","embeddable":true,"href":"https:\/\/staviori.com.pl\/cs\/wp-json\/wp\/v2\/product_tag?post=13354"}],"curies":[{"name":"wp","href":"https:\/\/api.w.org\/{rel}","templated":true}]}}