{"id":13352,"date":"2025-02-24T22:44:27","date_gmt":"2025-02-24T21:44:27","guid":{"rendered":"https:\/\/staviori.com.pl\/product\/bizuteria-inwestycyjna-bransoletka-bbd3982\/"},"modified":"2026-02-11T00:08:22","modified_gmt":"2026-02-10T23:08:22","slug":"bizuteria-inwestycyjna-bransoletka-bbd3982","status":"publish","type":"product","link":"https:\/\/staviori.com.pl\/cs\/product\/bizuteria-inwestycyjna-bransoletka-bbd3982\/","title":{"rendered":"Exkluzivn\u011b | Diamantov\u00fd n\u00e1ramek Princess - DDB0716"},"content":{"rendered":"<p>Model: DDB0716<br \/>\nWaga ok. 18,50g<\/p>\n<p>N\u00e1ramek 18 cm.<br \/>\nB\u00edl\u00e9 zlato 0,750.<br \/>\n269 Diament\u00f3w, szlif brylantowy, o masie 4,66 ct., barwa G-H, czysto\u015b\u0107 SI1.<br \/>\n7 Diament\u00f3w, szlif princessa, o masie 0,63 ct., barwa G-H, czysto\u015b\u0107 SI1.<\/p>\n<p>Szeroko\u015b\u0107 10 mm.<br \/>\nGrubo\u015b\u0107 3.9 mm.<\/p>\n<p><strong>Produkt je k dispozici pouze na vy\u017e\u00e1d\u00e1n\u00ed, doba dod\u00e1n\u00ed cca 5 t\u00fddn\u016f.<\/strong><\/p>","protected":false},"excerpt":{"rendered":"<p>Wyrafinowana bransoleta z 18-karatowego bia\u0142ego z\u0142ota pr\u00f3by 0,750, skomponowana z misternie po\u0142\u0105czonych paneli wysadzanych 269 brylantami o \u0142\u0105cznej masie 4,66 ct oraz 7 diamentami w szlifie princess o masie 0,63 ct (barwa G\u2013H, czysto\u015b\u0107 SI1). A\u017curowa, dwurz\u0119dowa konstrukcja tworzy lekki, koronkowy wz\u00f3r, w kt\u00f3rym geometryczne ogniwa z delikatnie l\u015bni\u0105cymi princessami przeplataj\u0105 si\u0119 z drobnymi brylantami, nadaj\u0105c ca\u0142o\u015bci nowoczesnego, a zarazem kobiecego charakteru.<\/p>","protected":false},"featured_media":510,"comment_status":"closed","ping_status":"closed","template":"","meta":{"om_disable_all_campaigns":false},"product_brand":[2284],"product_cat":[6893,43,1803],"product_tag":[2338,2308,2295,2301,2402,2280,2332,2403,2341],"class_list":{"0":"post-13352","1":"product","2":"type-product","3":"status-publish","4":"has-post-thumbnail","6":"product_brand-staviori","7":"product_cat-bransoletka","8":"product_cat-bransoletki","9":"product_cat-brylanty-exclusive","10":"product_tag-18k","11":"product_tag-biale-zloto","12":"product_tag-bransoleta","13":"product_tag-brylanty","14":"product_tag-ddb0716","15":"product_tag-luksusowa-bizuteria","16":"product_tag-prezent","17":"product_tag-princessa","18":"product_tag-zloto-750","19":"pa_barwa-g-h","20":"pa_czystosc-si1","21":"pa_grubosc-3-9mm","22":"pa_kamien-brylanty","23":"pa_kamien-diamenty-princessa","24":"pa_kolor-biale","25":"pa_kruszec-zloto","26":"pa_proba-0-750","27":"pa_rozmiar-18cm","28":"pa_szerokosc-10mm","29":"pa_waga-18-50g","31":"first","32":"onbackorder","33":"taxable","34":"shipping-taxable","35":"purchasable","36":"product-type-simple"},"aioseo_notices":[],"_links":{"self":[{"href":"https:\/\/staviori.com.pl\/cs\/wp-json\/wp\/v2\/product\/13352","targetHints":{"allow":["GET"]}}],"collection":[{"href":"https:\/\/staviori.com.pl\/cs\/wp-json\/wp\/v2\/product"}],"about":[{"href":"https:\/\/staviori.com.pl\/cs\/wp-json\/wp\/v2\/types\/product"}],"replies":[{"embeddable":true,"href":"https:\/\/staviori.com.pl\/cs\/wp-json\/wp\/v2\/comments?post=13352"}],"wp:featuredmedia":[{"embeddable":true,"href":"https:\/\/staviori.com.pl\/cs\/wp-json\/wp\/v2\/media\/510"}],"wp:attachment":[{"href":"https:\/\/staviori.com.pl\/cs\/wp-json\/wp\/v2\/media?parent=13352"}],"wp:term":[{"taxonomy":"product_brand","embeddable":true,"href":"https:\/\/staviori.com.pl\/cs\/wp-json\/wp\/v2\/product_brand?post=13352"},{"taxonomy":"product_cat","embeddable":true,"href":"https:\/\/staviori.com.pl\/cs\/wp-json\/wp\/v2\/product_cat?post=13352"},{"taxonomy":"product_tag","embeddable":true,"href":"https:\/\/staviori.com.pl\/cs\/wp-json\/wp\/v2\/product_tag?post=13352"}],"curies":[{"name":"wp","href":"https:\/\/api.w.org\/{rel}","templated":true}]}}