{"id":13350,"date":"2025-02-24T22:44:27","date_gmt":"2025-02-24T21:44:27","guid":{"rendered":"https:\/\/staviori.com.pl\/product\/bizuteria-inwestycyjna-bransoletka-bbd3980\/"},"modified":"2026-02-11T00:08:22","modified_gmt":"2026-02-10T23:08:22","slug":"bizuteria-inwestycyjna-bransoletka-bbd3980","status":"publish","type":"product","link":"https:\/\/staviori.com.pl\/cs\/product\/bizuteria-inwestycyjna-bransoletka-bbd3980\/","title":{"rendered":"Exkluzivn\u011b | Kr\u00e1sn\u00fd a\u017eurov\u00fd diamantov\u00fd n\u00e1ramek - DDB0645"},"content":{"rendered":"<p>Model: DDB0645<br \/>\nWaga ok. 27,40g<\/p>\n<p>N\u00e1ramek 18 cm.<br \/>\nB\u00edl\u00e9 zlato 0,750.<br \/>\n662 Diamenty, szlif brylantowy, o masie 8,61 ct., barwa G-H, czysto\u015b\u0107 SI1.<\/p>\n<p>\u0160\u00ed\u0159ka 11 mm.<br \/>\nTlou\u0161\u0165ka 4,2 mm.<\/p>\n<p><strong>Produkt je k dispozici pouze na vy\u017e\u00e1d\u00e1n\u00ed, doba dod\u00e1n\u00ed cca 5 t\u00fddn\u016f.<\/strong><\/p>","protected":false},"excerpt":{"rendered":"<p>Geometrick\u00fd n\u00e1ramek z 18kar\u00e1tov\u00e9ho b\u00edl\u00e9ho zlata 0.750, kter\u00fd se skl\u00e1d\u00e1 z 18 \u010dtvercov\u00fdch desti\u010dek os\u00e1zen\u00fdch 662 diamanty o celkov\u00e9 hmotnosti 8,61 ct (barva G-H, ryzost SI1). Slo\u017eit\u011b uspo\u0159\u00e1dan\u00e9 \u010dl\u00e1nky tvo\u0159\u00ed otev\u0159enou m\u0159\u00ed\u017ekovitou strukturu, v n\u00ed\u017e je ka\u017ed\u00fd \u010dtverec ozdoben jemnou k\u0159\u00ed\u017eovou kompozic\u00ed men\u0161\u00edch kamen\u016f. Tento modern\u00ed a z\u00e1rove\u0148 elegantn\u00ed design dod\u00e1 charakter ve\u010dern\u00edmu i ka\u017edodenn\u00edmu vzhledu.<\/p>","protected":false},"featured_media":504,"comment_status":"closed","ping_status":"closed","template":"","meta":{"om_disable_all_campaigns":false},"product_brand":[2284],"product_cat":[6893,43,1803],"product_tag":[2346,2338,2308,2293,2295,2301,2397,2398,2280,2332,2341],"class_list":{"0":"post-13350","1":"product","2":"type-product","3":"status-publish","4":"has-post-thumbnail","6":"product_brand-staviori","7":"product_cat-bransoletka","8":"product_cat-bransoletki","9":"product_cat-brylanty-exclusive","10":"product_tag-18-cm","11":"product_tag-18k","12":"product_tag-biale-zloto","13":"product_tag-bizuteria-na-zamowienie","14":"product_tag-bransoleta","15":"product_tag-brylanty","16":"product_tag-ddb0645","17":"product_tag-geometryczna-bransoleta","18":"product_tag-luksusowa-bizuteria","19":"product_tag-prezent","20":"product_tag-zloto-750","21":"pa_barwa-g-h","22":"pa_czystosc-si1","23":"pa_grubosc-4-2mm","24":"pa_kamien-diamenty","25":"pa_kamien-brylanty","26":"pa_kolor-biale","27":"pa_kruszec-zloto","28":"pa_proba-0-750","29":"pa_rozmiar-18cm","30":"pa_szerokosc-11mm","31":"pa_waga-27-40g","33":"first","34":"onbackorder","35":"taxable","36":"shipping-taxable","37":"purchasable","38":"product-type-simple"},"aioseo_notices":[],"_links":{"self":[{"href":"https:\/\/staviori.com.pl\/cs\/wp-json\/wp\/v2\/product\/13350","targetHints":{"allow":["GET"]}}],"collection":[{"href":"https:\/\/staviori.com.pl\/cs\/wp-json\/wp\/v2\/product"}],"about":[{"href":"https:\/\/staviori.com.pl\/cs\/wp-json\/wp\/v2\/types\/product"}],"replies":[{"embeddable":true,"href":"https:\/\/staviori.com.pl\/cs\/wp-json\/wp\/v2\/comments?post=13350"}],"wp:featuredmedia":[{"embeddable":true,"href":"https:\/\/staviori.com.pl\/cs\/wp-json\/wp\/v2\/media\/504"}],"wp:attachment":[{"href":"https:\/\/staviori.com.pl\/cs\/wp-json\/wp\/v2\/media?parent=13350"}],"wp:term":[{"taxonomy":"product_brand","embeddable":true,"href":"https:\/\/staviori.com.pl\/cs\/wp-json\/wp\/v2\/product_brand?post=13350"},{"taxonomy":"product_cat","embeddable":true,"href":"https:\/\/staviori.com.pl\/cs\/wp-json\/wp\/v2\/product_cat?post=13350"},{"taxonomy":"product_tag","embeddable":true,"href":"https:\/\/staviori.com.pl\/cs\/wp-json\/wp\/v2\/product_tag?post=13350"}],"curies":[{"name":"wp","href":"https:\/\/api.w.org\/{rel}","templated":true}]}}