{"id":13349,"date":"2025-02-24T22:44:27","date_gmt":"2025-02-24T21:44:27","guid":{"rendered":"https:\/\/staviori.com.pl\/product\/bizuteria-inwestycyjna-bransoletka-bbd3967\/"},"modified":"2026-02-11T00:08:22","modified_gmt":"2026-02-10T23:08:22","slug":"bizuteria-inwestycyjna-bransoletka-bbd3967","status":"publish","type":"product","link":"https:\/\/staviori.com.pl\/cs\/product\/bizuteria-inwestycyjna-bransoletka-bbd3967\/","title":{"rendered":"Exclusive | Otev\u0159en\u00fd n\u00e1ramek s perlami a diamanty - DSB0374"},"content":{"rendered":"<p>Model: DSB0374<br \/>\nWaga ok. 28,17g<\/p>\n<p>N\u00e1ramek 19 cm.<br \/>\nB\u00edl\u00e9 zlato 0,750.<br \/>\n154 Diamenty, szlif brylantowy, o masie 1,79ct, barwa G-H, czysto\u015b\u0107 SI1.<br \/>\n4 Per\u0142y Morskie Naturalne. Jako\u015b\u0107 A &#8211; bia\u0142e<\/p>\n<p>\u015arednica 11.5 mm.<br \/>\nSzeroko\u015b\u0107 9-6 mm.<\/p>\n<p><strong>Produkt je k dispozici pouze na vy\u017e\u00e1d\u00e1n\u00ed, doba dod\u00e1n\u00ed cca 5 t\u00fddn\u016f.<\/strong><\/p>","protected":false},"excerpt":{"rendered":"<p>Wyj\u0105tkowa bransoleta z 18-karatowego bia\u0142ego z\u0142ota pr\u00f3by 0,750, wysadzana 154 brylantami o \u0142\u0105cznej masie 1,79 ct (barwa G\u2013H, czysto\u015b\u0107 SI1) oraz czterema naturalnymi per\u0142ami morskimi najwy\u017cszej jako\u015bci A. Po\u0142\u0105czenie l\u015bni\u0105cych diament\u00f3w i subtelnego po\u0142ysku per\u0142y tworzy harmonijn\u0105 kompozycj\u0119, kt\u00f3ra emanuje kobiec\u0105 delikatno\u015bci\u0105 i luksusem. Idealna na specjalne okazje, dodaje szyku i elegancji ka\u017cdej stylizacji.<\/p>","protected":false},"featured_media":501,"comment_status":"closed","ping_status":"closed","template":"","meta":{"om_disable_all_campaigns":false},"product_brand":[2284],"product_cat":[6893,43,1803],"product_tag":[2338,2308,2293,2295,2296,2395,2280,2396,2332,2341],"class_list":{"0":"post-13349","1":"product","2":"type-product","3":"status-publish","4":"has-post-thumbnail","6":"product_brand-staviori","7":"product_cat-bransoletka","8":"product_cat-bransoletki","9":"product_cat-brylanty-exclusive","10":"product_tag-18k","11":"product_tag-biale-zloto","12":"product_tag-bizuteria-na-zamowienie","13":"product_tag-bransoleta","14":"product_tag-diamenty","15":"product_tag-dsb0374","16":"product_tag-luksusowa-bizuteria","17":"product_tag-perly-morskie","18":"product_tag-prezent","19":"product_tag-zloto-750","20":"pa_barwa-g-h","21":"pa_czystosc-si1","22":"pa_kamien-diamenty","23":"pa_kamien-brylanty","24":"pa_kamien-perly-naturalne","25":"pa_kamien-perly-naturalne-morskie","26":"pa_kolor-biale","27":"pa_kruszec-zloto","28":"pa_proba-0-750","29":"pa_rozmiar-19cm","30":"pa_srednica-11-5mm","31":"pa_szerokosc-9-6mm","32":"pa_waga-28-17g","34":"first","35":"onbackorder","36":"taxable","37":"shipping-taxable","38":"purchasable","39":"product-type-simple"},"aioseo_notices":[],"_links":{"self":[{"href":"https:\/\/staviori.com.pl\/cs\/wp-json\/wp\/v2\/product\/13349","targetHints":{"allow":["GET"]}}],"collection":[{"href":"https:\/\/staviori.com.pl\/cs\/wp-json\/wp\/v2\/product"}],"about":[{"href":"https:\/\/staviori.com.pl\/cs\/wp-json\/wp\/v2\/types\/product"}],"replies":[{"embeddable":true,"href":"https:\/\/staviori.com.pl\/cs\/wp-json\/wp\/v2\/comments?post=13349"}],"wp:featuredmedia":[{"embeddable":true,"href":"https:\/\/staviori.com.pl\/cs\/wp-json\/wp\/v2\/media\/501"}],"wp:attachment":[{"href":"https:\/\/staviori.com.pl\/cs\/wp-json\/wp\/v2\/media?parent=13349"}],"wp:term":[{"taxonomy":"product_brand","embeddable":true,"href":"https:\/\/staviori.com.pl\/cs\/wp-json\/wp\/v2\/product_brand?post=13349"},{"taxonomy":"product_cat","embeddable":true,"href":"https:\/\/staviori.com.pl\/cs\/wp-json\/wp\/v2\/product_cat?post=13349"},{"taxonomy":"product_tag","embeddable":true,"href":"https:\/\/staviori.com.pl\/cs\/wp-json\/wp\/v2\/product_tag?post=13349"}],"curies":[{"name":"wp","href":"https:\/\/api.w.org\/{rel}","templated":true}]}}