{"id":13347,"date":"2025-02-24T22:44:27","date_gmt":"2025-02-24T21:44:27","guid":{"rendered":"https:\/\/staviori.com.pl\/product\/bizuteria-inwestycyjna-bransoletka-bbd3964\/"},"modified":"2026-02-11T00:08:21","modified_gmt":"2026-02-10T23:08:21","slug":"bizuteria-inwestycyjna-bransoletka-bbd3964","status":"publish","type":"product","link":"https:\/\/staviori.com.pl\/cs\/product\/bizuteria-inwestycyjna-bransoletka-bbd3964\/","title":{"rendered":"Exkluzivn\u011b | N\u00e1dhern\u00fd diamantov\u00fd n\u00e1ramek s ma\u0161l\u00ed - Staviori"},"content":{"rendered":"<p>Model: DDB0704<br \/>\nHmotnost p\u0159ibli\u017en\u011b 36,40 g<\/p>\n<p>N\u00e1ramek 18 cm.<br \/>\nB\u00edl\u00e9 zlato 0,750.<br \/>\n360 diamant\u016f, briliantov\u00fd brus, hmotnost 9,84 ct, barva G-H, \u010distota SI1.<\/p>\n<p>Rozm\u011bry 50 \u00d7 17 mm.<br \/>\n\u0160\u00ed\u0159ka 8,6-6,2 mm.<br \/>\nTlou\u0161\u0165ka 11,4 mm.<\/p>\n<p><strong>Produkt je k dispozici pouze na vy\u017e\u00e1d\u00e1n\u00ed, doba dod\u00e1n\u00ed cca 5 t\u00fddn\u016f.<\/strong><\/p>\n<p>Mo\u017enost zm\u011bny zlat\u00e9 barvy.<\/p>","protected":false},"excerpt":{"rendered":"<p>Okouzluj\u00edc\u00ed n\u00e1ramek ve tvaru ma\u0161le, vyroben\u00fd z 18kar\u00e1tov\u00e9ho b\u00edl\u00e9ho zlata 0.750. Bohat\u011b zdoben\u00fd 360 diamanty o celkov\u00e9 hmotnosti 9,84 ct (barva G-H, ryzost SI1), kter\u00e9 jemn\u011b rozptyluj\u00ed sv\u011btlo a dod\u00e1vaj\u00ed designu jedine\u010dnou lehkost a \u0161arm. Motiv ma\u0161le zd\u016fraz\u0148uje \u017eenskou jemnost a \u010din\u00ed ze \u0161perku nejen dopln\u011bk, ale tak\u00e9 vyj\u00e1d\u0159en\u00ed individu\u00e1ln\u00edho stylu.<\/p>","protected":false},"featured_media":484,"comment_status":"closed","ping_status":"closed","template":"","meta":{"om_disable_all_campaigns":false},"product_brand":[2284],"product_cat":[6893,43,1803],"product_tag":[2338,2308,2293,2295,2301,2390,2391,2280,2332,2341],"class_list":{"0":"post-13347","1":"product","2":"type-product","3":"status-publish","4":"has-post-thumbnail","6":"product_brand-staviori","7":"product_cat-bransoletka","8":"product_cat-bransoletki","9":"product_cat-brylanty-exclusive","10":"product_tag-18k","11":"product_tag-biale-zloto","12":"product_tag-bizuteria-na-zamowienie","13":"product_tag-bransoleta","14":"product_tag-brylanty","15":"product_tag-ddb0704","16":"product_tag-kokarda","17":"product_tag-luksusowa-bizuteria","18":"product_tag-prezent","19":"product_tag-zloto-750","20":"pa_barwa-g-h","21":"pa_czystosc-si1","22":"pa_kamien-diamenty","23":"pa_kamien-brylanty","24":"pa_kolor-biale","25":"pa_kruszec-zloto","26":"pa_proba-0-750","27":"pa_rozmiar-18cm","28":"pa_szerokosc-8-6-6-2mm","29":"pa_waga-36-40g","30":"pa_wymiary-50x17mm","32":"first","33":"onbackorder","34":"taxable","35":"shipping-taxable","36":"purchasable","37":"product-type-simple"},"aioseo_notices":[],"_links":{"self":[{"href":"https:\/\/staviori.com.pl\/cs\/wp-json\/wp\/v2\/product\/13347","targetHints":{"allow":["GET"]}}],"collection":[{"href":"https:\/\/staviori.com.pl\/cs\/wp-json\/wp\/v2\/product"}],"about":[{"href":"https:\/\/staviori.com.pl\/cs\/wp-json\/wp\/v2\/types\/product"}],"replies":[{"embeddable":true,"href":"https:\/\/staviori.com.pl\/cs\/wp-json\/wp\/v2\/comments?post=13347"}],"wp:featuredmedia":[{"embeddable":true,"href":"https:\/\/staviori.com.pl\/cs\/wp-json\/wp\/v2\/media\/484"}],"wp:attachment":[{"href":"https:\/\/staviori.com.pl\/cs\/wp-json\/wp\/v2\/media?parent=13347"}],"wp:term":[{"taxonomy":"product_brand","embeddable":true,"href":"https:\/\/staviori.com.pl\/cs\/wp-json\/wp\/v2\/product_brand?post=13347"},{"taxonomy":"product_cat","embeddable":true,"href":"https:\/\/staviori.com.pl\/cs\/wp-json\/wp\/v2\/product_cat?post=13347"},{"taxonomy":"product_tag","embeddable":true,"href":"https:\/\/staviori.com.pl\/cs\/wp-json\/wp\/v2\/product_tag?post=13347"}],"curies":[{"name":"wp","href":"https:\/\/api.w.org\/{rel}","templated":true}]}}