{"id":13344,"date":"2025-02-24T22:44:22","date_gmt":"2025-02-24T21:44:22","guid":{"rendered":"https:\/\/staviori.com.pl\/product\/bizuteria-inwestycyjna-bransoletka-bbd3513\/"},"modified":"2026-02-11T00:08:21","modified_gmt":"2026-02-10T23:08:21","slug":"bizuteria-inwestycyjna-bransoletka-bbd3513","status":"publish","type":"product","link":"https:\/\/staviori.com.pl\/cs\/product\/bizuteria-inwestycyjna-bransoletka-bbd3513\/","title":{"rendered":"Exkluzivn\u00ed | N\u00e1ramek s \u010dern\u00fdmi diamanty - DDB0692"},"content":{"rendered":"<p>Model: DDB0692<br \/>\nWaga ok. 30,00g<\/p>\n<p>N\u00e1ramek 18 cm.<br \/>\nB\u00edl\u00e9 zlato 0,750.<br \/>\n234 Diamenty, szlif brylantowy, o masie 1,36ct, barwa G-H, czysto\u015b\u0107 SI1.<br \/>\n362 Diamenty, kolor czarny, szlif brylantowy, o masie 4,05ct.<\/p>\n<p><strong>Produkt je k dispozici pouze na vy\u017e\u00e1d\u00e1n\u00ed, doba dod\u00e1n\u00ed cca 4 t\u00fddny.<\/strong><\/p>","protected":false},"excerpt":{"rendered":"<p>Niezwykle solidna bransoleta o d\u0142ugo\u015bci 18 cm, wykonana z najwy\u017cszej pr\u00f3by bia\u0142ego z\u0142ota 0,750. Misternie zdobiona a\u017c 234 brylantami o \u0142\u0105cznej masie 1,36 ct (barwa G-H, czysto\u015b\u0107 SI1) oraz 362 czarnymi diamentami o masie 4,05 ct, kt\u00f3re razem tworz\u0105 efektowny kontrast i podkre\u015blaj\u0105 luksusowy charakter projektu. Subtelny, lecz wyrazisty design sprawia, \u017ce bransoleta idealnie dope\u0142ni zar\u00f3wno wieczorowe stylizacje, jak i te na co dzie\u0144, nadaj\u0105c im niepowtarzalnego blasku.<\/p>","protected":false},"featured_media":478,"comment_status":"closed","ping_status":"closed","template":"","meta":{"om_disable_all_campaigns":false},"product_brand":[2284],"product_cat":[6893,43,1803],"product_tag":[2308,2326,2295,2319,2325,2296,2298,2280,2291],"class_list":{"0":"post-13344","1":"product","2":"type-product","3":"status-publish","4":"has-post-thumbnail","6":"product_brand-staviori","7":"product_cat-bransoletka","8":"product_cat-bransoletki","9":"product_cat-brylanty-exclusive","10":"product_tag-biale-zloto","11":"product_tag-bizuteria-z-diamentami","12":"product_tag-bransoleta","13":"product_tag-czarne-diamenty","14":"product_tag-ddb0692","15":"product_tag-diamenty","16":"product_tag-elegancka-bransoleta","17":"product_tag-luksusowa-bizuteria","18":"product_tag-prezent-dla-niej","19":"pa_barwa-g-h","20":"pa_czystosc-si1","21":"pa_kamien-diamenty-diamenty","22":"pa_kolor-biale","23":"pa_kruszec-zloto","24":"pa_proba-0-750","25":"pa_rozmiar-18cm","26":"pa_waga-30-00g","28":"first","29":"onbackorder","30":"taxable","31":"shipping-taxable","32":"purchasable","33":"product-type-simple"},"aioseo_notices":[],"_links":{"self":[{"href":"https:\/\/staviori.com.pl\/cs\/wp-json\/wp\/v2\/product\/13344","targetHints":{"allow":["GET"]}}],"collection":[{"href":"https:\/\/staviori.com.pl\/cs\/wp-json\/wp\/v2\/product"}],"about":[{"href":"https:\/\/staviori.com.pl\/cs\/wp-json\/wp\/v2\/types\/product"}],"replies":[{"embeddable":true,"href":"https:\/\/staviori.com.pl\/cs\/wp-json\/wp\/v2\/comments?post=13344"}],"wp:featuredmedia":[{"embeddable":true,"href":"https:\/\/staviori.com.pl\/cs\/wp-json\/wp\/v2\/media\/478"}],"wp:attachment":[{"href":"https:\/\/staviori.com.pl\/cs\/wp-json\/wp\/v2\/media?parent=13344"}],"wp:term":[{"taxonomy":"product_brand","embeddable":true,"href":"https:\/\/staviori.com.pl\/cs\/wp-json\/wp\/v2\/product_brand?post=13344"},{"taxonomy":"product_cat","embeddable":true,"href":"https:\/\/staviori.com.pl\/cs\/wp-json\/wp\/v2\/product_cat?post=13344"},{"taxonomy":"product_tag","embeddable":true,"href":"https:\/\/staviori.com.pl\/cs\/wp-json\/wp\/v2\/product_tag?post=13344"}],"curies":[{"name":"wp","href":"https:\/\/api.w.org\/{rel}","templated":true}]}}