{"id":13341,"date":"2025-02-24T22:44:22","date_gmt":"2025-02-24T21:44:22","guid":{"rendered":"https:\/\/staviori.com.pl\/product\/bizuteria-inwestycyjna-bransoletka-bbd2520\/"},"modified":"2026-02-11T00:08:21","modified_gmt":"2026-02-10T23:08:21","slug":"bizuteria-inwestycyjna-bransoletka-bbd2520","status":"publish","type":"product","link":"https:\/\/staviori.com.pl\/cs\/product\/bizuteria-inwestycyjna-bransoletka-bbd2520\/","title":{"rendered":"Exkluzivn\u011b | Kr\u00e1sn\u00fd diamantov\u00fd n\u00e1ramek z 18kar\u00e1tov\u00e9ho zlata - DDB0436"},"content":{"rendered":"<p>Model: DDB0436<br \/>\nWaga ok. 18,00g<\/p>\n<p>N\u00e1ramek 19 cm.<br \/>\nB\u00edl\u00e9 zlato 0,750.<br \/>\n405 Diament\u00f3w, szlif brylantowy, o masie 3,48ct, barwa G, czysto\u015b\u0107 SI1.<br \/>\n37 Diament\u00f3w, szlif bagieta, o masie 0,35ct, barwa G, czysto\u015b\u0107 SI1.<br \/>\nSzeroko\u015b\u0107 oko\u0142o 6.4-8.4 mm.<\/p>\n<p><strong>Produkt je k dispozici pouze na vy\u017e\u00e1d\u00e1n\u00ed, doba dod\u00e1n\u00ed cca 4 t\u00fddny.<\/strong><\/p>","protected":false},"excerpt":{"rendered":"<p>Model: DDB0436 Waga ok. 18,00g Bransoleta 19 cm. Bia\u0142e Z\u0142oto 0,750. 405 Diament\u00f3w, szlif brylantowy, o masie 3,48ct, barwa G, czysto\u015b\u0107 SI1. 37 Diament\u00f3w, szlif bagieta, o masie 0,35ct, barwa G, czysto\u015b\u0107 SI1. Szeroko\u015b\u0107 oko\u0142o 6.4-8.4 mm. Produkt dost\u0119pny wy\u0142\u0105cznie na zam\u00f3wienie, czas realizacji ok. 4 tygodnie.<\/p>","protected":false},"featured_media":457,"comment_status":"closed","ping_status":"closed","template":"","meta":{"om_disable_all_campaigns":false},"product_brand":[2284],"product_cat":[6893,43,1803],"product_tag":[2314,2313,2312,2315,2317,2316],"class_list":{"0":"post-13341","1":"product","2":"type-product","3":"status-publish","4":"has-post-thumbnail","6":"product_brand-staviori","7":"product_cat-bransoletka","8":"product_cat-bransoletki","9":"product_cat-brylanty-exclusive","10":"product_tag-bransoleta-biale-zloto","11":"product_tag-bransoleta-z-diamentami","12":"product_tag-ddb0436","13":"product_tag-diamentowa-bizuteria","14":"product_tag-elegancka-bizuteria","15":"product_tag-luksusowa-bransoleta","16":"pa_barwa-g","17":"pa_czystosc-si1","18":"pa_kamien-diamentow-diamentow","19":"pa_kolor-biale","20":"pa_kruszec-zloto","21":"pa_proba-0-750","22":"pa_rozmiar-19cm","23":"pa_szerokosc-6-4-8-4mm","24":"pa_waga-18-00g","26":"first","27":"onbackorder","28":"purchasable","29":"product-type-simple"},"aioseo_notices":[],"_links":{"self":[{"href":"https:\/\/staviori.com.pl\/cs\/wp-json\/wp\/v2\/product\/13341","targetHints":{"allow":["GET"]}}],"collection":[{"href":"https:\/\/staviori.com.pl\/cs\/wp-json\/wp\/v2\/product"}],"about":[{"href":"https:\/\/staviori.com.pl\/cs\/wp-json\/wp\/v2\/types\/product"}],"replies":[{"embeddable":true,"href":"https:\/\/staviori.com.pl\/cs\/wp-json\/wp\/v2\/comments?post=13341"}],"wp:featuredmedia":[{"embeddable":true,"href":"https:\/\/staviori.com.pl\/cs\/wp-json\/wp\/v2\/media\/457"}],"wp:attachment":[{"href":"https:\/\/staviori.com.pl\/cs\/wp-json\/wp\/v2\/media?parent=13341"}],"wp:term":[{"taxonomy":"product_brand","embeddable":true,"href":"https:\/\/staviori.com.pl\/cs\/wp-json\/wp\/v2\/product_brand?post=13341"},{"taxonomy":"product_cat","embeddable":true,"href":"https:\/\/staviori.com.pl\/cs\/wp-json\/wp\/v2\/product_cat?post=13341"},{"taxonomy":"product_tag","embeddable":true,"href":"https:\/\/staviori.com.pl\/cs\/wp-json\/wp\/v2\/product_tag?post=13341"}],"curies":[{"name":"wp","href":"https:\/\/api.w.org\/{rel}","templated":true}]}}