{"id":13339,"date":"2025-02-24T22:44:22","date_gmt":"2025-02-24T21:44:22","guid":{"rendered":"https:\/\/staviori.com.pl\/product\/bizuteria-inwestycyjna-bransoletka-bbd2053\/"},"modified":"2026-02-11T00:08:21","modified_gmt":"2026-02-10T23:08:21","slug":"bizuteria-inwestycyjna-bransoletka-bbd2053","status":"publish","type":"product","link":"https:\/\/staviori.com.pl\/cs\/product\/bizuteria-inwestycyjna-bransoletka-bbd2053\/","title":{"rendered":"Exkluzivn\u00ed | 750 n\u00e1ramek z b\u00edl\u00e9ho zlata s diamanty - model DDB0001"},"content":{"rendered":"<p>Model: DDB0001<br \/>\nWaga ok. 22,00g<\/p>\n<p>N\u00e1ramek 18 cm.<br \/>\nB\u00edl\u00e9 zlato 0,585.<br \/>\n80 Diament\u00f3w, szlif brylantowy, o masie 2,80 ct., barwa G-H, czysto\u015b\u0107 SI1.<br \/>\n\u0160\u00ed\u0159ka 30 mm.<\/p>\n<p><strong>Produkt je k dispozici pouze na vy\u017e\u00e1d\u00e1n\u00ed, doba dod\u00e1n\u00ed cca 4 t\u00fddny.<\/strong><\/p>","protected":false},"excerpt":{"rendered":"<p>V\u00fdjime\u010dn\u00fd 18 cm dlouh\u00fd a\u017eurov\u00fd n\u00e1ramek z b\u00edl\u00e9ho zlata o ryzosti 0,585 vzorku, zdoben\u00fd 80 diamanty o celkov\u00e9 hmotnosti 2,80 ct (barva G-H, ryzost SI1). N\u00e1ramek m\u011b\u0159\u00ed na \u0161\u00ed\u0159ku \u00factyhodn\u00fdch 30 mm a zaujme sv\u00fdm slo\u017eit\u00fdm designem a origin\u00e1ln\u00edm, neobvykl\u00fdm zap\u00edn\u00e1n\u00edm, kter\u00e9 podtrhuje jeho um\u011bleck\u00fd charakter. Luxusn\u00ed model spojuje \u0161perka\u0159skou tradici s modern\u00edm designem, ide\u00e1ln\u00ed pro slavnostn\u00ed p\u0159\u00edle\u017eitosti.<\/p>","protected":false},"featured_media":16806,"comment_status":"closed","ping_status":"closed","template":"","meta":{"om_disable_all_campaigns":false},"product_brand":[2284],"product_cat":[6893,43,1803],"product_tag":[2302,2300,2295,2301,2305,2304,2280,2303,2291],"class_list":{"0":"post-13339","1":"product","2":"type-product","3":"status-publish","4":"has-post-thumbnail","6":"product_brand-staviori","7":"product_cat-bransoletka","8":"product_cat-bransoletki","9":"product_cat-brylanty-exclusive","10":"product_tag-azurowa","11":"product_tag-biale-zloto-14k","12":"product_tag-bransoleta","13":"product_tag-brylanty","14":"product_tag-ddb0001","15":"product_tag-ekskluzywny-design","16":"product_tag-luksusowa-bizuteria","17":"product_tag-nietypowe-zapiecie","18":"product_tag-prezent-dla-niej","19":"pa_barwa-g-h","20":"pa_czystosc-si1","21":"pa_kamien-diamentow","22":"pa_kolor-biale","23":"pa_kruszec-zloto","24":"pa_proba-0-585","25":"pa_rozmiar-18cm","26":"pa_szerokosc-30mm","27":"pa_waga-22-00g","29":"first","30":"onbackorder","31":"purchasable","32":"product-type-simple"},"aioseo_notices":[],"_links":{"self":[{"href":"https:\/\/staviori.com.pl\/cs\/wp-json\/wp\/v2\/product\/13339","targetHints":{"allow":["GET"]}}],"collection":[{"href":"https:\/\/staviori.com.pl\/cs\/wp-json\/wp\/v2\/product"}],"about":[{"href":"https:\/\/staviori.com.pl\/cs\/wp-json\/wp\/v2\/types\/product"}],"replies":[{"embeddable":true,"href":"https:\/\/staviori.com.pl\/cs\/wp-json\/wp\/v2\/comments?post=13339"}],"wp:featuredmedia":[{"embeddable":true,"href":"https:\/\/staviori.com.pl\/cs\/wp-json\/wp\/v2\/media\/16806"}],"wp:attachment":[{"href":"https:\/\/staviori.com.pl\/cs\/wp-json\/wp\/v2\/media?parent=13339"}],"wp:term":[{"taxonomy":"product_brand","embeddable":true,"href":"https:\/\/staviori.com.pl\/cs\/wp-json\/wp\/v2\/product_brand?post=13339"},{"taxonomy":"product_cat","embeddable":true,"href":"https:\/\/staviori.com.pl\/cs\/wp-json\/wp\/v2\/product_cat?post=13339"},{"taxonomy":"product_tag","embeddable":true,"href":"https:\/\/staviori.com.pl\/cs\/wp-json\/wp\/v2\/product_tag?post=13339"}],"curies":[{"name":"wp","href":"https:\/\/api.w.org\/{rel}","templated":true}]}}