{"id":13338,"date":"2025-02-24T22:44:22","date_gmt":"2025-02-24T21:44:22","guid":{"rendered":"https:\/\/staviori.com.pl\/product\/bizuteria-inwestycyjna-bransoletka-bbd1852\/"},"modified":"2026-02-11T00:08:21","modified_gmt":"2026-02-10T23:08:21","slug":"bizuteria-inwestycyjna-bransoletka-bbd1852","status":"publish","type":"product","link":"https:\/\/staviori.com.pl\/cs\/product\/bizuteria-inwestycyjna-bransoletka-bbd1852\/","title":{"rendered":"Exclusive | N\u00e1ramek z b\u00edl\u00e9ho zlata se saf\u00edry - model DSB0206S"},"content":{"rendered":"<p>Model: DSB0206S<br \/>\nWaga ok. 11,43g<\/p>\n<p>N\u00e1ramek 18 cm.<br \/>\nB\u00edl\u00e9 zlato 0,750.<br \/>\n26 Diament\u00f3w, szlif brylantowy, o masie 0,83 ct., barwa G-H, czysto\u015b\u0107 SI1.<br \/>\n26 Szafir\u00f3w, o masie 13,46 ct..<br \/>\nSzeroko\u015b\u0107 4.3 mm.<br \/>\nGrubo\u015b\u0107 3.7 mm.<\/p>\n<p><strong>Produkt je k dispozici pouze na vy\u017e\u00e1d\u00e1n\u00ed, doba dod\u00e1n\u00ed cca 4 t\u00fddny.<\/strong><\/p>","protected":false},"excerpt":{"rendered":"<p>Przepi\u0119kna bransoleta wykonana z 18 cm bia\u0142ego z\u0142ota pr\u00f3by 0,750, ozdobiona 26 l\u015bni\u0105cymi diamentami o \u0142\u0105cznej masie 0,83 ct (barwa G-H, czysto\u015b\u0107 SI1) oraz 26 g\u0142\u0119bokoniebieskimi szafirami wa\u017c\u0105cymi 13,46 ct. Subtelna szeroko\u015b\u0107 4,3 mm i grubo\u015b\u0107 3,7 mm nadaj\u0105 jej lekko\u015b\u0107, a jednocze\u015bnie wyj\u0105tkow\u0105 wytrzyma\u0142o\u015b\u0107. Ten elegancki model \u0142\u0105czy blask diament\u00f3w z intensywn\u0105 barw\u0105 szafir\u00f3w, tworz\u0105c efektown\u0105 kompozycj\u0119 idealn\u0105 na wyj\u0105tkowe okazje.<\/p>","protected":false},"featured_media":435,"comment_status":"closed","ping_status":"closed","template":"","meta":{"om_disable_all_campaigns":false},"product_brand":[2284],"product_cat":[6893,43,1803],"product_tag":[2278,2295,2296,2299,2298,2280,2291,2297],"class_list":{"0":"post-13338","1":"product","2":"type-product","3":"status-publish","4":"has-post-thumbnail","6":"product_brand-staviori","7":"product_cat-bransoletka","8":"product_cat-bransoletki","9":"product_cat-brylanty-exclusive","10":"product_tag-biale-zloto-18k","11":"product_tag-bransoleta","12":"product_tag-diamenty","13":"product_tag-dsb0206s","14":"product_tag-elegancka-bransoleta","15":"product_tag-luksusowa-bizuteria","16":"product_tag-prezent-dla-niej","17":"product_tag-szafiry","18":"pa_barwa-g-h","19":"pa_czystosc-si1","20":"pa_dostawca-draco","21":"pa_grubosc-3-7mm","22":"pa_kamien-diamentow-szafirow","23":"pa_kolor-biale","24":"pa_kruszec-zloto","25":"pa_proba-0-750","26":"pa_rozmiar-18cm","27":"pa_szerokosc-4-3mm","28":"pa_waga-11-43g","30":"first","31":"onbackorder","32":"taxable","33":"shipping-taxable","34":"purchasable","35":"product-type-simple"},"aioseo_notices":[],"_links":{"self":[{"href":"https:\/\/staviori.com.pl\/cs\/wp-json\/wp\/v2\/product\/13338","targetHints":{"allow":["GET"]}}],"collection":[{"href":"https:\/\/staviori.com.pl\/cs\/wp-json\/wp\/v2\/product"}],"about":[{"href":"https:\/\/staviori.com.pl\/cs\/wp-json\/wp\/v2\/types\/product"}],"replies":[{"embeddable":true,"href":"https:\/\/staviori.com.pl\/cs\/wp-json\/wp\/v2\/comments?post=13338"}],"wp:featuredmedia":[{"embeddable":true,"href":"https:\/\/staviori.com.pl\/cs\/wp-json\/wp\/v2\/media\/435"}],"wp:attachment":[{"href":"https:\/\/staviori.com.pl\/cs\/wp-json\/wp\/v2\/media?parent=13338"}],"wp:term":[{"taxonomy":"product_brand","embeddable":true,"href":"https:\/\/staviori.com.pl\/cs\/wp-json\/wp\/v2\/product_brand?post=13338"},{"taxonomy":"product_cat","embeddable":true,"href":"https:\/\/staviori.com.pl\/cs\/wp-json\/wp\/v2\/product_cat?post=13338"},{"taxonomy":"product_tag","embeddable":true,"href":"https:\/\/staviori.com.pl\/cs\/wp-json\/wp\/v2\/product_tag?post=13338"}],"curies":[{"name":"wp","href":"https:\/\/api.w.org\/{rel}","templated":true}]}}