{"id":13337,"date":"2025-02-24T22:44:22","date_gmt":"2025-02-24T21:44:22","guid":{"rendered":"https:\/\/staviori.com.pl\/product\/bizuteria-inwestycyjna-bransoletka-bbd1851\/"},"modified":"2026-02-11T00:08:21","modified_gmt":"2026-02-10T23:08:21","slug":"bizuteria-inwestycyjna-bransoletka-bbd1851","status":"publish","type":"product","link":"https:\/\/staviori.com.pl\/cs\/product\/bizuteria-inwestycyjna-bransoletka-bbd1851\/","title":{"rendered":"Exclusive | N\u00e1ramek z b\u00edl\u00e9ho zlata s rub\u00edny a diamanty - DSB0179"},"content":{"rendered":"<p>Model: DSB0179<br \/>\nHmotnost p\u0159ibli\u017en\u011b 11,20 g<\/p>\n<p>N\u00e1ramek 18 cm.<br \/>\nB\u00edl\u00e9 zlato 0,750.<br \/>\n68 diamant\u016f, briliantov\u00fd brus, hmotnost 0,68 ct, barva G-H, \u010distota SI1.<br \/>\n34 rub\u00edn\u016f o hmotnosti 4,73 ct.<br \/>\n\u0160\u00ed\u0159ka 3,5 mm.<\/p>\n<p><strong>Produkt je k dispozici pouze na vy\u017e\u00e1d\u00e1n\u00ed, doba dod\u00e1n\u00ed cca 4 t\u00fddny.<\/strong><\/p>","protected":false},"excerpt":{"rendered":"<p>N\u00e1ramek z b\u00edl\u00e9ho zlata s rub\u00edny je \u0161perk vytvo\u0159en\u00fd pro \u017eeny, kter\u00e9 si cen\u00ed rafinovan\u00e9 elegance. Je vyroben z 18kar\u00e1tov\u00e9ho b\u00edl\u00e9ho zlata a zdob\u00ed ho 34 rub\u00edn\u016f o v\u00e1ze 4,73 ct a 68 diamant\u016f o celkov\u00e9 v\u00e1ze 0,68 ct, kter\u00e9 mu dod\u00e1vaj\u00ed neuv\u011b\u0159iteln\u00fd lesk. D\u00edky jemn\u00e9 \u0161\u00ed\u0159ce 3,5 mm p\u016fsob\u00ed n\u00e1ramek jemn\u011b a luxusn\u011b z\u00e1rove\u0148. N\u00e1ramek z b\u00edl\u00e9ho zlata s rub\u00edny je ide\u00e1ln\u00ed volbou pro speci\u00e1ln\u00ed d\u00e1rek nebo jako sou\u010d\u00e1st luxusn\u00ed kolekce \u0161perk\u016f.<\/p>","protected":false},"featured_media":430,"comment_status":"closed","ping_status":"closed","template":"","meta":{"om_disable_all_campaigns":false},"product_brand":[2284],"product_cat":[6893,43,1803,1392],"product_tag":[2278,2293,2288,2292,2287,2286,2294,2289,2291,2290],"class_list":{"0":"post-13337","1":"product","2":"type-product","3":"status-publish","4":"has-post-thumbnail","6":"product_brand-staviori","7":"product_cat-bransoletka","8":"product_cat-bransoletki","9":"product_cat-brylanty-exclusive","10":"product_cat-damskie","11":"product_tag-biale-zloto-18k","12":"product_tag-bizuteria-na-zamowienie","13":"product_tag-bizuteria-z-rubinami","14":"product_tag-bransoletka-premium","15":"product_tag-bransoletka-z-bialego-zlota","16":"product_tag-bransoletka-z-rubinami","17":"product_tag-dsb0179","18":"product_tag-ekskluzywna-bransoletka","19":"product_tag-prezent-dla-niej","20":"product_tag-rubiny-i-diamenty","21":"pa_barwa-g-h","22":"pa_czystosc-si1","23":"pa_kamien-diamentow-rubiny","24":"pa_kolor-biale","25":"pa_kruszec-zloto","26":"pa_proba-0-750","27":"pa_rozmiar-18cm","28":"pa_szerokosc-3-5mm","29":"pa_waga-11-20g","31":"first","32":"onbackorder","33":"sold-individually","34":"taxable","35":"shipping-taxable","36":"purchasable","37":"product-type-simple"},"aioseo_notices":[],"_links":{"self":[{"href":"https:\/\/staviori.com.pl\/cs\/wp-json\/wp\/v2\/product\/13337","targetHints":{"allow":["GET"]}}],"collection":[{"href":"https:\/\/staviori.com.pl\/cs\/wp-json\/wp\/v2\/product"}],"about":[{"href":"https:\/\/staviori.com.pl\/cs\/wp-json\/wp\/v2\/types\/product"}],"replies":[{"embeddable":true,"href":"https:\/\/staviori.com.pl\/cs\/wp-json\/wp\/v2\/comments?post=13337"}],"wp:featuredmedia":[{"embeddable":true,"href":"https:\/\/staviori.com.pl\/cs\/wp-json\/wp\/v2\/media\/430"}],"wp:attachment":[{"href":"https:\/\/staviori.com.pl\/cs\/wp-json\/wp\/v2\/media?parent=13337"}],"wp:term":[{"taxonomy":"product_brand","embeddable":true,"href":"https:\/\/staviori.com.pl\/cs\/wp-json\/wp\/v2\/product_brand?post=13337"},{"taxonomy":"product_cat","embeddable":true,"href":"https:\/\/staviori.com.pl\/cs\/wp-json\/wp\/v2\/product_cat?post=13337"},{"taxonomy":"product_tag","embeddable":true,"href":"https:\/\/staviori.com.pl\/cs\/wp-json\/wp\/v2\/product_tag?post=13337"}],"curies":[{"name":"wp","href":"https:\/\/api.w.org\/{rel}","templated":true}]}}