{"id":13331,"date":"2025-02-24T22:44:22","date_gmt":"2025-02-24T21:44:22","guid":{"rendered":"https:\/\/staviori.com.pl\/product\/bizuteria-inwestycyjna-bransoletka-bbd1762\/"},"modified":"2026-02-11T00:08:21","modified_gmt":"2026-02-10T23:08:21","slug":"bizuteria-inwestycyjna-bransoletka-bbd1762","status":"publish","type":"product","link":"https:\/\/staviori.com.pl\/cs\/product\/bizuteria-inwestycyjna-bransoletka-bbd1762\/","title":{"rendered":"Exkluzivn\u00ed | p\u016fsobiv\u00fd \u0161irok\u00fd n\u00e1ramek s diamanty - DDB0333"},"content":{"rendered":"<p>Model: DDB0333<br \/>\nHmotnost p\u0159ibli\u017en\u011b 68,00 g<\/p>\n<p>N\u00e1ramek 18 cm.<br \/>\nB\u00edl\u00e9 zlato 0,750.<br \/>\n1242 diamant\u016f, briliantov\u00fd brus, hmotnost 23,65 ct, barva G-H, \u010distota SI1.<br \/>\n\u0160\u00ed\u0159ka 36 mm.<br \/>\nTlou\u0161\u0165ka 2,1-3,5 mm.<br \/>\nSamostatn\u011b nastaviteln\u00e1 d\u00e9lka.<\/p>\n<p><strong>Produkt je k dispozici pouze na vy\u017e\u00e1d\u00e1n\u00ed, doba dod\u00e1n\u00ed cca 5 t\u00fddn\u016f.<\/strong><\/p>","protected":false},"excerpt":{"rendered":"<p>Model: DDB0333 Waga ok. 68,00g Bransoleta 18 cm. Bia\u0142e Z\u0142oto 0,750. 1242 Diamenty, szlif brylantowy, o masie 23,65 ct., barwa G-H, czysto\u015b\u0107 SI1. Szeroko\u015b\u0107 36 mm. Grubo\u015b\u0107 2.1-3.5 mm. Mo\u017cliwo\u015b\u0107 samodzielnej regulacji d\u0142ugo\u015bci. Produkt dost\u0119pny wy\u0142\u0105cznie na zam\u00f3wienie, czas realizacji ok. 5 tygodni.<\/p>","protected":false},"featured_media":400,"comment_status":"closed","ping_status":"closed","template":"","meta":{"om_disable_all_campaigns":false},"product_brand":[2284],"product_cat":[6893,43,1803],"product_tag":[2346,2338,2308,2293,2295,2301,2349,2280,2332,2341],"class_list":{"0":"post-13331","1":"product","2":"type-product","3":"status-publish","4":"has-post-thumbnail","6":"product_brand-staviori","7":"product_cat-bransoletka","8":"product_cat-bransoletki","9":"product_cat-brylanty-exclusive","10":"product_tag-18-cm","11":"product_tag-18k","12":"product_tag-biale-zloto","13":"product_tag-bizuteria-na-zamowienie","14":"product_tag-bransoleta","15":"product_tag-brylanty","16":"product_tag-ddb0333","17":"product_tag-luksusowa-bizuteria","18":"product_tag-prezent","19":"product_tag-zloto-750","20":"pa_barwa-g-h","21":"pa_czystosc-si1","22":"pa_grubosc-2-1-3-5mm","23":"pa_kamien-diamenty","24":"pa_kolor-biale","25":"pa_kruszec-zloto","26":"pa_proba-0-750","27":"pa_rozmiar-18cm","28":"pa_szerokosc-36mm","29":"pa_waga-68-00g","31":"first","32":"onbackorder","33":"taxable","34":"shipping-taxable","35":"purchasable","36":"product-type-simple"},"aioseo_notices":[],"_links":{"self":[{"href":"https:\/\/staviori.com.pl\/cs\/wp-json\/wp\/v2\/product\/13331","targetHints":{"allow":["GET"]}}],"collection":[{"href":"https:\/\/staviori.com.pl\/cs\/wp-json\/wp\/v2\/product"}],"about":[{"href":"https:\/\/staviori.com.pl\/cs\/wp-json\/wp\/v2\/types\/product"}],"replies":[{"embeddable":true,"href":"https:\/\/staviori.com.pl\/cs\/wp-json\/wp\/v2\/comments?post=13331"}],"wp:featuredmedia":[{"embeddable":true,"href":"https:\/\/staviori.com.pl\/cs\/wp-json\/wp\/v2\/media\/400"}],"wp:attachment":[{"href":"https:\/\/staviori.com.pl\/cs\/wp-json\/wp\/v2\/media?parent=13331"}],"wp:term":[{"taxonomy":"product_brand","embeddable":true,"href":"https:\/\/staviori.com.pl\/cs\/wp-json\/wp\/v2\/product_brand?post=13331"},{"taxonomy":"product_cat","embeddable":true,"href":"https:\/\/staviori.com.pl\/cs\/wp-json\/wp\/v2\/product_cat?post=13331"},{"taxonomy":"product_tag","embeddable":true,"href":"https:\/\/staviori.com.pl\/cs\/wp-json\/wp\/v2\/product_tag?post=13331"}],"curies":[{"name":"wp","href":"https:\/\/api.w.org\/{rel}","templated":true}]}}