{"id":9347,"date":"2023-04-26T19:54:11","date_gmt":"2023-04-26T17:54:11","guid":{"rendered":"https:\/\/staviori.com.pl\/?page_id=9347"},"modified":"2023-04-26T19:55:33","modified_gmt":"2023-04-26T17:55:33","slug":"polityka-cookies","status":"publish","type":"page","link":"https:\/\/staviori.com.pl\/cs\/polityka-cookies\/","title":{"rendered":"Z\u00e1sady pou\u017e\u00edv\u00e1n\u00ed soubor\u016f cookie"},"content":{"rendered":"<section class=\"section\" id=\"section_5627574\">\n\t\t<div class=\"section-bg fill\" >\n\t\t\t\t\t\t\t\t\t\n\t\t\t\n\n\t\t<\/div>\n\n\t\t\n\n\t\t<div class=\"section-content relative\">\n\t\t\t\n\n<div class=\"row align-center\"  id=\"row-885832491\">\n\n\n\t<div id=\"col-443598752\" class=\"col medium-11 small-12 large-11\"  >\n\t\t\t\t<div class=\"col-inner\"  >\n\t\t\t\n\t\t\t\n\n<h2>Z\u00e1sady pou\u017e\u00edv\u00e1n\u00ed soubor\u016f cookie<\/h2>\n<div class=\"is-divider divider clearfix\" ><\/div>\n\n\t<div id=\"text-4156494355\" class=\"text\">\n\t\t\n\n<p>Co jsou to soubory cookie?<br>Soubory cookie jsou \u00fadaje IT, zejm\u00e9na textov\u00e9 soubory, kter\u00e9 se ukl\u00e1daj\u00ed do koncov\u00fdch za\u0159\u00edzen\u00ed u\u017eivatel\u016f za \u00fa\u010delem pou\u017e\u00edv\u00e1n\u00ed webov\u00fdch str\u00e1nek. Tyto soubory cookie umo\u017e\u0148uj\u00ed webov\u00fdm str\u00e1nk\u00e1m rozpoznat za\u0159\u00edzen\u00ed u\u017eivatele a podle toho zobrazit webov\u00e9 str\u00e1nky p\u0159izp\u016fsoben\u00e9 individu\u00e1ln\u00edm preferenc\u00edm u\u017eivatele. \"Cookies\" obvykle obsahuj\u00ed n\u00e1zev webov\u00e9 str\u00e1nky, ze kter\u00e9 poch\u00e1zej\u00ed, dobu, po kterou jsou ulo\u017eeny v koncov\u00e9m za\u0159\u00edzen\u00ed, a jedine\u010dn\u00e9 \u010d\u00edslo.<\/p>\n<p>2 K \u010demu pou\u017e\u00edv\u00e1me soubory cookie?<br>Soubory cookie se pou\u017e\u00edvaj\u00ed k p\u0159izp\u016fsoben\u00ed obsahu webov\u00fdch str\u00e1nek preferenc\u00edm u\u017eivatele a k optimalizaci pou\u017e\u00edv\u00e1n\u00ed webov\u00fdch str\u00e1nek. Pou\u017e\u00edvaj\u00ed se tak\u00e9 k vytv\u00e1\u0159en\u00ed anonymn\u00edch souhrnn\u00fdch statistik, kter\u00e9 pom\u00e1haj\u00ed pochopit, jak u\u017eivatel pou\u017e\u00edv\u00e1 webov\u00e9 str\u00e1nky, co\u017e umo\u017e\u0148uje zlep\u0161it jejich strukturu a obsah, s vylou\u010den\u00edm osobn\u00ed identifikace u\u017eivatele.<\/p>\n<p>3 Jak\u00e9 soubory cookie pou\u017e\u00edv\u00e1me?<br>Pou\u017e\u00edvaj\u00ed se dva typy soubor\u016f cookie - \"rela\u010dn\u00ed\" a \"trval\u00e9\". Prvn\u00ed z nich jsou do\u010dasn\u00e9 soubory, kter\u00e9 z\u016fst\u00e1vaj\u00ed v za\u0159\u00edzen\u00ed u\u017eivatele, dokud se u\u017eivatel neodhl\u00e1s\u00ed z webov\u00e9 str\u00e1nky nebo nevypne software (webov\u00fd prohl\u00ed\u017ee\u010d). \"Trval\u00e9\" soubory z\u016fst\u00e1vaj\u00ed v za\u0159\u00edzen\u00ed u\u017eivatele po dobu uvedenou v parametrech \"cookies\" nebo dokud je u\u017eivatel ru\u010dn\u011b nesma\u017ee. \"Cookies\" pou\u017e\u00edvan\u00e9 partnery provozovatele webov\u00fdch str\u00e1nek, mezi n\u011b\u017e pat\u0159\u00ed zejm\u00e9na u\u017eivatel\u00e9 webov\u00fdch str\u00e1nek, podl\u00e9haj\u00ed jejich vlastn\u00edm z\u00e1sad\u00e1m ochrany osobn\u00edch \u00fadaj\u016f.<\/p>\n<p>4 Zda soubory cookie obsahuj\u00ed osobn\u00ed \u00fadaje<br>Osobn\u00ed \u00fadaje shrom\u00e1\u017ed\u011bn\u00e9 pomoc\u00ed soubor\u016f cookie mohou b\u00fdt shroma\u017e\u010fov\u00e1ny pouze za \u00fa\u010delem pln\u011bn\u00ed konkr\u00e9tn\u00edch funkc\u00ed pro u\u017eivatele. Tyto \u00fadaje jsou \u0161ifrov\u00e1ny tak, aby k nim nem\u011bly p\u0159\u00edstup neopr\u00e1vn\u011bn\u00e9 osoby.<\/p>\n<p>5 Odstran\u011bn\u00ed soubor\u016f cookie<br>V\u00e1\u0161 software pro prohl\u00ed\u017een\u00ed webov\u00fdch str\u00e1nek ve v\u00fdchoz\u00edm nastaven\u00ed umo\u017e\u0148uje ukl\u00e1d\u00e1n\u00ed soubor\u016f cookie do va\u0161eho koncov\u00e9ho za\u0159\u00edzen\u00ed. Toto nastaven\u00ed lze zm\u011bnit tak, abyste v nastaven\u00ed sv\u00e9ho webov\u00e9ho prohl\u00ed\u017ee\u010de zablokovali automatick\u00e9 zpracov\u00e1n\u00ed \"cookies\" nebo v\u00e1s informovali p\u0159i ka\u017ed\u00e9m jejich odesl\u00e1n\u00ed do va\u0161eho za\u0159\u00edzen\u00ed. Podrobn\u00e9 informace o mo\u017enostech a zp\u016fsobech nakl\u00e1d\u00e1n\u00ed se soubory \"cookies\" jsou k dispozici v nastaven\u00ed va\u0161eho softwaru (webov\u00e9ho prohl\u00ed\u017ee\u010de). Omezen\u00ed pou\u017e\u00edv\u00e1n\u00ed \"cookies\" m\u016f\u017ee ovlivnit n\u011bkter\u00e9 funkce dostupn\u00e9 na webov\u00fdch str\u00e1nk\u00e1ch.<\/p>\n\t\t\n<style>\n#text-4156494355 {\n  font-size: 0.95rem;\n}\n<\/style>\n\t<\/div>\n\t\n\n\t\t<\/div>\n\t\t\t\t\t<\/div>\n\n\t\n\n<\/div>\n\n\t\t<\/div>\n\n\t\t\n<style>\n#section_5627574 {\n  padding-top: 30px;\n  padding-bottom: 30px;\n}\n<\/style>\n\t<\/section>","protected":false},"excerpt":{"rendered":"","protected":false},"author":1,"featured_media":0,"parent":0,"menu_order":0,"comment_status":"closed","ping_status":"closed","template":"page-blank.php","meta":{"om_disable_all_campaigns":false,"footnotes":""},"class_list":["post-9347","page","type-page","status-publish","hentry"],"aioseo_notices":[],"_links":{"self":[{"href":"https:\/\/staviori.com.pl\/cs\/wp-json\/wp\/v2\/pages\/9347","targetHints":{"allow":["GET"]}}],"collection":[{"href":"https:\/\/staviori.com.pl\/cs\/wp-json\/wp\/v2\/pages"}],"about":[{"href":"https:\/\/staviori.com.pl\/cs\/wp-json\/wp\/v2\/types\/page"}],"author":[{"embeddable":true,"href":"https:\/\/staviori.com.pl\/cs\/wp-json\/wp\/v2\/users\/1"}],"replies":[{"embeddable":true,"href":"https:\/\/staviori.com.pl\/cs\/wp-json\/wp\/v2\/comments?post=9347"}],"version-history":[{"count":3,"href":"https:\/\/staviori.com.pl\/cs\/wp-json\/wp\/v2\/pages\/9347\/revisions"}],"predecessor-version":[{"id":9350,"href":"https:\/\/staviori.com.pl\/cs\/wp-json\/wp\/v2\/pages\/9347\/revisions\/9350"}],"wp:attachment":[{"href":"https:\/\/staviori.com.pl\/cs\/wp-json\/wp\/v2\/media?parent=9347"}],"curies":[{"name":"wp","href":"https:\/\/api.w.org\/{rel}","templated":true}]}}