{"id":9334,"date":"2023-04-26T19:45:44","date_gmt":"2023-04-26T17:45:44","guid":{"rendered":"https:\/\/staviori.com.pl\/?page_id=9334"},"modified":"2025-11-30T17:44:14","modified_gmt":"2025-11-30T16:44:14","slug":"polityka-prywatnosci","status":"publish","type":"page","link":"https:\/\/staviori.com.pl\/cs\/polityka-prywatnosci\/","title":{"rendered":"Z\u00e1sady ochrany osobn\u00edch \u00fadaj\u016f"},"content":{"rendered":"<section class=\"section\" id=\"section_1947380885\">\n\t\t<div class=\"section-bg fill\" >\n\t\t\t\t\t\t\t\t\t\n\t\t\t\n\n\t\t<\/div>\n\n\t\t\n\n\t\t<div class=\"section-content relative\">\n\t\t\t\n\n<div class=\"row align-center\"  id=\"row-1331944913\">\n\n\n\t<div id=\"col-1514429725\" class=\"col medium-11 small-12 large-11\"  >\n\t\t\t\t<div class=\"col-inner\"  >\n\t\t\t\n\t\t\t\n\n<h2>Z\u00e1sady ochrany osobn\u00edch \u00fadaj\u016f<\/h2>\n<div class=\"is-divider divider clearfix\" ><\/div>\n\n\t<div id=\"text-2537022620\" class=\"text\">\n\t\t\n\n<p>Bezpe\u010dnost a transparentnost na\u0161ich slu\u017eeb je pro n\u00e1s velmi d\u016fle\u017eit\u00e1. Jasn\u011b uv\u00e1d\u00edme podm\u00ednky jej\u00edho provozov\u00e1n\u00ed a uv\u00e1d\u00edme na\u0161i aktu\u00e1ln\u00ed adresu, telefonn\u00ed \u010d\u00edsla a e-mailov\u00e9 adresy. Poskytujeme p\u0159esn\u00e9 informace o z\u00e1ru\u010dn\u00edch lh\u016ft\u00e1ch a vysv\u011btlujeme, jak u n\u00e1s uplatnit reklamaci a jak zakoupen\u00e9 zbo\u017e\u00ed vr\u00e1tit. Velk\u00fd d\u016fraz klademe tak\u00e9 na kvalitu prod\u00e1van\u00fdch v\u00fdrobk\u016f a spr\u00e1vn\u00fd zp\u016fsob dod\u00e1n\u00ed.<\/p>\n<p>Z\u00e1sady ochrany osobn\u00edch \u00fadaj\u016f jsou m\u00edstem, kde se dozv\u00edte, kdo je spr\u00e1vcem va\u0161ich osobn\u00edch \u00fadaj\u016f, za jak\u00fdm \u00fa\u010delem, v jak\u00e9m rozsahu a jak dlouho budou zpracov\u00e1v\u00e1ny. D\u00e1le se dozv\u00edte, komu a za jak\u00fdch podm\u00ednek m\u016f\u017eeme va\u0161e \u00fadaje p\u0159ed\u00e1vat a jak\u00e1 m\u00e1te pr\u00e1va v souvislosti se zpracov\u00e1n\u00edm va\u0161ich \u00fadaj\u016f.<\/p>\n<p>Tyto z\u00e1sady ochrany osobn\u00edch \u00fadaj\u016f jsme vytvo\u0159ili tak, abyste v nich na\u0161li v\u0161echny pot\u0159ebn\u00e9 informace vy\u017eadovan\u00e9 na\u0159\u00edzen\u00edm Evropsk\u00e9ho parlamentu a Rady (EU) 2016\/679 ze dne 27. dubna 2016 o ochran\u011b fyzick\u00fdch osob v souvislosti se zpracov\u00e1n\u00edm osobn\u00edch \u00fadaj\u016f a o voln\u00e9m pohybu t\u011bchto \u00fadaj\u016f, kter\u00e9 se za\u010dne uplat\u0148ovat 25. kv\u011btna 2018. (\"RODO\").<\/p>\n<p>Kdykoli se n\u00ed\u017ee zmi\u0148ujeme o \u00fadaj\u00edch, m\u00e1me na mysli osobn\u00ed \u00fadaje, kter\u00e9 n\u00e1m poskytnete nebo kter\u00e9 z\u00edsk\u00e1me z jin\u00fdch zdroj\u016f, jako je va\u0161e jm\u00e9no, e-mailov\u00e1 adresa nebo telefonn\u00ed \u010d\u00edslo.<\/p>\n<h1 data-start=\"428\" data-end=\"491\"><strong data-start=\"430\" data-end=\"491\">Z\u00c1SADY OCHRANY OSOBN\u00cdCH \u00daDAJ\u016e - Staviori \/ INFINITY Dawid Namy\u015blak<\/strong><\/h1>\n<p data-start=\"493\" data-end=\"673\"><em data-start=\"493\" data-end=\"525\">Plat\u00ed od: [zadejte datum].<\/em><br data-start=\"525\" data-end=\"528\" \/><em data-start=\"528\" data-end=\"673\">Dokument v souladu se z\u00e1konem RODO, z\u00e1konem o elektronick\u00fdch slu\u017eb\u00e1ch, z\u00e1konem o pr\u00e1vech spot\u0159ebitel\u016f a pokyny pro soubory cookie.<\/em><\/p>\n<hr data-start=\"675\" data-end=\"678\" \/>\n<h1 data-start=\"680\" data-end=\"706\"><strong data-start=\"682\" data-end=\"706\">1. Obecn\u00e9 informace<\/strong><\/h1>\n<p data-start=\"708\" data-end=\"947\">Tyto z\u00e1sady ochrany osobn\u00edch \u00fadaj\u016f stanov\u00ed pravidla pro zpracov\u00e1n\u00ed va\u0161ich osobn\u00edch \u00fadaj\u016f p\u0159i pou\u017e\u00edv\u00e1n\u00ed webov\u00fdch str\u00e1nek. <strong data-start=\"836\" data-end=\"851\">staviori.co.uk<\/strong> a dal\u0161\u00ed souvisej\u00edc\u00ed dom\u00e9ny provozovan\u00e9 spole\u010dnost\u00ed <strong data-start=\"901\" data-end=\"928\">INFINITY Dawid Namy\u015blak<\/strong>zapsan\u00e9 v CEIDG:<\/p>\n<p data-start=\"949\" data-end=\"1078\"><strong data-start=\"949\" data-end=\"974\">Spr\u00e1vce \u00fadaj\u016f:<\/strong><br data-start=\"974\" data-end=\"977\" \/>INFINITY Dawid Namy\u015blak<br data-start=\"1000\" data-end=\"1003\" \/>Jeleniog\u00f3rska 16<br data-start=\"1023\" data-end=\"1026\" \/>60-179 Pozna\u0148<br data-start=\"1039\" data-end=\"1042\" \/>NIP: 7772573745<br data-start=\"1057\" data-end=\"1060\" \/>REGON: 301254472<\/p>\n<p data-start=\"1080\" data-end=\"1281\">Spr\u00e1vce provozuje internetov\u00fd obchod s drah\u00fdmi kovy, \u0161perky a luxusn\u00edmi v\u00fdrobky a poskytuje dal\u0161\u00ed slu\u017eby (nap\u0159. zas\u00edl\u00e1n\u00ed newsletteru, slu\u017eby spojen\u00e9 s veden\u00edm \u00fa\u010dtu, personalizace v\u00fdrobk\u016f).<\/p>\n<hr data-start=\"1283\" data-end=\"1286\" \/>\n<h1 data-start=\"1288\" data-end=\"1352\"><strong data-start=\"1290\" data-end=\"1352\">2. Jak n\u00e1s m\u016f\u017eete kontaktovat ohledn\u011b sv\u00fdch osobn\u00edch \u00fadaj\u016f<\/strong><\/h1>\n<p data-start=\"1354\" data-end=\"1493\">Ve v\u0161ech z\u00e1le\u017eitostech t\u00fdkaj\u00edc\u00edch se va\u0161ich osobn\u00edch \u00fadaj\u016f se m\u016f\u017eete obr\u00e1tit na spr\u00e1vce nebo ur\u010den\u00e9ho pov\u011b\u0159ence pro ochranu osobn\u00edch \u00fadaj\u016f:<\/p>\n<p data-start=\"1495\" data-end=\"1628\">\u2709 <strong data-start=\"1497\" data-end=\"1518\"><a class=\"decorated-link cursor-pointer\" rel=\"noopener\" data-start=\"1499\" data-end=\"1516\">iodo@staviori.pl<\/a><\/strong><br data-start=\"1518\" data-end=\"1521\" \/>\ud83d\udcec INFINITY Dawid Namy\u015blak, ul. Jeleniog\u00f3rska 16, 60-179 Pozna\u0144<br data-start=\"1584\" data-end=\"1587\" \/>(s dodatkem: <em data-start=\"1599\" data-end=\"1627\">\"ochrana osobn\u00edch \u00fadaj\u016f\"<\/em>)<\/p>\n<hr data-start=\"1630\" data-end=\"1633\" \/>\n<h1 data-start=\"1635\" data-end=\"1667\"><strong data-start=\"1637\" data-end=\"1667\">3 Jak\u00e9 \u00fadaje zpracov\u00e1v\u00e1me<\/strong><\/h1>\n<p data-start=\"1669\" data-end=\"1755\">Zpracov\u00e1v\u00e1me pouze \u00fadaje nezbytn\u00e9 pro konkr\u00e9tn\u00ed \u00fa\u010del, zejm\u00e9na:<\/p>\n<h3 data-start=\"1757\" data-end=\"1796\"><strong data-start=\"1761\" data-end=\"1796\">\u00dadaje poskytnut\u00e9 u\u017eivatelem<\/strong><\/h3>\n<ul data-start=\"1797\" data-end=\"2061\">\n<li data-start=\"1797\" data-end=\"1817\">\n<p data-start=\"1799\" data-end=\"1817\">n\u00e1zev,<\/p>\n<\/li>\n<li data-start=\"1818\" data-end=\"1851\">\n<p data-start=\"1820\" data-end=\"1851\">adresa bydli\u0161t\u011b \/ doru\u010dovac\u00ed adresa,<\/p>\n<\/li>\n<li data-start=\"1852\" data-end=\"1869\">\n<p data-start=\"1854\" data-end=\"1869\">e-mailov\u00e1 adresa,<\/p>\n<\/li>\n<li data-start=\"1870\" data-end=\"1889\">\n<p data-start=\"1872\" data-end=\"1889\">telefonn\u00ed \u010d\u00edslo,<\/p>\n<\/li>\n<li data-start=\"1890\" data-end=\"1910\">\n<p data-start=\"1892\" data-end=\"1910\">\u00fadaje o objedn\u00e1vce,<\/p>\n<\/li>\n<li data-start=\"1911\" data-end=\"1999\">\n<p data-start=\"1913\" data-end=\"1999\">platebn\u00ed \u00fadaje (pouze ty, kter\u00e9 skute\u010dn\u011b obdr\u017e\u00edme - \u017e\u00e1dn\u00e9 \u00fapln\u00e9 \u00fadaje o kart\u011b),<\/p>\n<\/li>\n<li data-start=\"2000\" data-end=\"2061\">\n<p data-start=\"2002\" data-end=\"2061\">\u00fadaje z kontaktn\u00edch formul\u00e1\u0159\u016f, formul\u00e1\u0159\u016f pro st\u00ed\u017enosti nebo formul\u00e1\u0159\u016f pro vr\u00e1cen\u00ed zbo\u017e\u00ed.<\/p>\n<\/li>\n<\/ul>\n<h3 data-start=\"2063\" data-end=\"2116\"><strong data-start=\"2067\" data-end=\"2116\">\u00dadaje t\u00fdkaj\u00edc\u00ed se obchodu s drah\u00fdmi kovy<\/strong><\/h3>\n<p data-start=\"2117\" data-end=\"2235\">V p\u0159\u00edpad\u011b n\u00e1kupu v\u00fdrobk\u016f z drah\u00fdch nebo vysoce cen\u011bn\u00fdch kov\u016f m\u016f\u017eeme zpracov\u00e1vat tak\u00e9 \u00fadaje vy\u017eadovan\u00e9:<\/p>\n<ul data-start=\"2236\" data-end=\"2389\">\n<li data-start=\"2236\" data-end=\"2315\">\n<p data-start=\"2238\" data-end=\"2315\">Z\u00e1kon proti pran\u00ed \u0161pinav\u00fdch pen\u011bz a financov\u00e1n\u00ed terorismu (AML),<\/p>\n<\/li>\n<li data-start=\"2316\" data-end=\"2389\">\n<p data-start=\"2318\" data-end=\"2389\">da\u0148ov\u00e9 povinnosti (nap\u0159. u transakc\u00ed nad ur\u010ditou hranici).<\/p>\n<\/li>\n<\/ul>\n<h3 data-start=\"2391\" data-end=\"2429\"><strong data-start=\"2395\" data-end=\"2429\">Automaticky extrahovan\u00e1 data<\/strong><\/h3>\n<ul data-start=\"2430\" data-end=\"2532\">\n<li data-start=\"2430\" data-end=\"2443\">\n<p data-start=\"2432\" data-end=\"2443\">IP adresa,<\/p>\n<\/li>\n<li data-start=\"2444\" data-end=\"2469\">\n<p data-start=\"2446\" data-end=\"2469\">identifik\u00e1tory relace,<\/p>\n<\/li>\n<li data-start=\"2470\" data-end=\"2490\">\n<p data-start=\"2472\" data-end=\"2490\">\u00fadaje o za\u0159\u00edzen\u00ed,<\/p>\n<\/li>\n<li data-start=\"2491\" data-end=\"2532\">\n<p data-start=\"2493\" data-end=\"2532\">\u00fadaje ze soubor\u016f cookie a podobn\u00fdch technologi\u00ed.<\/p>\n<\/li>\n<\/ul>\n<h3 data-start=\"2534\" data-end=\"2580\"><strong data-start=\"2538\" data-end=\"2580\">\u00dadaje z\u00edskan\u00e9 od t\u0159et\u00edch stran<\/strong><\/h3>\n<ul data-start=\"2581\" data-end=\"2827\">\n<li data-start=\"2581\" data-end=\"2637\">\n<p data-start=\"2583\" data-end=\"2637\">platebn\u00ed oper\u00e1to\u0159i (nap\u0159. PayU, Przelewy24, PayPal),<\/p>\n<\/li>\n<li data-start=\"2638\" data-end=\"2676\">\n<p data-start=\"2640\" data-end=\"2676\">kur\u00fdrn\u00ed spole\u010dnosti (stav doru\u010den\u00ed),<\/p>\n<\/li>\n<li data-start=\"2677\" data-end=\"2737\">\n<p data-start=\"2679\" data-end=\"2737\">banky - pouze v p\u0159\u00edpad\u011b, \u017ee platba vy\u017eaduje potvrzen\u00ed stavu,<\/p>\n<\/li>\n<li data-start=\"2738\" data-end=\"2827\">\n<p data-start=\"2740\" data-end=\"2827\">poskytovatel\u00e9 marketingov\u00fdch a analytick\u00fdch slu\u017eeb (s v\u00fdhradou sv\u011b\u0159en\u00ed \u00fadaj\u016f).<\/p>\n<\/li>\n<\/ul>\n<hr data-start=\"2829\" data-end=\"2832\" \/>\n<h1 data-start=\"2834\" data-end=\"2886\"><strong data-start=\"2836\" data-end=\"2886\">4 C\u00edle a pr\u00e1vn\u00ed z\u00e1klad zpracov\u00e1n\u00ed \u00fadaj\u016f<\/strong><\/h1>\n<p data-start=\"2888\" data-end=\"2983\">Va\u0161e \u00fadaje zpracov\u00e1v\u00e1me pouze v p\u0159\u00edpad\u011b, \u017ee je to v souladu se z\u00e1konem. V z\u00e1vislosti na situaci:<\/p>\n<h2 data-start=\"2985\" data-end=\"3044\"><strong data-start=\"2988\" data-end=\"3016\">A. Proveden\u00ed objedn\u00e1vky<\/strong> (\u010dl. 6 odst. 1 p\u00edsm. b) RODO)<\/h2>\n<p data-start=\"3045\" data-end=\"3154\">- uzav\u0159en\u00ed a pln\u011bn\u00ed smlouvy,<br data-start=\"3074\" data-end=\"3077\" \/>- zpracov\u00e1n\u00ed plateb,<br data-start=\"3097\" data-end=\"3100\" \/>- Dod\u00e1n\u00ed,<br data-start=\"3110\" data-end=\"3113\" \/>- vy\u0159izov\u00e1n\u00ed reklamac\u00ed, z\u00e1ruk a z\u00e1ruk.<\/p>\n<h2 data-start=\"3156\" data-end=\"3210\"><strong data-start=\"3159\" data-end=\"3182\">B. Pr\u00e1vn\u00ed povinnosti<\/strong> (\u010dl. 6 odst. 1 p\u00edsm. c) RODO)<\/h2>\n<p data-start=\"3211\" data-end=\"3227\">Zejm\u00e9na:<\/p>\n<ul data-start=\"3228\" data-end=\"3450\">\n<li data-start=\"3228\" data-end=\"3283\">\n<p data-start=\"3230\" data-end=\"3283\">Z\u00e1kon o \u00fa\u010detnictv\u00ed (uchov\u00e1v\u00e1n\u00ed dokument\u016f),<\/p>\n<\/li>\n<li data-start=\"3284\" data-end=\"3337\">\n<p data-start=\"3286\" data-end=\"3337\">Z\u00e1kon o pr\u00e1vech spot\u0159ebitel\u016f (vr\u00e1cen\u00ed zbo\u017e\u00ed, reklamace),<\/p>\n<\/li>\n<li data-start=\"3338\" data-end=\"3361\">\n<p data-start=\"3340\" data-end=\"3361\">da\u0148ov\u00e9 p\u0159edpisy,<\/p>\n<\/li>\n<li data-start=\"3362\" data-end=\"3417\">\n<p data-start=\"3364\" data-end=\"3417\">povinnosti v oblasti pran\u00ed \u0161pinav\u00fdch pen\u011bz (u transakc\u00ed s vysokou hodnotou),<\/p>\n<\/li>\n<li data-start=\"3418\" data-end=\"3450\">\n<p data-start=\"3420\" data-end=\"3450\">dal\u0161\u00ed dokumenta\u010dn\u00ed povinnosti.<\/p>\n<\/li>\n<\/ul>\n<h2 data-start=\"3452\" data-end=\"3532\"><strong data-start=\"3455\" data-end=\"3504\">C. Opr\u00e1vn\u011bn\u00fd z\u00e1jem spr\u00e1vce<\/strong> (\u010dl. 6 odst. 1 p\u00edsm. f) RODO)<\/h2>\n<p data-start=\"3533\" data-end=\"3549\">Zejm\u00e9na:<\/p>\n<ul data-start=\"3550\" data-end=\"3827\">\n<li data-start=\"3550\" data-end=\"3596\">\n<p data-start=\"3552\" data-end=\"3596\">uplatn\u011bn\u00ed nebo obhajobu n\u00e1rok\u016f,<\/p>\n<\/li>\n<li data-start=\"3597\" data-end=\"3637\">\n<p data-start=\"3599\" data-end=\"3637\">obchodn\u00ed anal\u00fdzy (anonymizovan\u00e9),<\/p>\n<\/li>\n<li data-start=\"3638\" data-end=\"3739\">\n<p data-start=\"3640\" data-end=\"3739\">zaji\u0161t\u011bn\u00ed bezpe\u010dnosti transakc\u00ed (zejm\u00e9na s drah\u00fdmi kovy vysok\u00e9 hodnoty),<\/p>\n<\/li>\n<li data-start=\"3740\" data-end=\"3767\">\n<p data-start=\"3742\" data-end=\"3767\">komunikace s klientem,<\/p>\n<\/li>\n<li data-start=\"3768\" data-end=\"3827\">\n<p data-start=\"3770\" data-end=\"3827\">marketing st\u00e1vaj\u00edc\u00edm z\u00e1kazn\u00edk\u016fm (s mo\u017enost\u00ed vzn\u00e9st n\u00e1mitku).<\/p>\n<\/li>\n<\/ul>\n<h2 data-start=\"3829\" data-end=\"3884\"><strong data-start=\"3832\" data-end=\"3856\">D. Souhlas u\u017eivatele<\/strong> (\u010dl. 6 odst. 1 p\u00edsm. a) RODO)<\/h2>\n<p data-start=\"3885\" data-end=\"3900\">Pokud jde o:<\/p>\n<ul data-start=\"3901\" data-end=\"4035\">\n<li data-start=\"3901\" data-end=\"3917\">\n<p data-start=\"3903\" data-end=\"3917\">newsletter,<\/p>\n<\/li>\n<li data-start=\"3918\" data-end=\"3958\">\n<p data-start=\"3920\" data-end=\"3958\">marketing prost\u0159ednictv\u00edm e-mailu\/SMS\/telefonu,<\/p>\n<\/li>\n<li data-start=\"3959\" data-end=\"4002\">\n<p data-start=\"3961\" data-end=\"4002\">analytick\u00e9 a marketingov\u00e9 soubory cookie,<\/p>\n<\/li>\n<li data-start=\"4003\" data-end=\"4035\">\n<p data-start=\"4005\" data-end=\"4035\">sout\u011b\u017ee, propaga\u010dn\u00ed aktivity.<\/p>\n<\/li>\n<\/ul>\n<p data-start=\"4037\" data-end=\"4137\">Souhlas lze kdykoli odvolat - t\u00edm nen\u00ed dot\u010dena z\u00e1konnost zpracov\u00e1n\u00ed p\u0159ed odvol\u00e1n\u00edm.<\/p>\n<hr data-start=\"4139\" data-end=\"4142\" \/>\n<h1 data-start=\"4144\" data-end=\"4179\"><strong data-start=\"4146\" data-end=\"4179\">5. doba ukl\u00e1d\u00e1n\u00ed dat<\/strong><\/h1>\n<p data-start=\"4181\" data-end=\"4234\">\u00dadaje uchov\u00e1v\u00e1me pouze po nezbytn\u011b nutnou dobu:<\/p>\n<h3 data-start=\"4236\" data-end=\"4267\"><strong data-start=\"4240\" data-end=\"4265\">Objedn\u00e1vky bez \u00fa\u010dtu:<\/strong><\/h3>\n<p data-start=\"4268\" data-end=\"4374\">- po dobu nezbytnou pro pln\u011bn\u00ed smlouvy a pot\u00e9 po dobu vy\u017eadovanou z\u00e1konem (nap\u0159. 5 da\u0148ov\u00fdch let).<\/p>\n<h3 data-start=\"4376\" data-end=\"4404\"><strong data-start=\"4380\" data-end=\"4402\">U\u017eivatelsk\u00fd \u00fa\u010det:<\/strong><\/h3>\n<p data-start=\"4405\" data-end=\"4471\">- dokud nen\u00ed \u00fa\u010det smaz\u00e1n nebo neaktivn\u00ed po dobu 36 m\u011bs\u00edc\u016f.<\/p>\n<h3 data-start=\"4473\" data-end=\"4503\"><strong data-start=\"4477\" data-end=\"4501\">St\u00ed\u017enosti a vr\u00e1cen\u00ed zbo\u017e\u00ed:<\/strong><\/h3>\n<p data-start=\"4504\" data-end=\"4586\">- po dobu trv\u00e1n\u00ed odpov\u011bdnosti prod\u00e1vaj\u00edc\u00edho + proml\u010dec\u00ed lh\u016fta.<\/p>\n<h3 data-start=\"4588\" data-end=\"4629\"><strong data-start=\"4592\" data-end=\"4627\">Marketingov\u00e1 data (newsletter):<\/strong><\/h3>\n<p data-start=\"4630\" data-end=\"4651\">- odvolat souhlas.<\/p>\n<h3 data-start=\"4653\" data-end=\"4691\"><strong data-start=\"4657\" data-end=\"4689\">\u00dadaje, na kter\u00e9 se vztahuj\u00ed povinnosti AML:<\/strong><\/h3>\n<p data-start=\"4692\" data-end=\"4759\">- v souladu se z\u00e1konnou lh\u016ftou (max. 5 let od ukon\u010den\u00ed vztahu).<\/p>\n<h3 data-start=\"4761\" data-end=\"4779\"><strong data-start=\"4765\" data-end=\"4777\">Soubory cookie:<\/strong><\/h3>\n<p data-start=\"4780\" data-end=\"4854\">- podle obdob\u00ed uveden\u00e9ho u ka\u017ed\u00e9ho souboru (obvykle 1 den - 2 roky).<\/p>\n<hr data-start=\"4856\" data-end=\"4859\" \/>\n<h1 data-start=\"4861\" data-end=\"4885\"><strong data-start=\"4863\" data-end=\"4885\">6 P\u0159\u00edjemci \u00fadaj\u016f<\/strong><\/h1>\n<p data-start=\"4887\" data-end=\"4972\">\u00dadaje p\u0159ed\u00e1v\u00e1me pouze subjekt\u016fm, kter\u00e9 jsou nezbytn\u00e9 pro poskytov\u00e1n\u00ed slu\u017eeb, mimo jin\u00e9:<\/p>\n<ul data-start=\"4974\" data-end=\"5297\">\n<li data-start=\"4974\" data-end=\"4999\">\n<p data-start=\"4976\" data-end=\"4999\">provozovatel\u00e9 platebn\u00edch slu\u017eeb,<\/p>\n<\/li>\n<li data-start=\"5000\" data-end=\"5035\">\n<p data-start=\"5002\" data-end=\"5035\">kur\u00fdrn\u00ed a logistick\u00e9 spole\u010dnosti,<\/p>\n<\/li>\n<li data-start=\"5036\" data-end=\"5057\">\n<p data-start=\"5038\" data-end=\"5057\">\u00fa\u010detn\u00ed kancel\u00e1\u0159,<\/p>\n<\/li>\n<li data-start=\"5058\" data-end=\"5080\">\n<p data-start=\"5060\" data-end=\"5080\">advok\u00e1tn\u00ed kancel\u00e1\u0159e,<\/p>\n<\/li>\n<li data-start=\"5081\" data-end=\"5131\">\n<p data-start=\"5083\" data-end=\"5131\">poskytovatel\u00e9 IT a hostingu,<\/p>\n<\/li>\n<li data-start=\"5132\" data-end=\"5188\">\n<p data-start=\"5134\" data-end=\"5188\">poskytovatel\u00e9 marketingov\u00fdch n\u00e1stroj\u016f (nap\u0159. Meta, Google),<\/p>\n<\/li>\n<li data-start=\"5189\" data-end=\"5297\">\n<p data-start=\"5191\" data-end=\"5297\">subjekty opr\u00e1vn\u011bn\u00e9 ze z\u00e1kona (nap\u0159. policie, finan\u010dn\u00ed \u00fa\u0159ad - pouze na z\u00e1klad\u011b platn\u00e9ho povolen\u00ed).<\/p>\n<\/li>\n<\/ul>\n<p data-start=\"5299\" data-end=\"5329\">Va\u0161e \u00fadaje neprod\u00e1v\u00e1me.<\/p>\n<hr data-start=\"5331\" data-end=\"5334\" \/>\n<h1 data-start=\"5336\" data-end=\"5374\"><strong data-start=\"5338\" data-end=\"5374\">7 P\u0159ed\u00e1v\u00e1n\u00ed \u00fadaj\u016f mimo EHP<\/strong><\/h1>\n<p data-start=\"5376\" data-end=\"5482\">Pokud pou\u017e\u00edv\u00e1me n\u00e1stroje jako Google Analytics, Meta (Facebook\/Instagram), HubSpot nebo podobn\u00e9:<\/p>\n<p data-start=\"5484\" data-end=\"5598\">\u00dadaje mohou b\u00fdt p\u0159ed\u00e1v\u00e1ny do zem\u00ed mimo EHP, nap\u0159\u00edklad do Spojen\u00fdch st\u00e1t\u016f. K p\u0159ed\u00e1v\u00e1n\u00ed doch\u00e1z\u00ed na z\u00e1klad\u011b:<\/p>\n<ul data-start=\"5600\" data-end=\"5743\">\n<li data-start=\"5600\" data-end=\"5668\">\n<p data-start=\"5602\" data-end=\"5668\">rozhodnut\u00ed Evropsk\u00e9 komise (r\u00e1mec EU a USA pro ochranu osobn\u00edch \u00fadaj\u016f) nebo<\/p>\n<\/li>\n<li data-start=\"5669\" data-end=\"5710\">\n<p data-start=\"5671\" data-end=\"5710\">standardn\u00ed smluvn\u00ed dolo\u017eky (SCC),<\/p>\n<\/li>\n<li data-start=\"5711\" data-end=\"5743\">\n<p data-start=\"5713\" data-end=\"5743\">a dal\u0161\u00ed ochrann\u00e1 opat\u0159en\u00ed.<\/p>\n<\/li>\n<\/ul>\n<p data-start=\"5745\" data-end=\"5807\">Pokud chcete, mohu p\u0159idat podrobn\u00fd seznam n\u00e1stroj\u016f - dejte mi v\u011bd\u011bt.<\/p>\n<hr data-start=\"5809\" data-end=\"5812\" \/>\n<h1 data-start=\"5814\" data-end=\"5834\"><strong data-start=\"5816\" data-end=\"5834\">8. Va\u0161e pr\u00e1va<\/strong><\/h1>\n<p data-start=\"5836\" data-end=\"5850\">M\u00e1te pr\u00e1vo na:<\/p>\n<ol data-start=\"5852\" data-end=\"6212\">\n<li data-start=\"5852\" data-end=\"5882\">\n<p data-start=\"5855\" data-end=\"5882\">p\u0159\u00edstup ke sv\u00fdm \u00fadaj\u016fm,<\/p>\n<\/li>\n<li data-start=\"5883\" data-end=\"5908\">\n<p data-start=\"5886\" data-end=\"5908\">oprava \u00fadaj\u016f,<\/p>\n<\/li>\n<li data-start=\"5909\" data-end=\"5962\">\n<p data-start=\"5912\" data-end=\"5962\">vymaz\u00e1n\u00ed \u00fadaj\u016f (\"pr\u00e1vo b\u00fdt zapomenut\"),<\/p>\n<\/li>\n<li data-start=\"5963\" data-end=\"5995\">\n<p data-start=\"5966\" data-end=\"5995\">omezen\u00ed zpracov\u00e1n\u00ed,<\/p>\n<\/li>\n<li data-start=\"5996\" data-end=\"6078\">\n<p data-start=\"5999\" data-end=\"6078\">vzn\u00e9st n\u00e1mitku proti zpracov\u00e1n\u00ed \u00fadaj\u016f - zejm\u00e9na proti p\u0159\u00edm\u00e9mu marketingu,<\/p>\n<\/li>\n<li data-start=\"6079\" data-end=\"6105\">\n<p data-start=\"6082\" data-end=\"6105\">p\u0159enositelnost dat,<\/p>\n<\/li>\n<li data-start=\"6106\" data-end=\"6147\">\n<p data-start=\"6109\" data-end=\"6147\">souhlas kdykoli odvolat,<\/p>\n<\/li>\n<li data-start=\"6148\" data-end=\"6212\">\n<p data-start=\"6151\" data-end=\"6212\">podat st\u00ed\u017enost p\u0159edsedovi \u00da\u0159adu pro ochranu osobn\u00edch \u00fadaj\u016f.<\/p>\n<\/li>\n<\/ol>\n<hr data-start=\"6214\" data-end=\"6217\" \/>\n<h1 data-start=\"6219\" data-end=\"6263\"><strong data-start=\"6221\" data-end=\"6263\">9 Automatick\u00e1 rozhodnut\u00ed a profilov\u00e1n\u00ed<\/strong><\/h1>\n<p data-start=\"6265\" data-end=\"6309\">M\u016f\u017eeme nap\u0159\u00edklad pou\u017e\u00edt minim\u00e1ln\u00ed profilov\u00e1n\u00ed:<\/p>\n<ul data-start=\"6311\" data-end=\"6498\">\n<li data-start=\"6311\" data-end=\"6373\">\n<p data-start=\"6313\" data-end=\"6373\">odpov\u00eddaj\u00edc\u00ed nab\u00eddce v kategorii produkt\u016f, kterou si prohl\u00ed\u017e\u00edte,<\/p>\n<\/li>\n<li data-start=\"6374\" data-end=\"6418\">\n<p data-start=\"6376\" data-end=\"6418\">porovn\u00e1v\u00e1n\u00ed reklamy na z\u00e1klad\u011b soubor\u016f cookie,<\/p>\n<\/li>\n<li data-start=\"6419\" data-end=\"6498\">\n<p data-start=\"6421\" data-end=\"6498\">opat\u0159en\u00ed proti podvod\u016fm - zejm\u00e9na p\u0159i prodeji drah\u00fdch kov\u016f.<\/p>\n<\/li>\n<\/ul>\n<p data-start=\"6500\" data-end=\"6599\">Rozhodnut\u00ed s pr\u00e1vn\u00edmi \u00fa\u010dinky ve smyslu \u010dl\u00e1nku 22 RODO nep\u0159ij\u00edm\u00e1me bez \u00fa\u010dasti \u010dlov\u011bka.<\/p>\n<hr data-start=\"6601\" data-end=\"6604\" \/>\n<h1 data-start=\"6606\" data-end=\"6629\"><strong data-start=\"6608\" data-end=\"6629\">10 Su\u0161enky<\/strong><\/h1>\n<p data-start=\"6631\" data-end=\"6664\">Pou\u017e\u00edv\u00e1me t\u0159i kategorie soubor\u016f cookie:<\/p>\n<h3 data-start=\"6666\" data-end=\"6694\"><strong data-start=\"6670\" data-end=\"6694\">Nutn\u00e9 - vy\u017eadovan\u00e9<\/strong><\/h3>\n<p data-start=\"6695\" data-end=\"6755\">Pro spr\u00e1vn\u00e9 fungov\u00e1n\u00ed webov\u00fdch str\u00e1nek (p\u0159ihl\u00e1\u0161en\u00ed, n\u00e1kupn\u00ed ko\u0161\u00edk, relace).<\/p>\n<h3 data-start=\"6757\" data-end=\"6793\"><strong data-start=\"6761\" data-end=\"6793\">Analytick\u00e9 - s va\u0161\u00edm souhlasem<\/strong><\/h3>\n<p data-start=\"6794\" data-end=\"6843\">Pom\u00e1haj\u00ed studovat provoz a zlep\u0161ovat v\u00fdkonnost obchodu.<\/p>\n<h3 data-start=\"6845\" data-end=\"6882\"><strong data-start=\"6849\" data-end=\"6882\">Marketing - s va\u0161\u00edm souhlasem<\/strong><\/h3>\n<p data-start=\"6883\" data-end=\"6914\">Povolen\u00ed reklamy na m\u00edru.<\/p>\n<h2 data-start=\"6916\" data-end=\"6937\">\u0158\u00edzen\u00ed souhlasu:<\/h2>\n<ul data-start=\"6938\" data-end=\"7158\">\n<li data-start=\"6938\" data-end=\"6991\">\n<p data-start=\"6940\" data-end=\"6991\">p\u0159i prvn\u00edm vstupu zobraz\u00edme banner se souborem cookie,<\/p>\n<\/li>\n<li data-start=\"6992\" data-end=\"7095\">\n<p data-start=\"6994\" data-end=\"7095\">Nastaven\u00ed soubor\u016f cookie m\u016f\u017eete kdykoli zm\u011bnit sami v panelu souhlasu nebo v prohl\u00ed\u017ee\u010di,<\/p>\n<\/li>\n<li data-start=\"7096\" data-end=\"7158\">\n<p data-start=\"7098\" data-end=\"7158\">vypnut\u00ed soubor\u016f cookie m\u016f\u017ee omezit n\u011bkter\u00e9 funkce webov\u00fdch str\u00e1nek.<\/p>\n<\/li>\n<\/ul>\n<hr data-start=\"7160\" data-end=\"7163\" \/>\n<h1 data-start=\"7165\" data-end=\"7202\"><strong data-start=\"7167\" data-end=\"7202\">11. Zm\u011bny z\u00e1sad ochrany osobn\u00edch \u00fadaj\u016f<\/strong><\/h1>\n<p data-start=\"7204\" data-end=\"7248\">Z\u00e1sady lze aktualizovat v p\u0159\u00edpad\u011b:<\/p>\n<ul data-start=\"7250\" data-end=\"7337\">\n<li data-start=\"7250\" data-end=\"7266\">\n<p data-start=\"7252\" data-end=\"7266\">zm\u011bny z\u00e1kona,<\/p>\n<\/li>\n<li data-start=\"7267\" data-end=\"7291\">\n<p data-start=\"7269\" data-end=\"7291\">zm\u011bny rozsahu slu\u017eeb,<\/p>\n<\/li>\n<li data-start=\"7292\" data-end=\"7337\">\n<p data-start=\"7294\" data-end=\"7337\">zav\u00e1d\u011bn\u00ed nov\u00fdch technologick\u00fdch n\u00e1stroj\u016f.<\/p>\n<\/li>\n<\/ul>\n<p data-start=\"7339\" data-end=\"7387\">Aktu\u00e1ln\u00ed verze je v\u017edy k dispozici na webov\u00fdch str\u00e1nk\u00e1ch.<\/p>\n<hr data-start=\"7389\" data-end=\"7392\" \/>\n<h1 data-start=\"7394\" data-end=\"7434\"><strong data-start=\"7396\" data-end=\"7434\">12. Kontaktn\u00ed \u00fadaje spr\u00e1vce<\/strong><\/h1>\n<p data-start=\"7436\" data-end=\"7532\">INFINITY Dawid Namy\u015blak<br data-start=\"7459\" data-end=\"7462\" \/>Jeleniog\u00f3rska 16<br data-start=\"7482\" data-end=\"7485\" \/>60-179 Pozna\u0148<br data-start=\"7498\" data-end=\"7501\" \/>tel. +48 500 744 070<\/p>\n<hr style=\"font-size: 14.4px;\" \/>\n\t\t\n<style>\n#text-2537022620 {\n  font-size: 0.95rem;\n}\n<\/style>\n\t<\/div>\n\t\n\n\t\t<\/div>\n\t\t\t\t\t<\/div>\n\n\t\n\n<\/div>\n\n\t\t<\/div>\n\n\t\t\n<style>\n#section_1947380885 {\n  padding-top: 30px;\n  padding-bottom: 30px;\n}\n<\/style>\n\t<\/section>","protected":false},"excerpt":{"rendered":"","protected":false},"author":1,"featured_media":0,"parent":0,"menu_order":0,"comment_status":"closed","ping_status":"closed","template":"page-blank.php","meta":{"om_disable_all_campaigns":false,"footnotes":""},"class_list":["post-9334","page","type-page","status-publish","hentry"],"aioseo_notices":[],"_links":{"self":[{"href":"https:\/\/staviori.com.pl\/cs\/wp-json\/wp\/v2\/pages\/9334","targetHints":{"allow":["GET"]}}],"collection":[{"href":"https:\/\/staviori.com.pl\/cs\/wp-json\/wp\/v2\/pages"}],"about":[{"href":"https:\/\/staviori.com.pl\/cs\/wp-json\/wp\/v2\/types\/page"}],"author":[{"embeddable":true,"href":"https:\/\/staviori.com.pl\/cs\/wp-json\/wp\/v2\/users\/1"}],"replies":[{"embeddable":true,"href":"https:\/\/staviori.com.pl\/cs\/wp-json\/wp\/v2\/comments?post=9334"}],"version-history":[{"count":6,"href":"https:\/\/staviori.com.pl\/cs\/wp-json\/wp\/v2\/pages\/9334\/revisions"}],"predecessor-version":[{"id":22002,"href":"https:\/\/staviori.com.pl\/cs\/wp-json\/wp\/v2\/pages\/9334\/revisions\/22002"}],"wp:attachment":[{"href":"https:\/\/staviori.com.pl\/cs\/wp-json\/wp\/v2\/media?parent=9334"}],"curies":[{"name":"wp","href":"https:\/\/api.w.org\/{rel}","templated":true}]}}