{"id":9320,"date":"2023-04-26T19:39:56","date_gmt":"2023-04-26T17:39:56","guid":{"rendered":"https:\/\/staviori.com.pl\/?page_id=9320"},"modified":"2023-04-26T19:42:50","modified_gmt":"2023-04-26T17:42:50","slug":"certyfikaty","status":"publish","type":"page","link":"https:\/\/staviori.com.pl\/cs\/certyfikaty\/","title":{"rendered":"Certifik\u00e1ty"},"content":{"rendered":"<section class=\"section has-scroll-for-more\" id=\"section_1618865668\">\n\t\t<div class=\"section-bg fill\" >\n\t\t\t<img loading=\"lazy\" decoding=\"async\" width=\"1150\" height=\"798\" src=\"https:\/\/staviori.com.pl\/wp-content\/uploads\/2023\/04\/KZD4016T_0-1.jpg\" class=\"bg attachment-original size-original\" alt=\"\" \/>\t\t\t\t\t\t<button class=\"scroll-for-more z-5 icon absolute bottom h-center\" aria-label=\"Posu\u0148te se pro v\u00edce informac\u00ed\" data-no-translation-aria-label=\"\"><i class=\"icon-angle-down\" aria-hidden=\"true\" style=\"font-size:42px;\"><\/i><\/button>\n\t\t\t\n\n\t\t<\/div>\n\n\t\t\n\n\t\t<div class=\"section-content relative\">\n\t\t\t\n\n<div class=\"row\"  id=\"row-712051771\">\n\n\n\t<div id=\"col-612691764\" class=\"col small-12 large-12\"  >\n\t\t\t\t<div class=\"col-inner\"  >\n\t\t\t\n\t\t\t\n\n\t<div id=\"text-1314853769\" class=\"text\">\n\t\t\n\n<h2>Certifik\u00e1ty<\/h2>\n\t\t\n<style>\n#text-1314853769 {\n  font-size: 2rem;\n  text-align: center;\n  color: rgb(0,0,0);\n}\n#text-1314853769 > * {\n  color: rgb(0,0,0);\n}\n<\/style>\n\t<\/div>\n\t\n\n\t\t<\/div>\n\t\t\t\t\n<style>\n#col-612691764 > .col-inner {\n  margin: 129px 0px 0px 0px;\n}\n<\/style>\n\t<\/div>\n\n\t\n\n<\/div>\n\n\t\t<\/div>\n\n\t\t\n<style>\n#section_1618865668 {\n  padding-top: 30px;\n  padding-bottom: 30px;\n  min-height: 290px;\n}\n#section_1618865668 .section-bg img {\n  object-position: 45% 66%;\n}\n@media (min-width:550px) {\n  #section_1618865668 {\n    min-height: 450px;\n  }\n}\n<\/style>\n\t<\/section>\n\t\n\n\t<section class=\"section\" id=\"section_748441900\">\n\t\t<div class=\"section-bg fill\" >\n\t\t\t\t\t\t\t\t\t\n\t\t\t\n\n\t\t<\/div>\n\n\t\t\n\n\t\t<div class=\"section-content relative\">\n\t\t\t\n\n<div class=\"row align-center\"  id=\"row-2125826397\">\n\n\n\t<div id=\"col-162309393\" class=\"col medium-11 small-12 large-11\"  >\n\t\t\t\t<div class=\"col-inner\"  >\n\t\t\t\n\t\t\t\n\n<h2>Certifik\u00e1ty<\/h2>\n<div class=\"is-divider divider clearfix\" ><\/div>\n\n\t<div id=\"text-1438761225\" class=\"text\">\n\t\t\n\n<div class=\"pyt\">\n<h3>V\u0161echny n\u00e1mi nab\u00edzen\u00e9 v\u00fdrobky z drah\u00fdch kamen\u016f maj\u00ed certifik\u00e1t pravosti, kter\u00fd potvrzuje pravost a kvalitu kamen\u016f.<\/h3>\n<p>&nbsp;<\/p>\n<p>Diamanty s hmotnost\u00ed nad 0,50 ct jsou nav\u00edc mezin\u00e1rodn\u011b certifikov\u00e1ny jednou z nejrenomovan\u011bj\u0161\u00edch gemmologick\u00fdch laborato\u0159\u00ed na sv\u011bt\u011b (HRD, GIA nebo IGI). (Vzhledem k dlouh\u00e9 dob\u011b trv\u00e1n\u00ed a vysok\u00fdm n\u00e1klad\u016fm na procedury pot\u0159ebn\u00e9 k anal\u00fdze kamen\u016f se tyto certifik\u00e1ty pou\u017e\u00edvaj\u00ed pro diamanty vy\u0161\u0161\u00ed hodnoty).<\/p>\n<h3>&nbsp;<\/h3>\n<p>Zaru\u010dujeme tak\u00e9, \u017ee kameny pou\u017eit\u00e9 p\u0159i v\u00fdrob\u011b na\u0161ich \u0161perk\u016f poch\u00e1zej\u00ed v souladu s po\u017eadavky OSN ze zem\u00ed bez konflikt\u016f.<\/p>\n<\/div>\n\t\t\n<style>\n#text-1438761225 {\n  font-size: 0.95rem;\n}\n<\/style>\n\t<\/div>\n\t\n\n\t\t<\/div>\n\t\t\t\t\t<\/div>\n\n\t\n\n<\/div>\n\n\t\t<\/div>\n\n\t\t\n<style>\n#section_748441900 {\n  padding-top: 30px;\n  padding-bottom: 30px;\n}\n<\/style>\n\t<\/section>","protected":false},"excerpt":{"rendered":"","protected":false},"author":1,"featured_media":0,"parent":0,"menu_order":0,"comment_status":"closed","ping_status":"closed","template":"page-blank.php","meta":{"om_disable_all_campaigns":false,"footnotes":""},"class_list":["post-9320","page","type-page","status-publish","hentry"],"aioseo_notices":[],"_links":{"self":[{"href":"https:\/\/staviori.com.pl\/cs\/wp-json\/wp\/v2\/pages\/9320","targetHints":{"allow":["GET"]}}],"collection":[{"href":"https:\/\/staviori.com.pl\/cs\/wp-json\/wp\/v2\/pages"}],"about":[{"href":"https:\/\/staviori.com.pl\/cs\/wp-json\/wp\/v2\/types\/page"}],"author":[{"embeddable":true,"href":"https:\/\/staviori.com.pl\/cs\/wp-json\/wp\/v2\/users\/1"}],"replies":[{"embeddable":true,"href":"https:\/\/staviori.com.pl\/cs\/wp-json\/wp\/v2\/comments?post=9320"}],"version-history":[{"count":4,"href":"https:\/\/staviori.com.pl\/cs\/wp-json\/wp\/v2\/pages\/9320\/revisions"}],"predecessor-version":[{"id":9327,"href":"https:\/\/staviori.com.pl\/cs\/wp-json\/wp\/v2\/pages\/9320\/revisions\/9327"}],"wp:attachment":[{"href":"https:\/\/staviori.com.pl\/cs\/wp-json\/wp\/v2\/media?parent=9320"}],"curies":[{"name":"wp","href":"https:\/\/api.w.org\/{rel}","templated":true}]}}