{"id":9298,"date":"2023-04-26T19:28:20","date_gmt":"2023-04-26T17:28:20","guid":{"rendered":"https:\/\/staviori.com.pl\/?page_id=9298"},"modified":"2023-04-26T19:35:41","modified_gmt":"2023-04-26T17:35:41","slug":"opakowania","status":"publish","type":"page","link":"https:\/\/staviori.com.pl\/cs\/opakowania\/","title":{"rendered":"Balen\u00ed"},"content":{"rendered":"<section class=\"section has-scroll-for-more\" id=\"section_2118633910\">\n\t\t<div class=\"section-bg fill\" >\n\t\t\t<img loading=\"lazy\" decoding=\"async\" width=\"2560\" height=\"1707\" src=\"https:\/\/staviori.com.pl\/wp-content\/uploads\/2023\/04\/MG_0311-scaled.jpg\" class=\"bg attachment-original size-original\" alt=\"\" \/>\t\t\t\t\t\t<button class=\"scroll-for-more z-5 icon absolute bottom h-center\" aria-label=\"Posu\u0148te se pro v\u00edce informac\u00ed\" data-no-translation-aria-label=\"\"><i class=\"icon-angle-down\" aria-hidden=\"true\" style=\"font-size:42px;\"><\/i><\/button>\n\t\t\t\n\n\t\t<\/div>\n\n\t\t\n\n\t\t<div class=\"section-content relative\">\n\t\t\t\n\n<div class=\"row\"  id=\"row-200668954\">\n\n\n\t<div id=\"col-1499325705\" class=\"col small-12 large-12\"  >\n\t\t\t\t<div class=\"col-inner\"  >\n\t\t\t\n\t\t\t\n\n\t<div id=\"text-2247949220\" class=\"text\">\n\t\t\n\n<h2>Balen\u00ed<\/h2>\n\t\t\n<style>\n#text-2247949220 {\n  font-size: 2rem;\n  text-align: center;\n  color: rgb(0,0,0);\n}\n#text-2247949220 > * {\n  color: rgb(0,0,0);\n}\n<\/style>\n\t<\/div>\n\t\n\n\t\t<\/div>\n\t\t\t\t\n<style>\n#col-1499325705 > .col-inner {\n  margin: 129px 0px 0px 0px;\n}\n<\/style>\n\t<\/div>\n\n\t\n\n<\/div>\n\n\t\t<\/div>\n\n\t\t\n<style>\n#section_2118633910 {\n  padding-top: 30px;\n  padding-bottom: 30px;\n  min-height: 290px;\n}\n#section_2118633910 .section-bg img {\n  object-position: 47% 53%;\n}\n@media (min-width:550px) {\n  #section_2118633910 {\n    min-height: 450px;\n  }\n}\n<\/style>\n\t<\/section>\n\t\n\n\t<section class=\"section\" id=\"section_1540563810\">\n\t\t<div class=\"section-bg fill\" >\n\t\t\t\t\t\t\t\t\t\n\t\t\t\n\n\t\t<\/div>\n\n\t\t\n\n\t\t<div class=\"section-content relative\">\n\t\t\t\n\n<div class=\"row align-center\"  id=\"row-1284011160\">\n\n\n\t<div id=\"col-1191326964\" class=\"col medium-11 small-12 large-11\"  >\n\t\t\t\t<div class=\"col-inner\"  >\n\t\t\t\n\t\t\t\n\n<h2>Unik\u00e1tn\u00ed balen\u00ed Staviori<\/h2>\n\n<div class=\"is-divider divider clearfix\" ><\/div>\n\n\t<div id=\"text-3517073214\" class=\"text\">\n\t\t\n\n<h3>\u0160perky Staviori jsou dokonal\u00fdm d\u00e1rkem, kter\u00fd dokonale odpov\u00edd\u00e1 stylu a povaze obdarovan\u00e9ho. K z\u00e1kazn\u00edkovi se v\u017edy dostane v elegantn\u00edm a origin\u00e1ln\u00edm balen\u00ed.<\/h3>\n<p>Ke ka\u017ed\u00e9mu balen\u00ed obdr\u017e\u00ed z\u00e1kazn\u00edk speci\u00e1ln\u00ed d\u00e1rkovou stuhu v barv\u011b dle vlastn\u00edho v\u00fdb\u011bru. Barvu stuhy si zvol\u00ed v n\u00e1kupn\u00edm ko\u0161\u00edku p\u0159i zad\u00e1v\u00e1n\u00ed objedn\u00e1vky.<\/p>\n<p><br>JAK DOKONALE UV\u00c1ZAT STUHU STAVIORI<\/p>\n\t\t\n<style>\n#text-3517073214 {\n  font-size: 0.95rem;\n}\n<\/style>\n\t<\/div>\n\t\n<div class=\"row\"  id=\"row-176788608\">\n\n\n\t<div id=\"col-1307855393\" class=\"col small-12 large-12\"  >\n\t\t\t\t<div class=\"col-inner\"  >\n\t\t\t\n\t\t\t\n\n\t<div class=\"img has-hover x md-x lg-x y md-y lg-y\" id=\"image_57610524\">\n\t\t\t\t\t\t\t\t<div class=\"img-inner dark\" >\n\t\t\t<img loading=\"lazy\" decoding=\"async\" width=\"900\" height=\"618\" src=\"https:\/\/staviori.com.pl\/wp-content\/uploads\/2023\/04\/pudelko2_1.jpg\" class=\"attachment-large size-large\" alt=\"\" srcset=\"https:\/\/staviori.com.pl\/wp-content\/uploads\/2023\/04\/pudelko2_1.jpg 900w, https:\/\/staviori.com.pl\/wp-content\/uploads\/2023\/04\/pudelko2_1-510x350.jpg 510w, https:\/\/staviori.com.pl\/wp-content\/uploads\/2023\/04\/pudelko2_1-300x206.jpg 300w, https:\/\/staviori.com.pl\/wp-content\/uploads\/2023\/04\/pudelko2_1-768x527.jpg 768w\" sizes=\"auto, (max-width: 900px) 100vw, 900px\" \/>\t\t\t\t\t\t\n\t\t\t\t\t<\/div>\n\t\t\t\t\t\t\t\t\n<style>\n#image_57610524 {\n  width: 100%;\n}\n<\/style>\n\t<\/div>\n\t\n\n<p><b>\u0160perkovnice s drah\u00fdmi kameny v hodnot\u011b nad 1 000 liber.<\/b><\/p>\n<div class=\"row\"  id=\"row-749110648\">\n\n\n\t<div id=\"col-607733178\" class=\"col small-12 large-12\"  >\n\t\t\t\t<div class=\"col-inner\"  >\n\t\t\t\n\t\t\t\n\n\t<div class=\"img has-hover x md-x lg-x y md-y lg-y\" id=\"image_991646988\">\n\t\t\t\t\t\t\t\t<div class=\"img-inner dark\" >\n\t\t\t<img loading=\"lazy\" decoding=\"async\" width=\"900\" height=\"556\" src=\"https:\/\/staviori.com.pl\/wp-content\/uploads\/2023\/04\/biale_brylanty.jpg\" class=\"attachment-large size-large\" alt=\"\" srcset=\"https:\/\/staviori.com.pl\/wp-content\/uploads\/2023\/04\/biale_brylanty.jpg 900w, https:\/\/staviori.com.pl\/wp-content\/uploads\/2023\/04\/biale_brylanty-510x315.jpg 510w, https:\/\/staviori.com.pl\/wp-content\/uploads\/2023\/04\/biale_brylanty-300x185.jpg 300w, https:\/\/staviori.com.pl\/wp-content\/uploads\/2023\/04\/biale_brylanty-768x474.jpg 768w\" sizes=\"auto, (max-width: 900px) 100vw, 900px\" \/>\t\t\t\t\t\t\n\t\t\t\t\t<\/div>\n\t\t\t\t\t\t\t\t\n<style>\n#image_991646988 {\n  width: 100%;\n}\n<\/style>\n\t<\/div>\n\t\n\n<p><b>Krabice <\/b><b>pro \u0161perky s drah\u00fdmi kameny v hodnot\u011b ni\u017e\u0161\u00ed ne\u017e 1 000 liber a pro zlat\u00e9 a st\u0159\u00edbrn\u00e9 \u0161perky.<\/b><\/p>\n<div class=\"row\"  id=\"row-641981211\">\n\n\n\t<div id=\"col-819241343\" class=\"col small-12 large-12\"  >\n\t\t\t\t<div class=\"col-inner\"  >\n\t\t\t\n\t\t\t\n\n\t<div class=\"img has-hover x md-x lg-x y md-y lg-y\" id=\"image_658657019\">\n\t\t\t\t\t\t\t\t<div class=\"img-inner dark\" >\n\t\t\t<img loading=\"lazy\" decoding=\"async\" width=\"900\" height=\"556\" src=\"https:\/\/staviori.com.pl\/wp-content\/uploads\/2023\/04\/biale_male.jpg\" class=\"attachment-large size-large\" alt=\"\" srcset=\"https:\/\/staviori.com.pl\/wp-content\/uploads\/2023\/04\/biale_male.jpg 900w, https:\/\/staviori.com.pl\/wp-content\/uploads\/2023\/04\/biale_male-510x315.jpg 510w, https:\/\/staviori.com.pl\/wp-content\/uploads\/2023\/04\/biale_male-300x185.jpg 300w, https:\/\/staviori.com.pl\/wp-content\/uploads\/2023\/04\/biale_male-768x474.jpg 768w\" sizes=\"auto, (max-width: 900px) 100vw, 900px\" \/>\t\t\t\t\t\t\n\t\t\t\t\t<\/div>\n\t\t\t\t\t\t\t\t\n<style>\n#image_658657019 {\n  width: 100%;\n}\n<\/style>\n\t<\/div>\n\t\n\n[row_inner_3]\n\n[col_inner_3 span=\"6\u2033 span__sm=\"12\u2033]\n\n\t<div class=\"img has-hover x md-x lg-x y md-y lg-y\" id=\"image_268434195\">\n\t\t\t\t\t\t\t\t<div class=\"img-inner dark\" >\n\t\t\t<img loading=\"lazy\" decoding=\"async\" width=\"900\" height=\"616\" src=\"https:\/\/staviori.com.pl\/wp-content\/uploads\/2023\/04\/pudelko2_2.jpg\" class=\"attachment-large size-large\" alt=\"\" srcset=\"https:\/\/staviori.com.pl\/wp-content\/uploads\/2023\/04\/pudelko2_2.jpg 900w, https:\/\/staviori.com.pl\/wp-content\/uploads\/2023\/04\/pudelko2_2-510x349.jpg 510w, https:\/\/staviori.com.pl\/wp-content\/uploads\/2023\/04\/pudelko2_2-300x205.jpg 300w, https:\/\/staviori.com.pl\/wp-content\/uploads\/2023\/04\/pudelko2_2-768x526.jpg 768w\" sizes=\"auto, (max-width: 900px) 100vw, 900px\" \/>\t\t\t\t\t\t\n\t\t\t\t\t<\/div>\n\t\t\t\t\t\t\t\t\n<style>\n#image_268434195 {\n  width: 100%;\n}\n<\/style>\n\t<\/div>\n\t\n\n\n[\/col_inner_3].\n[col_inner_3 span=\"6\u2033 span__sm=\"12\u2033].\n\n\t<div class=\"img has-hover x md-x lg-x y md-y lg-y\" id=\"image_1704085237\">\n\t\t\t\t\t\t\t\t<div class=\"img-inner dark\" >\n\t\t\t<img loading=\"lazy\" decoding=\"async\" width=\"900\" height=\"615\" src=\"https:\/\/staviori.com.pl\/wp-content\/uploads\/2023\/04\/pudelko2_3.jpg\" class=\"attachment-large size-large\" alt=\"\" srcset=\"https:\/\/staviori.com.pl\/wp-content\/uploads\/2023\/04\/pudelko2_3.jpg 900w, https:\/\/staviori.com.pl\/wp-content\/uploads\/2023\/04\/pudelko2_3-510x349.jpg 510w, https:\/\/staviori.com.pl\/wp-content\/uploads\/2023\/04\/pudelko2_3-300x205.jpg 300w, https:\/\/staviori.com.pl\/wp-content\/uploads\/2023\/04\/pudelko2_3-768x525.jpg 768w\" sizes=\"auto, (max-width: 900px) 100vw, 900px\" \/>\t\t\t\t\t\t\n\t\t\t\t\t<\/div>\n\t\t\t\t\t\t\t\t\n<style>\n#image_1704085237 {\n  width: 100%;\n}\n<\/style>\n\t<\/div>\n\t\n\n\n[\/col_inner_3].\n\n[\/row_inner_3].\n<p><b>Barvy stuhy:<\/b><\/p>\n[row_inner_3]\n\n[col_inner_3 span__sm=\"12\u2033].\n\n\t<div class=\"img has-hover x md-x lg-x y md-y lg-y\" id=\"image_1777711861\">\n\t\t\t\t\t\t\t\t<div class=\"img-inner dark\" >\n\t\t\t<img loading=\"lazy\" decoding=\"async\" width=\"900\" height=\"556\" src=\"https:\/\/staviori.com.pl\/wp-content\/uploads\/2023\/04\/wstazki.jpg\" class=\"attachment-large size-large\" alt=\"\" srcset=\"https:\/\/staviori.com.pl\/wp-content\/uploads\/2023\/04\/wstazki.jpg 900w, https:\/\/staviori.com.pl\/wp-content\/uploads\/2023\/04\/wstazki-510x315.jpg 510w, https:\/\/staviori.com.pl\/wp-content\/uploads\/2023\/04\/wstazki-300x185.jpg 300w, https:\/\/staviori.com.pl\/wp-content\/uploads\/2023\/04\/wstazki-768x474.jpg 768w\" sizes=\"auto, (max-width: 900px) 100vw, 900px\" \/>\t\t\t\t\t\t\n\t\t\t\t\t<\/div>\n\t\t\t\t\t\t\t\t\n<style>\n#image_1777711861 {\n  width: 100%;\n}\n<\/style>\n\t<\/div>\n\t\n\n\n[\/col_inner_3].\n\n[\/row_inner_3].\n\n\t\t<\/div>\n\t\t\t\t\t<\/div>\n\n\t\n\n<\/div>\n\n\t\t<\/div>\n\t\t\t\t\t<\/div>\n\n\t\n\n<\/div>\n\n\t\t<\/div>\n\t\t\t\t\t<\/div>\n\n\t\n\n<\/div>\n\n\t\t<\/div>\n\t\t\t\t\t<\/div>\n\n\t\n\n<\/div>\n\n\t\t<\/div>\n\n\t\t\n<style>\n#section_1540563810 {\n  padding-top: 30px;\n  padding-bottom: 30px;\n}\n<\/style>\n\t<\/section>","protected":false},"excerpt":{"rendered":"","protected":false},"author":1,"featured_media":0,"parent":0,"menu_order":0,"comment_status":"closed","ping_status":"closed","template":"page-blank.php","meta":{"om_disable_all_campaigns":false,"footnotes":""},"class_list":["post-9298","page","type-page","status-publish","hentry"],"aioseo_notices":[],"_links":{"self":[{"href":"https:\/\/staviori.com.pl\/cs\/wp-json\/wp\/v2\/pages\/9298","targetHints":{"allow":["GET"]}}],"collection":[{"href":"https:\/\/staviori.com.pl\/cs\/wp-json\/wp\/v2\/pages"}],"about":[{"href":"https:\/\/staviori.com.pl\/cs\/wp-json\/wp\/v2\/types\/page"}],"author":[{"embeddable":true,"href":"https:\/\/staviori.com.pl\/cs\/wp-json\/wp\/v2\/users\/1"}],"replies":[{"embeddable":true,"href":"https:\/\/staviori.com.pl\/cs\/wp-json\/wp\/v2\/comments?post=9298"}],"version-history":[{"count":3,"href":"https:\/\/staviori.com.pl\/cs\/wp-json\/wp\/v2\/pages\/9298\/revisions"}],"predecessor-version":[{"id":9308,"href":"https:\/\/staviori.com.pl\/cs\/wp-json\/wp\/v2\/pages\/9298\/revisions\/9308"}],"wp:attachment":[{"href":"https:\/\/staviori.com.pl\/cs\/wp-json\/wp\/v2\/media?parent=9298"}],"curies":[{"name":"wp","href":"https:\/\/api.w.org\/{rel}","templated":true}]}}