{"id":9292,"date":"2023-04-26T19:20:19","date_gmt":"2023-04-26T17:20:19","guid":{"rendered":"https:\/\/staviori.com.pl\/?page_id=9292"},"modified":"2026-03-19T10:56:19","modified_gmt":"2026-03-19T09:56:19","slug":"zwroty","status":"publish","type":"page","link":"https:\/\/staviori.com.pl\/cs\/zwroty\/","title":{"rendered":"Vrac\u00ed se"},"content":{"rendered":"<section class=\"section has-scroll-for-more\" id=\"section_439379021\">\n\t\t<div class=\"section-bg fill\" >\n\t\t\t<img loading=\"lazy\" decoding=\"async\" width=\"2560\" height=\"1707\" src=\"https:\/\/staviori.com.pl\/wp-content\/uploads\/2023\/04\/MG_0247-scaled.jpg\" class=\"bg attachment-original size-original\" alt=\"\" \/>\t\t\t\t\t\t<button class=\"scroll-for-more z-5 icon absolute bottom h-center\" aria-label=\"Posu\u0148te se pro v\u00edce informac\u00ed\" data-no-translation-aria-label=\"\"><i class=\"icon-angle-down\" aria-hidden=\"true\" style=\"font-size:42px;\"><\/i><\/button>\n\t\t\t\n\n\t\t<\/div>\n\n\t\t\n\n\t\t<div class=\"section-content relative\">\n\t\t\t\n\n<div class=\"row\"  id=\"row-395785066\">\n\n\n\t<div id=\"col-834937766\" class=\"col small-12 large-12\"  >\n\t\t\t\t<div class=\"col-inner\"  >\n\t\t\t\n\t\t\t\n\n\t<div id=\"text-2308899159\" class=\"text\">\n\t\t\n\n<h2>Vrac\u00ed se<\/h2>\n\t\t\n<style>\n#text-2308899159 {\n  font-size: 2rem;\n  text-align: center;\n  color: rgb(0,0,0);\n}\n#text-2308899159 > * {\n  color: rgb(0,0,0);\n}\n<\/style>\n\t<\/div>\n\t\n\n\t\t<\/div>\n\t\t\t\t\n<style>\n#col-834937766 > .col-inner {\n  margin: 129px 0px 0px 0px;\n}\n<\/style>\n\t<\/div>\n\n\t\n\n<\/div>\n\n\t\t<\/div>\n\n\t\t\n<style>\n#section_439379021 {\n  padding-top: 30px;\n  padding-bottom: 30px;\n  min-height: 290px;\n}\n#section_439379021 .section-bg img {\n  object-position: 44% 50%;\n}\n@media (min-width:550px) {\n  #section_439379021 {\n    min-height: 450px;\n  }\n}\n<\/style>\n\t<\/section>\n\t\n\n\t<section class=\"section\" id=\"section_35736961\">\n\t\t<div class=\"section-bg fill\" >\n\t\t\t\t\t\t\t\t\t\n\t\t\t\n\n\t\t<\/div>\n\n\t\t\n\n\t\t<div class=\"section-content relative\">\n\t\t\t\n\n<div class=\"row align-center\"  id=\"row-247406318\">\n\n\n\t<div id=\"col-689583335\" class=\"col medium-11 small-12 large-11\"  >\n\t\t\t\t<div class=\"col-inner\"  >\n\t\t\t\n\t\t\t\n\n<h2>Vrac\u00ed se<\/h2>\n<div class=\"is-divider divider clearfix\" ><\/div>\n\n\t<div id=\"text-2447952520\" class=\"text\">\n\t\t\n\n<p>Z\u00e1kazn\u00edk\u016fm poskytujeme bezpodm\u00edne\u010dnou mo\u017enost vr\u00e1cen\u00ed zakoupen\u00fdch \u0161perk\u016f do 30 dn\u016f od n\u00e1kupu. V okam\u017eiku, kdy se z\u00e1kazn\u00edkovi objednan\u00fd v\u00fdrobek nel\u00edb\u00ed - za\u0161le n\u00e1m jej zp\u011bt. Z\u00e1kazn\u00edk hrad\u00ed pouze p\u0159\u00edm\u00e9 n\u00e1klady spojen\u00e9 s vr\u00e1cen\u00edm zbo\u017e\u00ed.<br \/><br \/>Z\u00e1kazn\u00edk je povinen neprodlen\u011b vr\u00e1tit v\u011bc prod\u00e1vaj\u00edc\u00edmu nebo ji p\u0159edat osob\u011b pov\u011b\u0159en\u00e9 prod\u00e1vaj\u00edc\u00edm k jej\u00edmu vyzvednut\u00ed, pokud obchodn\u00edk nenab\u00eddl, \u017ee si v\u011bc vyzvedne s\u00e1m. Z\u00e1kazn\u00edk odpov\u00edd\u00e1 za jak\u00e9koli sn\u00ed\u017een\u00ed hodnoty zbo\u017e\u00ed v d\u016fsledku jeho pou\u017e\u00edv\u00e1n\u00ed nad r\u00e1mec toho, co je nezbytn\u00e9 ke zji\u0161t\u011bn\u00ed povahy, vlastnost\u00ed a funk\u010dnosti zbo\u017e\u00ed. Vr\u00e1cen\u00e9 zbo\u017e\u00ed mus\u00ed v ka\u017ed\u00e9m p\u0159\u00edpad\u011b obsahovat tak\u00e9 origin\u00e1ln\u00ed p\u0159\u00edslu\u0161enstv\u00ed, tj. nepo\u0161kozenou \u0161perkovnici, certifik\u00e1t, visa\u010dku,. Vr\u00e1cen\u00ed zbo\u017e\u00ed nen\u00ed mo\u017en\u00e9, pokud nen\u00ed p\u0159edlo\u017een doklad o koupi.<br \/><br \/>Pr\u00e1vo na odstoupen\u00ed od smlouvy se vztahuje pouze na smlouvu uzav\u0159enou na d\u00e1lku, nikoliv v provozovn\u011b, a spot\u0159ebitel nem\u00e1 pr\u00e1vo na odstoupen\u00ed od smlouvy, jej\u00edm\u017e p\u0159edm\u011btem pln\u011bn\u00ed je v\u011bc, kter\u00e1 nen\u00ed prefabrikovan\u00e1 a je vyrobena podle specifikac\u00ed spot\u0159ebitele nebo je ur\u010dena k uspokojen\u00ed jeho individu\u00e1ln\u00edch pot\u0159eb (zak\u00e1zkov\u00e1 v\u00fdroba).<br \/><br \/>V p\u0159\u00edpad\u011b v\u00fdrobk\u016f na zak\u00e1zku je pro vy\u0159\u00edzen\u00ed objedn\u00e1vky vy\u017eadov\u00e1na z\u00e1loha ve v\u00fd\u0161i 30% hodnoty v\u00fdrobku. Tato z\u00e1loha p\u0159edstavuje z\u00e1lohu ve smyslu ob\u010dansk\u00e9ho z\u00e1kon\u00edku a je nevratn\u00e1, pokud z\u00e1kazn\u00edk n\u00e1kup zru\u0161\u00ed!<br \/><br \/>V p\u0159\u00edpad\u011b platby p\u0159es PayU - PayU nevrac\u00ed provizi ve v\u00fd\u0161i 2,6% a va\u0161e platba bude o tuto \u010d\u00e1stku sn\u00ed\u017eena v p\u0159\u00edpad\u011b vr\u00e1cen\u00ed. Tuto skute\u010dnost nem\u016f\u017eeme ovlivnit.<\/p>\n\t\t\n<style>\n#text-2447952520 {\n  font-size: 0.95rem;\n}\n<\/style>\n\t<\/div>\n\t\n<div class=\"row\"  id=\"row-114098800\">\n\n\n\t<div id=\"col-1108368808\" class=\"col small-12 large-12\"  >\n\t\t\t\t<div class=\"col-inner\"  >\n\t\t\t\n\t\t\t\n\n\t<div class=\"img has-hover x md-x lg-x y md-y lg-y\" id=\"image_862809378\">\n\t\t\t\t\t\t\t\t<div class=\"img-inner dark\" >\n\t\t\t<img loading=\"lazy\" decoding=\"async\" width=\"900\" height=\"300\" src=\"https:\/\/staviori.com.pl\/wp-content\/uploads\/2023\/04\/gwarancja.jpg\" class=\"attachment-large size-large\" alt=\"\" srcset=\"https:\/\/staviori.com.pl\/wp-content\/uploads\/2023\/04\/gwarancja.jpg 900w, https:\/\/staviori.com.pl\/wp-content\/uploads\/2023\/04\/gwarancja-510x170.jpg 510w, https:\/\/staviori.com.pl\/wp-content\/uploads\/2023\/04\/gwarancja-300x100.jpg 300w, https:\/\/staviori.com.pl\/wp-content\/uploads\/2023\/04\/gwarancja-768x256.jpg 768w\" sizes=\"auto, (max-width: 900px) 100vw, 900px\" \/>\t\t\t\t\t\t\n\t\t\t\t\t<\/div>\n\t\t\t\t\t\t\t\t\n<style>\n#image_862809378 {\n  width: 100%;\n}\n<\/style>\n\t<\/div>\n\t\n\n\n\t\t<\/div>\n\t\t\t\t\t<\/div>\n\n\t\n\n<\/div>\n<div class=\"row\"  id=\"row-945106578\">\n\n\n\t<div id=\"col-1633416111\" class=\"col small-12 large-12\"  >\n\t\t\t\t<div class=\"col-inner\"  >\n\t\t\t\n\t\t\t\n\n<h2>PROHL\u00c1\u0160EN\u00cd O ODSTOUPEN\u00cd OD SMLOUVY<\/h2>\n<div class=\"is-divider divider clearfix\" ><\/div>\n\n<p>Pokud chcete v\u00fdrobek vr\u00e1tit, vytiskn\u011bte si pros\u00edm n\u00ed\u017ee uveden\u00fd formul\u00e1\u0159, vypl\u0148te jej a p\u0159ilo\u017ete k vr\u00e1cen\u00e9mu v\u00fdrobku.<\/p>\n<p>Zp\u00e1te\u010dn\u00ed adresa: Jeleniog\u00f3rska 16, 60-179 Pozna\u0148<\/p>\n<p><span style=\"color: #000000;\"><strong><a style=\"color: #000000;\" href=\"https:\/\/staviori.com.pl\/wp-content\/uploads\/2026\/03\/formularz_odstapienia.pdf\"><span style=\"background-color: #ffffff;\"><span style=\"color: #666699;\">TISK FORMUL\u00c1\u0158E VE FORM\u00c1TU PDF<\/span> <img loading=\"lazy\" decoding=\"async\" class=\"alignnone size-full wp-image-9294\" src=\"https:\/\/staviori.com.pl\/wp-content\/uploads\/2023\/04\/pdf4.png\" alt=\"\" width=\"120\" height=\"60\" \/><\/span><\/a><\/strong><\/span><\/p>\n\n\n\t\t<\/div>\n\t\t\t\t\t<\/div>\n\n\t\n\n<\/div>\n\n\t\t<\/div>\n\t\t\t\t\t<\/div>\n\n\t\n\n<\/div>\n\n\t\t<\/div>\n\n\t\t\n<style>\n#section_35736961 {\n  padding-top: 30px;\n  padding-bottom: 30px;\n}\n<\/style>\n\t<\/section>","protected":false},"excerpt":{"rendered":"","protected":false},"author":1,"featured_media":0,"parent":0,"menu_order":0,"comment_status":"closed","ping_status":"closed","template":"page-blank.php","meta":{"om_disable_all_campaigns":false,"footnotes":""},"class_list":["post-9292","page","type-page","status-publish","hentry"],"aioseo_notices":[],"_links":{"self":[{"href":"https:\/\/staviori.com.pl\/cs\/wp-json\/wp\/v2\/pages\/9292","targetHints":{"allow":["GET"]}}],"collection":[{"href":"https:\/\/staviori.com.pl\/cs\/wp-json\/wp\/v2\/pages"}],"about":[{"href":"https:\/\/staviori.com.pl\/cs\/wp-json\/wp\/v2\/types\/page"}],"author":[{"embeddable":true,"href":"https:\/\/staviori.com.pl\/cs\/wp-json\/wp\/v2\/users\/1"}],"replies":[{"embeddable":true,"href":"https:\/\/staviori.com.pl\/cs\/wp-json\/wp\/v2\/comments?post=9292"}],"version-history":[{"count":5,"href":"https:\/\/staviori.com.pl\/cs\/wp-json\/wp\/v2\/pages\/9292\/revisions"}],"predecessor-version":[{"id":23030,"href":"https:\/\/staviori.com.pl\/cs\/wp-json\/wp\/v2\/pages\/9292\/revisions\/23030"}],"wp:attachment":[{"href":"https:\/\/staviori.com.pl\/cs\/wp-json\/wp\/v2\/media?parent=9292"}],"curies":[{"name":"wp","href":"https:\/\/api.w.org\/{rel}","templated":true}]}}