{"id":9281,"date":"2023-04-26T19:09:30","date_gmt":"2023-04-26T17:09:30","guid":{"rendered":"https:\/\/staviori.com.pl\/?page_id=9281"},"modified":"2026-03-19T10:57:55","modified_gmt":"2026-03-19T09:57:55","slug":"wymiana","status":"publish","type":"page","link":"https:\/\/staviori.com.pl\/cs\/wymiana\/","title":{"rendered":"V\u00fdm\u011bna"},"content":{"rendered":"<section class=\"section has-scroll-for-more\" id=\"section_1756300089\">\n\t\t<div class=\"section-bg fill\" >\n\t\t\t<img loading=\"lazy\" decoding=\"async\" width=\"1350\" height=\"900\" src=\"https:\/\/staviori.com.pl\/wp-content\/uploads\/2023\/04\/7-1.jpg\" class=\"bg attachment-original size-original\" alt=\"\" \/>\t\t\t\t\t\t<button class=\"scroll-for-more z-5 icon absolute bottom h-center\" aria-label=\"Posu\u0148te se pro v\u00edce informac\u00ed\" data-no-translation-aria-label=\"\"><i class=\"icon-angle-down\" aria-hidden=\"true\" style=\"font-size:42px;\"><\/i><\/button>\n\t\t\t\n\n\t\t<\/div>\n\n\t\t\n\n\t\t<div class=\"section-content relative\">\n\t\t\t\n\n<div class=\"row\"  id=\"row-1913523369\">\n\n\n\t<div id=\"col-2135747763\" class=\"col small-12 large-12\"  >\n\t\t\t\t<div class=\"col-inner\"  >\n\t\t\t\n\t\t\t\n\n\t<div id=\"text-2918331134\" class=\"text\">\n\t\t\n\n<h2>V\u00fdm\u011bna<\/h2>\n\t\t\n<style>\n#text-2918331134 {\n  font-size: 2rem;\n  text-align: center;\n  color: rgb(0,0,0);\n}\n#text-2918331134 > * {\n  color: rgb(0,0,0);\n}\n<\/style>\n\t<\/div>\n\t\n\n\t\t<\/div>\n\t\t\t\t\n<style>\n#col-2135747763 > .col-inner {\n  margin: 129px 0px 0px 0px;\n}\n<\/style>\n\t<\/div>\n\n\t\n\n<\/div>\n\n\t\t<\/div>\n\n\t\t\n<style>\n#section_1756300089 {\n  padding-top: 30px;\n  padding-bottom: 30px;\n  min-height: 290px;\n}\n#section_1756300089 .section-bg img {\n  object-position: 49% 83%;\n}\n@media (min-width:550px) {\n  #section_1756300089 {\n    min-height: 450px;\n  }\n}\n<\/style>\n\t<\/section>\n\t\n\n\t<section class=\"section\" id=\"section_25572979\">\n\t\t<div class=\"section-bg fill\" >\n\t\t\t\t\t\t\t\t\t\n\t\t\t\n\n\t\t<\/div>\n\n\t\t\n\n\t\t<div class=\"section-content relative\">\n\t\t\t\n\n<div class=\"row align-center\"  id=\"row-314927064\">\n\n\n\t<div id=\"col-1148698870\" class=\"col medium-11 small-12 large-11\"  >\n\t\t\t\t<div class=\"col-inner\"  >\n\t\t\t\n\t\t\t\n\n<h2>V\u00fdm\u011bna<\/h2>\n<div class=\"is-divider divider clearfix\" ><\/div>\n\n<div class=\"row\"  id=\"row-1466614001\">\n\n\n\t<div id=\"col-574228360\" class=\"col small-12 large-12\"  >\n\t\t\t\t<div class=\"col-inner\"  >\n\t\t\t\n\t\t\t\n\n\t<div class=\"img has-hover x md-x lg-x y md-y lg-y\" id=\"image_1867393577\">\n\t\t\t\t\t\t\t\t<div class=\"img-inner dark\" >\n\t\t\t<img loading=\"lazy\" decoding=\"async\" width=\"900\" height=\"300\" src=\"https:\/\/staviori.com.pl\/wp-content\/uploads\/2023\/04\/gwarancja.jpg\" class=\"attachment-large size-large\" alt=\"\" srcset=\"https:\/\/staviori.com.pl\/wp-content\/uploads\/2023\/04\/gwarancja.jpg 900w, https:\/\/staviori.com.pl\/wp-content\/uploads\/2023\/04\/gwarancja-510x170.jpg 510w, https:\/\/staviori.com.pl\/wp-content\/uploads\/2023\/04\/gwarancja-300x100.jpg 300w, https:\/\/staviori.com.pl\/wp-content\/uploads\/2023\/04\/gwarancja-768x256.jpg 768w\" sizes=\"auto, (max-width: 900px) 100vw, 900px\" \/>\t\t\t\t\t\t\n\t\t\t\t\t<\/div>\n\t\t\t\t\t\t\t\t\n<style>\n#image_1867393577 {\n  width: 100%;\n}\n<\/style>\n\t<\/div>\n\t\n\n\n\t\t<\/div>\n\t\t\t\t\t<\/div>\n\n\t\n\n<\/div>\n<div class=\"row\"  id=\"row-1709355985\">\n\n\n\t<div id=\"col-341772942\" class=\"col small-12 large-12\"  >\n\t\t\t\t<div class=\"col-inner\"  >\n\t\t\t\n\t\t\t\n\n<h3>Krou\u017eek jin\u00e9 velikosti<\/h3>\n<p>Na\u0161im z\u00e1kazn\u00edk\u016fm poskytujeme bezplatnou v\u00fdm\u011bnu velikosti prstenu do 30 dn\u016f od n\u00e1kupu. Proto se p\u0159i n\u00e1kupu z\u00e1snubn\u00edho prstenu nemus\u00edte ob\u00e1vat, zda bude velikost spr\u00e1vn\u00e1.<\/p>\n<p>Pokud zjist\u00edte, \u017ee v\u00e1m prsten nesed\u00ed, kontaktujte n\u00e1s. Zajist\u00edme, aby n\u00e1m n\u00e1\u0161 kur\u00fdr prsten bezplatn\u011b vr\u00e1til a vym\u011bnil za spr\u00e1vnou velikost. (Plat\u00ed pouze pro prsteny ze zlata a drah\u00fdch kamen\u016f).<\/p>\n<p>M\u016f\u017ee se st\u00e1t, \u017ee je prsten ji\u017e no\u0161en\u00fd (nebo \u017ee n\u00e1hodou nem\u00e1me velikost, kterou pot\u0159ebujete), a v takov\u00e9m p\u0159\u00edpad\u011b je mo\u017en\u00e9, aby v\u00e1m n\u00e1\u0161 odborn\u00fd zlatn\u00edk velikost zm\u011bnil. Tot\u00e9\u017e plat\u00ed pro nestandardn\u00ed velikosti. Prvn\u00ed zm\u011bna velikosti je zdarma (pouze u zlat\u00fdch prsten\u016f s drah\u00fdmi kameny), s v\u00fdjimkou velikost\u00ed nad 18, v tomto p\u0159\u00edpad\u011b se cena zm\u011bny velikosti ur\u010duje individu\u00e1ln\u011b pro ka\u017ed\u00fd model.<\/p>\n<p>Upozor\u0148ujeme, \u017ee v p\u0159\u00edpad\u011b prsten\u016f vyroben\u00fdch na zak\u00e1zku nen\u00ed mo\u017en\u00e9 zm\u011bnit velikost prstenu, ale pouze jej nechat upravit na\u0161\u00edm odborn\u00fdm zlatn\u00edkem. Ov\u0161em pouze v p\u0159\u00edpad\u011b, \u017ee design prstenu zm\u011bnu velikosti umo\u017e\u0148uje!<\/p>\n<h3>\u0160perky<\/h3>\n<p>Na\u0161im z\u00e1kazn\u00edk\u016fm poskytujeme bezplatnou v\u00fdm\u011bnu \u0161perk\u016f do 30 dn\u016f od n\u00e1kupu.<br \/>V p\u0159\u00edpad\u011b, \u017ee \u0161perk nespl\u0148uje va\u0161e o\u010dek\u00e1v\u00e1n\u00ed a nebyl pou\u017e\u00edv\u00e1n, za\u0161lete n\u00e1m jej zp\u011bt a vym\u011bn\u00edme jej za jin\u00fd model. V t\u00e9to situaci z\u00e1kazn\u00edk hrad\u00ed pouze po\u0161tovn\u00e9 zp\u011bt k n\u00e1m.<br \/>U produkt\u016f na m\u00edru nen\u00ed mo\u017en\u00e1 v\u00fdm\u011bna!<\/p>\n<h3>Formul\u00e1\u0159 pro v\u00fdm\u011bnu\/st\u00ed\u017enost<\/h3>\n<p>Pokud pot\u0159ebujete v\u00fdrobek vym\u011bnit nebo po\u0161kodit, vytiskn\u011bte si pros\u00edm n\u00ed\u017ee uveden\u00fd formul\u00e1\u0159, vypl\u0148te jej a p\u0159ilo\u017ete k vracen\u00e9mu v\u00fdrobku.<\/p>\n<p><span style=\"color: #000000;\"><strong><a style=\"color: #000000;\" href=\"https:\/\/staviori.com.pl\/wp-content\/uploads\/2026\/03\/formularz_reklamacji.pdf\" data-wplink-edit=\"true\"><span style=\"background-color: #ffffff;\"><span style=\"color: #666699;\">TISK FORMUL\u00c1\u0158E VE FORM\u00c1TU PDF<\/span>&nbsp;<img loading=\"lazy\" decoding=\"async\" class=\"alignnone size-full wp-image-9275\" src=\"https:\/\/staviori.com.pl\/wp-content\/uploads\/2023\/04\/pdf1.png\" alt=\"\" width=\"120\" height=\"60\"><\/span><\/a><\/strong><\/span><\/p>\n\n\n\t\t<\/div>\n\t\t\t\t\t<\/div>\n\n\t\n\n<\/div>\n\n\t\t<\/div>\n\t\t\t\t\t<\/div>\n\n\t\n\n<\/div>\n\n\t\t<\/div>\n\n\t\t\n<style>\n#section_25572979 {\n  padding-top: 30px;\n  padding-bottom: 30px;\n}\n<\/style>\n\t<\/section>","protected":false},"excerpt":{"rendered":"","protected":false},"author":1,"featured_media":0,"parent":0,"menu_order":0,"comment_status":"closed","ping_status":"closed","template":"page-blank.php","meta":{"om_disable_all_campaigns":false,"footnotes":""},"class_list":["post-9281","page","type-page","status-publish","hentry"],"aioseo_notices":[],"_links":{"self":[{"href":"https:\/\/staviori.com.pl\/cs\/wp-json\/wp\/v2\/pages\/9281","targetHints":{"allow":["GET"]}}],"collection":[{"href":"https:\/\/staviori.com.pl\/cs\/wp-json\/wp\/v2\/pages"}],"about":[{"href":"https:\/\/staviori.com.pl\/cs\/wp-json\/wp\/v2\/types\/page"}],"author":[{"embeddable":true,"href":"https:\/\/staviori.com.pl\/cs\/wp-json\/wp\/v2\/users\/1"}],"replies":[{"embeddable":true,"href":"https:\/\/staviori.com.pl\/cs\/wp-json\/wp\/v2\/comments?post=9281"}],"version-history":[{"count":5,"href":"https:\/\/staviori.com.pl\/cs\/wp-json\/wp\/v2\/pages\/9281\/revisions"}],"predecessor-version":[{"id":23032,"href":"https:\/\/staviori.com.pl\/cs\/wp-json\/wp\/v2\/pages\/9281\/revisions\/23032"}],"wp:attachment":[{"href":"https:\/\/staviori.com.pl\/cs\/wp-json\/wp\/v2\/media?parent=9281"}],"curies":[{"name":"wp","href":"https:\/\/api.w.org\/{rel}","templated":true}]}}