{"id":9270,"date":"2023-04-26T18:48:49","date_gmt":"2023-04-26T16:48:49","guid":{"rendered":"https:\/\/staviori.com.pl\/?page_id=9270"},"modified":"2023-04-26T19:37:52","modified_gmt":"2023-04-26T17:37:52","slug":"gwarancja","status":"publish","type":"page","link":"https:\/\/staviori.com.pl\/cs\/gwarancja\/","title":{"rendered":"Z\u00e1ruka"},"content":{"rendered":"<section class=\"section has-scroll-for-more\" id=\"section_1189835513\">\n\t\t<div class=\"section-bg fill\" >\n\t\t\t<img loading=\"lazy\" decoding=\"async\" width=\"1431\" height=\"900\" src=\"https:\/\/staviori.com.pl\/wp-content\/uploads\/2023\/04\/63a.jpg\" class=\"bg attachment-original size-original\" alt=\"\" \/>\t\t\t\t\t\t<button class=\"scroll-for-more z-5 icon absolute bottom h-center\" aria-label=\"Posu\u0148te se pro v\u00edce informac\u00ed\" data-no-translation-aria-label=\"\"><i class=\"icon-angle-down\" aria-hidden=\"true\" style=\"font-size:42px;\"><\/i><\/button>\n\t\t\t\n\n\t\t<\/div>\n\n\t\t\n\n\t\t<div class=\"section-content relative\">\n\t\t\t\n\n<div class=\"row\"  id=\"row-24255291\">\n\n\n\t<div id=\"col-1552092316\" class=\"col small-12 large-12\"  >\n\t\t\t\t<div class=\"col-inner\"  >\n\t\t\t\n\t\t\t\n\n\t<div id=\"text-1637567562\" class=\"text\">\n\t\t\n\n<h2>Z\u00e1ruka<\/h2>\n\t\t\n<style>\n#text-1637567562 {\n  font-size: 2rem;\n  text-align: center;\n  color: rgb(0,0,0);\n}\n#text-1637567562 > * {\n  color: rgb(0,0,0);\n}\n<\/style>\n\t<\/div>\n\t\n\n\t\t<\/div>\n\t\t\t\t\n<style>\n#col-1552092316 > .col-inner {\n  margin: 129px 0px 0px 0px;\n}\n<\/style>\n\t<\/div>\n\n\t\n\n<\/div>\n\n\t\t<\/div>\n\n\t\t\n<style>\n#section_1189835513 {\n  padding-top: 30px;\n  padding-bottom: 30px;\n  min-height: 290px;\n}\n#section_1189835513 .section-bg img {\n  object-position: 92% 28%;\n}\n@media (min-width:550px) {\n  #section_1189835513 {\n    min-height: 450px;\n  }\n}\n<\/style>\n\t<\/section>\n\t\n\n\t<section class=\"section\" id=\"section_325873431\">\n\t\t<div class=\"section-bg fill\" >\n\t\t\t\t\t\t\t\t\t\n\t\t\t\n\n\t\t<\/div>\n\n\t\t\n\n\t\t<div class=\"section-content relative\">\n\t\t\t\n\n<div class=\"row align-center\"  id=\"row-1119945690\">\n\n\n\t<div id=\"col-832706202\" class=\"col medium-11 small-12 large-11\"  >\n\t\t\t\t<div class=\"col-inner\"  >\n\t\t\t\n\t\t\t\n\n<h2>Z\u00e1ruka<\/h2>\n<div class=\"is-divider divider clearfix\" ><\/div>\n\n\t<div id=\"text-815618804\" class=\"text\">\n\t\t\n\n<p>Na v\u0161echny v\u00fdrobky se vztahuje standardn\u00ed z\u00e1ruka v\u00fdrobce v d\u00e9lce 12 m\u011bs\u00edc\u016f, po uplynut\u00ed t\u00e9to doby v\u00e1m poskytujeme podm\u00edn\u011bnou z\u00e1ruku - pokud se n\u011bco stane, kontaktujte n\u00e1s, pokus\u00edme se v\u00e1m pomoci. Prod\u00e1v\u00e1me v\u00fdrobek, kter\u00fd nem\u00e1 pr\u00e1vo se rozb\u00edt, ale m\u011bjte pros\u00edm na pam\u011bti, \u017ee \u0161perk je mimo\u0159\u00e1dn\u011b choulostiv\u00fd v\u00fdrobek a podle toho je t\u0159eba s n\u00edm zach\u00e1zet.<br><br>Krom\u011b toho zna\u010dka Marcelllo Staviori nab\u00edz\u00ed sv\u00fdm z\u00e1kazn\u00edk\u016fm ka\u017edoro\u010dn\u00ed bezplatnou slu\u017ebu obnovy\/\u010di\u0161t\u011bn\u00ed zakoupen\u00fdch zlat\u00fdch \u0161perk\u016f s drah\u00fdmi kameny. P\u0159edpokladem pro tuto slu\u017ebu je zasl\u00e1n\u00ed \u0161perku a \u00fahrada n\u00e1klad\u016f na zp\u011btn\u00e9 po\u0161tovn\u00e9.<\/p>\n\t\t\n<style>\n#text-815618804 {\n  font-size: 0.95rem;\n}\n<\/style>\n\t<\/div>\n\t\n<div class=\"row\"  id=\"row-1681912420\">\n\n\n\t<div id=\"col-51386961\" class=\"col small-12 large-12\"  >\n\t\t\t\t<div class=\"col-inner\"  >\n\t\t\t\n\t\t\t\n\n\t<div class=\"img has-hover x md-x lg-x y md-y lg-y\" id=\"image_24828140\">\n\t\t\t\t\t\t\t\t<div class=\"img-inner dark\" >\n\t\t\t<img loading=\"lazy\" decoding=\"async\" width=\"900\" height=\"300\" src=\"https:\/\/staviori.com.pl\/wp-content\/uploads\/2023\/04\/odswiezymy.jpg\" class=\"attachment-large size-large\" alt=\"\" srcset=\"https:\/\/staviori.com.pl\/wp-content\/uploads\/2023\/04\/odswiezymy.jpg 900w, https:\/\/staviori.com.pl\/wp-content\/uploads\/2023\/04\/odswiezymy-510x170.jpg 510w, https:\/\/staviori.com.pl\/wp-content\/uploads\/2023\/04\/odswiezymy-300x100.jpg 300w, https:\/\/staviori.com.pl\/wp-content\/uploads\/2023\/04\/odswiezymy-768x256.jpg 768w\" sizes=\"auto, (max-width: 900px) 100vw, 900px\" \/>\t\t\t\t\t\t\n\t\t\t\t\t<\/div>\n\t\t\t\t\t\t\t\t\n<style>\n#image_24828140 {\n  width: 100%;\n}\n<\/style>\n\t<\/div>\n\t\n\n\n\t\t<\/div>\n\t\t\t\t\t<\/div>\n\n\t\n\n<\/div>\n<div class=\"row\"  id=\"row-2132156827\">\n\n\n\t<div id=\"col-1976006978\" class=\"col small-12 large-12\"  >\n\t\t\t\t<div class=\"col-inner\"  >\n\t\t\t\n\t\t\t\n\n<h2>Formul\u00e1\u0159 pro st\u00ed\u017enost\/v\u00fdm\u011bnu<\/h2>\n<div class=\"is-divider divider clearfix\" ><\/div>\n\n<p>Pokud pot\u0159ebujete v\u00fdrobek vym\u011bnit nebo po\u0161kodit, vytiskn\u011bte si pros\u00edm n\u00ed\u017ee uveden\u00fd formul\u00e1\u0159, vypl\u0148te jej a p\u0159ilo\u017ete k vracen\u00e9mu v\u00fdrobku.<\/p>\n<p><span style=\"color: #000000;\"><strong><a style=\"color: #000000;\" href=\"https:\/\/staviori.com.pl\/wp-content\/uploads\/2023\/04\/formularz.pdf\" data-wplink-edit=\"true\"><span style=\"background-color: #ffffff;\"><span style=\"color: #666699;\">TISK FORMUL\u00c1\u0158E VE FORM\u00c1TU PDF<\/span>\u00a0<img loading=\"lazy\" decoding=\"async\" class=\"alignnone size-full wp-image-9275\" src=\"https:\/\/staviori.com.pl\/wp-content\/uploads\/2023\/04\/pdf1.png\" alt=\"\" width=\"120\" height=\"60\" \/><\/span><\/a><\/strong><\/span><\/p>\n\n\t\t<\/div>\n\t\t\t\t\t<\/div>\n\n\t\n\n<\/div>\n\n\t\t<\/div>\n\t\t\t\t\t<\/div>\n\n\t\n\n<\/div>\n\n\t\t<\/div>\n\n\t\t\n<style>\n#section_325873431 {\n  padding-top: 30px;\n  padding-bottom: 30px;\n}\n<\/style>\n\t<\/section>","protected":false},"excerpt":{"rendered":"","protected":false},"author":1,"featured_media":0,"parent":0,"menu_order":0,"comment_status":"closed","ping_status":"closed","template":"page-blank.php","meta":{"om_disable_all_campaigns":false,"footnotes":""},"class_list":["post-9270","page","type-page","status-publish","hentry"],"aioseo_notices":[],"_links":{"self":[{"href":"https:\/\/staviori.com.pl\/cs\/wp-json\/wp\/v2\/pages\/9270","targetHints":{"allow":["GET"]}}],"collection":[{"href":"https:\/\/staviori.com.pl\/cs\/wp-json\/wp\/v2\/pages"}],"about":[{"href":"https:\/\/staviori.com.pl\/cs\/wp-json\/wp\/v2\/types\/page"}],"author":[{"embeddable":true,"href":"https:\/\/staviori.com.pl\/cs\/wp-json\/wp\/v2\/users\/1"}],"replies":[{"embeddable":true,"href":"https:\/\/staviori.com.pl\/cs\/wp-json\/wp\/v2\/comments?post=9270"}],"version-history":[{"count":6,"href":"https:\/\/staviori.com.pl\/cs\/wp-json\/wp\/v2\/pages\/9270\/revisions"}],"predecessor-version":[{"id":9315,"href":"https:\/\/staviori.com.pl\/cs\/wp-json\/wp\/v2\/pages\/9270\/revisions\/9315"}],"wp:attachment":[{"href":"https:\/\/staviori.com.pl\/cs\/wp-json\/wp\/v2\/media?parent=9270"}],"curies":[{"name":"wp","href":"https:\/\/api.w.org\/{rel}","templated":true}]}}