{"id":9265,"date":"2023-04-26T18:46:06","date_gmt":"2023-04-26T16:46:06","guid":{"rendered":"https:\/\/staviori.com.pl\/?page_id=9265"},"modified":"2023-04-26T19:37:23","modified_gmt":"2023-04-26T17:37:23","slug":"czas-dostawy","status":"publish","type":"page","link":"https:\/\/staviori.com.pl\/cs\/czas-dostawy\/","title":{"rendered":"Doba dod\u00e1n\u00ed"},"content":{"rendered":"<section class=\"section has-scroll-for-more\" id=\"section_1861119115\">\n\t\t<div class=\"section-bg fill\" >\n\t\t\t<img loading=\"lazy\" decoding=\"async\" width=\"1350\" height=\"900\" src=\"https:\/\/staviori.com.pl\/wp-content\/uploads\/2023\/04\/5.jpg\" class=\"bg attachment-original size-original\" alt=\"\" \/>\t\t\t\t\t\t<button class=\"scroll-for-more z-5 icon absolute bottom h-center\" aria-label=\"Posu\u0148te se pro v\u00edce informac\u00ed\" data-no-translation-aria-label=\"\"><i class=\"icon-angle-down\" aria-hidden=\"true\" style=\"font-size:42px;\"><\/i><\/button>\n\t\t\t\n\n\t\t<\/div>\n\n\t\t\n\n\t\t<div class=\"section-content relative\">\n\t\t\t\n\n<div class=\"row\"  id=\"row-1623286825\">\n\n\n\t<div id=\"col-1828507537\" class=\"col small-12 large-12\"  >\n\t\t\t\t<div class=\"col-inner\"  >\n\t\t\t\n\t\t\t\n\n\t<div id=\"text-2004315918\" class=\"text\">\n\t\t\n\n<h2>Doba dod\u00e1n\u00ed<\/h2>\n\t\t\n<style>\n#text-2004315918 {\n  font-size: 2rem;\n  text-align: center;\n  color: rgb(0,0,0);\n}\n#text-2004315918 > * {\n  color: rgb(0,0,0);\n}\n<\/style>\n\t<\/div>\n\t\n\n\t\t<\/div>\n\t\t\t\t\n<style>\n#col-1828507537 > .col-inner {\n  margin: 129px 0px 0px 0px;\n}\n<\/style>\n\t<\/div>\n\n\t\n\n<\/div>\n\n\t\t<\/div>\n\n\t\t\n<style>\n#section_1861119115 {\n  padding-top: 30px;\n  padding-bottom: 30px;\n  min-height: 290px;\n}\n#section_1861119115 .section-bg img {\n  object-position: 37% 78%;\n}\n@media (min-width:550px) {\n  #section_1861119115 {\n    min-height: 450px;\n  }\n}\n<\/style>\n\t<\/section>\n\t\n\n\t<section class=\"section\" id=\"section_976981890\">\n\t\t<div class=\"section-bg fill\" >\n\t\t\t\t\t\t\t\t\t\n\t\t\t\n\n\t\t<\/div>\n\n\t\t\n\n\t\t<div class=\"section-content relative\">\n\t\t\t\n\n<div class=\"row align-center\"  id=\"row-487315775\">\n\n\n\t<div id=\"col-395790504\" class=\"col medium-11 small-12 large-11\"  >\n\t\t\t\t<div class=\"col-inner\"  >\n\t\t\t\n\t\t\t\n\n<h2>Doba dod\u00e1n\u00ed<\/h2>\n<div class=\"is-divider divider clearfix\" ><\/div>\n\n\t<div id=\"text-809143735\" class=\"text\">\n\t\t\n\n<div class=\"pyt\">\n<h3>Sna\u017e\u00edme se, aby se objednan\u00e9 zbo\u017e\u00ed dostalo k z\u00e1kazn\u00edkovi co nejrychleji, a proto jsou objedn\u00e1vky vy\u0159izov\u00e1ny pokud mo\u017eno okam\u017eit\u011b.<\/h3>\n<p>Dodac\u00ed lh\u016fta (expedice) va\u0161\u00ed objedn\u00e1vky je maxim\u00e1ln\u011b 24 hodin, a to i do Evropsk\u00e9 unie, s v\u00fdjimkou \u0161perk\u016f dostupn\u00fdch na vy\u017e\u00e1d\u00e1n\u00ed 1 t\u00fdden, \u0161perk\u016f vyroben\u00fdch na zak\u00e1zku (cca 4 t\u00fddny) a nestandardn\u00edch velikost\u00ed prsten\u016f (v tomto p\u0159\u00edpad\u011b n\u00e1s pros\u00edm kontaktujte ohledn\u011b dodac\u00ed lh\u016fty).<\/p>\n<p>Vyu\u017e\u00edv\u00e1me slu\u017ebu Pocztex 24 s garantovanou dobou dod\u00e1n\u00ed. V p\u0159\u00edpad\u011b dvou ne\u00fasp\u011b\u0161n\u00fdch pokus\u016f o doru\u010den\u00ed kur\u00fdrem je nav\u00edc mo\u017en\u00e9 z\u00e1silku vyzvednout na nejbli\u017e\u0161\u00ed po\u0161t\u011b.<\/p>\n<p>Pro z\u00e1silky do Evropsk\u00e9 unie naopak vyu\u017e\u00edv\u00e1me kur\u00fdrn\u00ed slu\u017ebu GLS, proto\u017ee se jedn\u00e1 o nejlevn\u011bj\u0161\u00ed formu doru\u010den\u00ed, tak\u017ee z\u00e1kazn\u00edci nemus\u00ed platit dal\u0161\u00ed n\u00e1klady.<\/p>\n<h3>V\u0161echny z\u00e1silky jsou poji\u0161t\u011bn\u00e9 a pe\u010dliv\u011b zabalen\u00e9.<\/h3>\n<p>P\u0159eb\u00edr\u00e1me plnou odpov\u011bdnost za to, \u017ee v\u00e1m zbo\u017e\u00ed doru\u010d\u00edme v bezvadn\u00e9m stavu. Spolu s potvrzen\u00edm o odesl\u00e1n\u00ed obdr\u017e\u00edte e-mailem \u010d\u00edslo z\u00e1silky, abyste mohli sv\u016fj bal\u00ed\u010dek sledovat.<br>Pokud dojde ke ztr\u00e1t\u011b nebo po\u0161kozen\u00ed z\u00e1silky, za\u0161leme z\u00e1kazn\u00edkovi novou z\u00e1silku.<\/p>\n<h3>Osobn\u00ed sb\u00edrka<\/h3>\n<p>V sou\u010dasn\u00e9 dob\u011b nem\u00e1me obchod ani sb\u011brn\u00e9 m\u00edsto.<\/p>\n<h3>&nbsp;<\/h3>\n<p>Po domluv\u011b je v\u0161ak mo\u017en\u00e9 si zbo\u017e\u00ed vyzvednout osobn\u011b v na\u0161em skladu v Poznani.<br>V takov\u00e9m p\u0159\u00edpad\u011b n\u00e1s kontaktujte e-mailem nebo na na\u0161\u00ed infolince.<\/p>\n<\/div>\n\t\t\n<style>\n#text-809143735 {\n  font-size: 0.95rem;\n}\n<\/style>\n\t<\/div>\n\t\n\n\t\t<\/div>\n\t\t\t\t\t<\/div>\n\n\t\n\n<\/div>\n\n\t\t<\/div>\n\n\t\t\n<style>\n#section_976981890 {\n  padding-top: 30px;\n  padding-bottom: 30px;\n}\n<\/style>\n\t<\/section>","protected":false},"excerpt":{"rendered":"","protected":false},"author":1,"featured_media":0,"parent":0,"menu_order":0,"comment_status":"closed","ping_status":"closed","template":"page-blank.php","meta":{"om_disable_all_campaigns":false,"footnotes":""},"class_list":["post-9265","page","type-page","status-publish","hentry"],"aioseo_notices":[],"_links":{"self":[{"href":"https:\/\/staviori.com.pl\/cs\/wp-json\/wp\/v2\/pages\/9265","targetHints":{"allow":["GET"]}}],"collection":[{"href":"https:\/\/staviori.com.pl\/cs\/wp-json\/wp\/v2\/pages"}],"about":[{"href":"https:\/\/staviori.com.pl\/cs\/wp-json\/wp\/v2\/types\/page"}],"author":[{"embeddable":true,"href":"https:\/\/staviori.com.pl\/cs\/wp-json\/wp\/v2\/users\/1"}],"replies":[{"embeddable":true,"href":"https:\/\/staviori.com.pl\/cs\/wp-json\/wp\/v2\/comments?post=9265"}],"version-history":[{"count":4,"href":"https:\/\/staviori.com.pl\/cs\/wp-json\/wp\/v2\/pages\/9265\/revisions"}],"predecessor-version":[{"id":9313,"href":"https:\/\/staviori.com.pl\/cs\/wp-json\/wp\/v2\/pages\/9265\/revisions\/9313"}],"wp:attachment":[{"href":"https:\/\/staviori.com.pl\/cs\/wp-json\/wp\/v2\/media?parent=9265"}],"curies":[{"name":"wp","href":"https:\/\/api.w.org\/{rel}","templated":true}]}}