{"id":9256,"date":"2023-04-26T18:37:59","date_gmt":"2023-04-26T16:37:59","guid":{"rendered":"https:\/\/staviori.com.pl\/?page_id=9256"},"modified":"2023-04-26T18:45:00","modified_gmt":"2023-04-26T16:45:00","slug":"koszty-wysylki","status":"publish","type":"page","link":"https:\/\/staviori.com.pl\/cs\/koszty-wysylki\/","title":{"rendered":"N\u00e1klady na dopravu"},"content":{"rendered":"<section class=\"section has-scroll-for-more\" id=\"section_1967277489\">\n\t\t<div class=\"section-bg fill\" >\n\t\t\t<img loading=\"lazy\" decoding=\"async\" width=\"1920\" height=\"1080\" src=\"https:\/\/staviori.com.pl\/wp-content\/uploads\/2023\/04\/KZD4016T_8-1.jpg\" class=\"bg attachment-original size-original\" alt=\"\" \/>\t\t\t\t\t\t<button class=\"scroll-for-more z-5 icon absolute bottom h-center\" aria-label=\"Posu\u0148te se pro v\u00edce informac\u00ed\" data-no-translation-aria-label=\"\"><i class=\"icon-angle-down\" aria-hidden=\"true\" style=\"font-size:42px;\"><\/i><\/button>\n\t\t\t\n\n\t\t<\/div>\n\n\t\t\n\n\t\t<div class=\"section-content relative\">\n\t\t\t\n\n<div class=\"row\"  id=\"row-1276722052\">\n\n\n\t<div id=\"col-1200268721\" class=\"col small-12 large-12\"  >\n\t\t\t\t<div class=\"col-inner\"  >\n\t\t\t\n\t\t\t\n\n\t<div id=\"text-85905451\" class=\"text\">\n\t\t\n\n<h2>N\u00e1klady na dopravu<\/h2>\n\t\t\n<style>\n#text-85905451 {\n  font-size: 2rem;\n  text-align: center;\n  color: rgb(0,0,0);\n}\n#text-85905451 > * {\n  color: rgb(0,0,0);\n}\n<\/style>\n\t<\/div>\n\t\n\n\t\t<\/div>\n\t\t\t\t\n<style>\n#col-1200268721 > .col-inner {\n  margin: 129px 0px 0px 0px;\n}\n<\/style>\n\t<\/div>\n\n\t\n\n<\/div>\n\n\t\t<\/div>\n\n\t\t\n<style>\n#section_1967277489 {\n  padding-top: 30px;\n  padding-bottom: 30px;\n  min-height: 290px;\n}\n#section_1967277489 .section-bg img {\n  object-position: 92% 28%;\n}\n@media (min-width:550px) {\n  #section_1967277489 {\n    min-height: 450px;\n  }\n}\n<\/style>\n\t<\/section>\n\t\n\n\t<section class=\"section\" id=\"section_1316640156\">\n\t\t<div class=\"section-bg fill\" >\n\t\t\t\t\t\t\t\t\t\n\t\t\t\n\n\t\t<\/div>\n\n\t\t\n\n\t\t<div class=\"section-content relative\">\n\t\t\t\n\n<div class=\"row align-center\"  id=\"row-1132685414\">\n\n\n\t<div id=\"col-684496903\" class=\"col medium-11 small-12 large-11\"  >\n\t\t\t\t<div class=\"col-inner\"  >\n\t\t\t\n\t\t\t\n\n<h2>N\u00e1klady na dopravu<\/h2>\n<div class=\"is-divider divider clearfix\" ><\/div>\n\n\t<div id=\"text-1952358246\" class=\"text\">\n\t\t\n\n<div class=\"pyt\">\n<h3>V\u0161echny na\u0161e z\u00e1silky jsou poji\u0161t\u011bn\u00e9 a pe\u010dliv\u011b zabalen\u00e9. P\u0159eb\u00edr\u00e1me plnou zodpov\u011bdnost za doru\u010den\u00ed zbo\u017e\u00ed z\u00e1kazn\u00edkovi v bezvadn\u00e9m stavu. V p\u0159\u00edpad\u011b ztr\u00e1ty nebo po\u0161kozen\u00ed za\u0161leme z\u00e1kazn\u00edkovi znovu nov\u00fd bal\u00ed\u010dek.<\/h3>\n<h3>Spolu s potvrzen\u00edm o odesl\u00e1n\u00ed obdr\u017e\u00edte e-mailem \u010d\u00edslo z\u00e1silky, abyste mohli sledovat jej\u00ed pohyb.<\/h3>\n<\/div>\n\t\t\n<style>\n#text-1952358246 {\n  font-size: 0.95rem;\n}\n<\/style>\n\t<\/div>\n\t\n<div class=\"row\"  id=\"row-718048745\">\n\n\n\t<div id=\"col-1918739956\" class=\"col small-12 large-12\"  >\n\t\t\t\t<div class=\"col-inner\"  >\n\t\t\t\n\t\t\t\n\n<div class=\"is-divider divider clearfix\" ><\/div>\n\n\t<div class=\"img has-hover x md-x lg-x y md-y lg-y\" id=\"image_1922151135\">\n\t\t\t\t\t\t\t\t<div class=\"img-inner dark\" >\n\t\t\t<img loading=\"lazy\" decoding=\"async\" width=\"900\" height=\"180\" src=\"https:\/\/staviori.com.pl\/wp-content\/uploads\/2023\/04\/krajowe.jpg\" class=\"attachment-original size-original\" alt=\"\" srcset=\"https:\/\/staviori.com.pl\/wp-content\/uploads\/2023\/04\/krajowe.jpg 900w, https:\/\/staviori.com.pl\/wp-content\/uploads\/2023\/04\/krajowe-510x102.jpg 510w, https:\/\/staviori.com.pl\/wp-content\/uploads\/2023\/04\/krajowe-300x60.jpg 300w, https:\/\/staviori.com.pl\/wp-content\/uploads\/2023\/04\/krajowe-768x154.jpg 768w\" sizes=\"auto, (max-width: 900px) 100vw, 900px\" \/>\t\t\t\t\t\t\n\t\t\t\t\t<\/div>\n\t\t\t\t\t\t\t\t\n<style>\n#image_1922151135 {\n  width: 100%;\n}\n<\/style>\n\t<\/div>\n\t\n\n\n\t\t<\/div>\n\t\t\t\t\t<\/div>\n\n\t\n\n<\/div>\n<div class=\"row\"  id=\"row-2012755715\">\n\n\n\t<div id=\"col-1563813864\" class=\"col small-12 large-12\"  >\n\t\t\t\t<div class=\"col-inner\"  >\n\t\t\t\n\t\t\t\n\n\t<div id=\"text-1681760405\" class=\"text\">\n\t\t\n\n<h3>Pocztex 24hodinov\u00e1 kur\u00fdrn\u00ed slu\u017eba poji\u0161t\u011bna:<br>- objedn\u00e1vka v hodnot\u011b do 200 PLN p\u0159i platb\u011b bankovn\u00edm p\u0159evodem - cena 15z?<br>- objedn\u00e1vka nad 200 PLN p\u0159i platb\u011b bankovn\u00edm p\u0159evodem - zdarma<br>- platba na dob\u00edrku - cena 20 pln<\/h3>\n\t\t\n<style>\n#text-1681760405 {\n  font-size: 0.95rem;\n}\n<\/style>\n\t<\/div>\n\t\n<div class=\"is-divider divider clearfix\" ><\/div>\n\n<div class=\"row\"  id=\"row-1487021476\">\n\n\n\t<div id=\"col-1593159243\" class=\"col small-12 large-12\"  >\n\t\t\t\t<div class=\"col-inner\"  >\n\t\t\t\n\t\t\t\n\n\t<div class=\"img has-hover x md-x lg-x y md-y lg-y\" id=\"image_1341735193\">\n\t\t\t\t\t\t\t\t<div class=\"img-inner dark\" >\n\t\t\t<img loading=\"lazy\" decoding=\"async\" width=\"900\" height=\"180\" src=\"https:\/\/staviori.com.pl\/wp-content\/uploads\/2023\/04\/zagraniczne.jpg\" class=\"attachment-original size-original\" alt=\"\" srcset=\"https:\/\/staviori.com.pl\/wp-content\/uploads\/2023\/04\/zagraniczne.jpg 900w, https:\/\/staviori.com.pl\/wp-content\/uploads\/2023\/04\/zagraniczne-510x102.jpg 510w, https:\/\/staviori.com.pl\/wp-content\/uploads\/2023\/04\/zagraniczne-300x60.jpg 300w, https:\/\/staviori.com.pl\/wp-content\/uploads\/2023\/04\/zagraniczne-768x154.jpg 768w\" sizes=\"auto, (max-width: 900px) 100vw, 900px\" \/>\t\t\t\t\t\t\n\t\t\t\t\t<\/div>\n\t\t\t\t\t\t\t\t\n<style>\n#image_1341735193 {\n  width: 100%;\n}\n<\/style>\n\t<\/div>\n\t\n\n\n\t\t<\/div>\n\t\t\t\t\t<\/div>\n\n\t\n\n<\/div>\n\n\t\t<\/div>\n\t\t\t\t\t<\/div>\n\n\t\n\n<\/div>\n<div class=\"row\"  id=\"row-1621966742\">\n\n\n\t<div id=\"col-1363277147\" class=\"col small-12 large-12\"  >\n\t\t\t\t<div class=\"col-inner\"  >\n\t\t\t\n\t\t\t\n\n\t<div id=\"text-1835998008\" class=\"text\">\n\t\t\n\n<h3>Rakousko, Belgie, \u010cesk\u00e1 republika, Nizozemsko, N\u011bmecko, Slovensko<br><br>Kur\u00fdrn\u00ed slu\u017eba GLS 2-3 dny poji\u0161t\u011bn\u00e1:<br>- objedn\u00e1vka v hodnot\u011b do 1 000 PLN p\u0159i platb\u011b bankovn\u00edm p\u0159evodem - cena 40 PLN.<br>- objedn\u00e1vka nad 1000zl p\u0159i platb\u011b bankovn\u00edm p\u0159evodem - zdarma<\/h3>\n<p>&nbsp;<\/p>\n<h3><br>Bulharsko, D\u00e1nsko, Francie, Lucembursko, Litva, Slovinsko, Ma\u010farsko, Velk\u00e1 Brit\u00e1nie.<br><br>Kur\u00fdrn\u00ed slu\u017eba GLS 2-3 dny poji\u0161t\u011bn\u00e1:<br>- objedn\u00e1vka v hodnot\u011b do 1 000 PLN p\u0159i platb\u011b bankovn\u00edm p\u0159evodem - cena 50 PLN.<br>- objedn\u00e1vka nad 1000zl p\u0159i platb\u011b bankovn\u00edm p\u0159evodem - zdarma<\/h3>\n<p>&nbsp;<\/p>\n<h3><br>Estonsko, \u0160pan\u011blsko, Loty\u0161sko, Portugalsko, Rumunsko, \u0160v\u00e9dsko, \u0160v\u00fdcarsko, It\u00e1lie.<br><br>Kur\u00fdrn\u00ed slu\u017eba GLS 2-3 dny poji\u0161t\u011bn\u00e1:<br>- objedn\u00e1vka v hodnot\u011b do 1 000 PLN p\u0159i platb\u011b bankovn\u00edm p\u0159evodem - cena 70 PLN.<br>- objedn\u00e1vka nad 1000zl p\u0159i platb\u011b bankovn\u00edm p\u0159evodem - zdarma<\/h3>\n<p>&nbsp;<\/p>\n<h3><br>Chorvatsko, Finsko, \u0158ecko, Irsko, Lichten\u0161tejnsko, Srbsko<br><br>Kur\u00fdrn\u00ed slu\u017eba GLS 2-3 dny poji\u0161t\u011bn\u00e1:<br>- objedn\u00e1vka v hodnot\u011b do 1 500 PLN p\u0159i platb\u011b bankovn\u00edm p\u0159evodem - cena 100 PLN.<br>- objedn\u00e1vky nad 1 500 liber s platbou bankovn\u00edm p\u0159evodem - zdarma<\/h3>\n<p>&nbsp;<\/p>\n<h3><br>Kypr, Malta, Norsko, Turecko<br><br>Kur\u00fdrn\u00ed slu\u017eba GLS 2-3 dny poji\u0161t\u011bn\u00e1:<br>- objedn\u00e1vka v hodnot\u011b do 2 000 PLN p\u0159i platb\u011b bankovn\u00edm p\u0159evodem - cena 150 PLN.<br>- objedn\u00e1vky nad 2 000 PLN p\u0159i platb\u011b bankovn\u00edm p\u0159evodem - zdarma<\/h3>\n<p>&nbsp;<\/p>\n<h3><br>USA a Kanada<br><br>Kur\u00fdrn\u00ed slu\u017eba UPS 2-3 dny poji\u0161t\u011bn\u00e1:<br>- objedn\u00e1vka v hodnot\u011b do 2 000 PLN p\u0159i platb\u011b bankovn\u00edm p\u0159evodem - cena 200 PLN.<br>- objedn\u00e1vky nad 2 000 PLN p\u0159i platb\u011b bankovn\u00edm p\u0159evodem - zdarma<\/h3>\n<p>&nbsp;<\/p>\n<h3><br>Ostatn\u00ed zem\u011b<br><br>Kur\u00fdrn\u00ed slu\u017eba FEDEX 2-3 dny poji\u0161t\u011bn\u00e9:<br>- objedn\u00e1vka v hodnot\u011b do 3 000 PLN p\u0159i platb\u011b bankovn\u00edm p\u0159evodem - cena 300 PLN<br>- objedn\u00e1vka v hodnot\u011b nad 3 000 PLN p\u0159i platb\u011b bankovn\u00edm p\u0159evodem - zdarma.<\/h3>\n<p>&nbsp;<\/p>\n<h3>&nbsp;<\/h3>\n<p>POZN\u00c1MKA: U z\u00e1silek mimo Evropskou unii hrad\u00ed ve\u0161ker\u00e1 cla a dal\u0161\u00ed m\u00edstn\u00ed dan\u011b z\u00e1kazn\u00edk.<\/p>\n\t\t\n<style>\n#text-1835998008 {\n  font-size: 0.95rem;\n}\n<\/style>\n\t<\/div>\n\t\n\n\t\t<\/div>\n\t\t\t\t\t<\/div>\n\n\t\n\n<\/div>\n\n\t\t<\/div>\n\t\t\t\t\t<\/div>\n\n\t\n\n<\/div>\n\n\t\t<\/div>\n\n\t\t\n<style>\n#section_1316640156 {\n  padding-top: 30px;\n  padding-bottom: 30px;\n}\n<\/style>\n\t<\/section>","protected":false},"excerpt":{"rendered":"","protected":false},"author":1,"featured_media":0,"parent":0,"menu_order":0,"comment_status":"closed","ping_status":"closed","template":"page-blank.php","meta":{"om_disable_all_campaigns":false,"footnotes":""},"class_list":["post-9256","page","type-page","status-publish","hentry"],"aioseo_notices":[],"_links":{"self":[{"href":"https:\/\/staviori.com.pl\/cs\/wp-json\/wp\/v2\/pages\/9256","targetHints":{"allow":["GET"]}}],"collection":[{"href":"https:\/\/staviori.com.pl\/cs\/wp-json\/wp\/v2\/pages"}],"about":[{"href":"https:\/\/staviori.com.pl\/cs\/wp-json\/wp\/v2\/types\/page"}],"author":[{"embeddable":true,"href":"https:\/\/staviori.com.pl\/cs\/wp-json\/wp\/v2\/users\/1"}],"replies":[{"embeddable":true,"href":"https:\/\/staviori.com.pl\/cs\/wp-json\/wp\/v2\/comments?post=9256"}],"version-history":[{"count":4,"href":"https:\/\/staviori.com.pl\/cs\/wp-json\/wp\/v2\/pages\/9256\/revisions"}],"predecessor-version":[{"id":9263,"href":"https:\/\/staviori.com.pl\/cs\/wp-json\/wp\/v2\/pages\/9256\/revisions\/9263"}],"wp:attachment":[{"href":"https:\/\/staviori.com.pl\/cs\/wp-json\/wp\/v2\/media?parent=9256"}],"curies":[{"name":"wp","href":"https:\/\/api.w.org\/{rel}","templated":true}]}}