{"id":9221,"date":"2023-04-25T18:57:25","date_gmt":"2023-04-25T16:57:25","guid":{"rendered":"https:\/\/staviori.com.pl\/?page_id=9221"},"modified":"2023-04-25T19:06:57","modified_gmt":"2023-04-25T17:06:57","slug":"4c-charakterystyka-diamentow","status":"publish","type":"page","link":"https:\/\/staviori.com.pl\/cs\/4c-charakterystyka-diamentow\/","title":{"rendered":"4C - vlastnosti diamant\u016f"},"content":{"rendered":"<section class=\"section has-scroll-for-more\" id=\"section_1636849203\">\n\t\t<div class=\"section-bg fill\" >\n\t\t\t<img loading=\"lazy\" decoding=\"async\" width=\"1920\" height=\"1080\" src=\"https:\/\/staviori.com.pl\/wp-content\/uploads\/2023\/04\/170.jpg\" class=\"bg attachment-original size-original\" alt=\"\" \/>\t\t\t\t\t\t<button class=\"scroll-for-more z-5 icon absolute bottom h-center\" aria-label=\"Posu\u0148te se pro v\u00edce informac\u00ed\" data-no-translation-aria-label=\"\"><i class=\"icon-angle-down\" aria-hidden=\"true\" style=\"font-size:42px;\"><\/i><\/button>\n\t\t\t\n\n\t\t<\/div>\n\n\t\t\n\n\t\t<div class=\"section-content relative\">\n\t\t\t\n\n<div class=\"row\"  id=\"row-1224711862\">\n\n\n\t<div id=\"col-486745607\" class=\"col small-12 large-12\"  >\n\t\t\t\t<div class=\"col-inner\"  >\n\t\t\t\n\t\t\t\n\n\t<div id=\"text-1736114657\" class=\"text\">\n\t\t\n\n<h2>4C - vlastnosti diamant\u016f<\/h2>\n\t\t\n<style>\n#text-1736114657 {\n  font-size: 2rem;\n  text-align: center;\n  color: rgb(0,0,0);\n}\n#text-1736114657 > * {\n  color: rgb(0,0,0);\n}\n<\/style>\n\t<\/div>\n\t\n\n\t\t<\/div>\n\t\t\t\t\n<style>\n#col-486745607 > .col-inner {\n  margin: 129px 0px 0px 0px;\n}\n<\/style>\n\t<\/div>\n\n\t\n\n<\/div>\n\n\t\t<\/div>\n\n\t\t\n<style>\n#section_1636849203 {\n  padding-top: 30px;\n  padding-bottom: 30px;\n  min-height: 290px;\n}\n#section_1636849203 .section-bg img {\n  object-position: 47% 72%;\n}\n@media (min-width:550px) {\n  #section_1636849203 {\n    min-height: 450px;\n  }\n}\n<\/style>\n\t<\/section>\n\t\n\n\t<section class=\"section\" id=\"section_1746573870\">\n\t\t<div class=\"section-bg fill\" >\n\t\t\t\t\t\t\t\t\t\n\t\t\t\n\n\t\t<\/div>\n\n\t\t\n\n\t\t<div class=\"section-content relative\">\n\t\t\t\n\n<div class=\"row\"  id=\"row-992916401\">\n\n\n\t<div id=\"col-369557397\" class=\"col small-12 large-12\"  >\n\t\t\t\t<div class=\"col-inner\"  >\n\t\t\t\n\t\t\t\n\n<h2>Staviori Boutique<\/h2>\n<div class=\"is-divider divider clearfix\" ><\/div>\n\n<h2>Hmotnost (kar\u00e1t)<\/h2>\n<p>Hmotnost diamant\u016f se ud\u00e1v\u00e1 v kar\u00e1tech. Jeden kar\u00e1t je 0,2 gramu. Kar\u00e1t je jednotka, kter\u00e1 se d\u011bl\u00ed na 100 bod\u016f, tak\u017ee nap\u0159\u00edklad 10bodov\u00fd diamant bude m\u00edt hmotnost 1\/10 kar\u00e1tu, obecn\u011b ozna\u010dovanou jako 0,10 ct.<\/p>\n<h2>Clarity<\/h2>\n<p>V\u0161echny diamanty nesou stopy sv\u00e9ho stalet\u00e9ho v\u00fdvoje. Mikroskopick\u00e9 inkluze, zn\u00e1m\u00e9 tak\u00e9 jako \"vm\u011bstky\", jsou neodmyslitelnou vlastnost\u00ed drah\u00fdch kamen\u016f. Stupnice \u010distoty odr\u00e1\u017e\u00ed velikost, po\u010det a um\u00edst\u011bn\u00ed ne\u010distot v kameni viditeln\u00fdch p\u0159i desetin\u00e1sobn\u00e9m zv\u011bt\u0161en\u00ed. Nejlep\u0161\u00ed a tak\u00e9 nejvz\u00e1cn\u011bj\u0161\u00ed diamanty jsou pod lupou ozna\u010dov\u00e1ny jako \u010dist\u00e9. Za velmi cenn\u00e9 jsou v\u0161ak pova\u017eov\u00e1ny i kameny, u nich\u017e inkluze z\u016fst\u00e1vaj\u00ed pouh\u00fdm okem neviditeln\u00e9.<\/p>\n<div class=\"row\"  id=\"row-2022080488\">\n\n\n\t<div id=\"col-1141195016\" class=\"col small-12 large-12\"  >\n\t\t\t\t<div class=\"col-inner\"  >\n\t\t\t\n\t\t\t\n\n\t<div class=\"img has-hover x md-x lg-x y md-y lg-y\" id=\"image_716038287\">\n\t\t\t\t\t\t\t\t<div class=\"img-inner dark\" >\n\t\t\t<img loading=\"lazy\" decoding=\"async\" width=\"910\" height=\"250\" src=\"https:\/\/staviori.com.pl\/wp-content\/uploads\/2023\/04\/diamenty_czystosc_910x250.png\" class=\"attachment-original size-original\" alt=\"\" srcset=\"https:\/\/staviori.com.pl\/wp-content\/uploads\/2023\/04\/diamenty_czystosc_910x250.png 910w, https:\/\/staviori.com.pl\/wp-content\/uploads\/2023\/04\/diamenty_czystosc_910x250-510x140.png 510w, https:\/\/staviori.com.pl\/wp-content\/uploads\/2023\/04\/diamenty_czystosc_910x250-300x82.png 300w, https:\/\/staviori.com.pl\/wp-content\/uploads\/2023\/04\/diamenty_czystosc_910x250-768x211.png 768w\" sizes=\"auto, (max-width: 910px) 100vw, 910px\" \/>\t\t\t\t\t\t\n\t\t\t\t\t<\/div>\n\t\t\t\t\t\t\t\t\n<style>\n#image_716038287 {\n  width: 100%;\n}\n<\/style>\n\t<\/div>\n\t\n\n\n\t\t<\/div>\n\t\t\t\t\t<\/div>\n\n\t\n\n<\/div>\n\n\t\t<\/div>\n\t\t\t\t\t<\/div>\n\n\t\n\n<\/div>\n<div class=\"row\"  id=\"row-476431338\">\n\n\n\t<div id=\"col-2035539508\" class=\"col small-12 large-12\"  >\n\t\t\t\t<div class=\"col-inner\"  >\n\t\t\t\n\t\t\t\n\n<h2>Barva<\/h2>\n<p>V\u011bt\u0161ina diamant\u016f m\u00e1 jemn\u00e9 na\u017eloutl\u00e9 nebo nahn\u011bdl\u00e9 zbarven\u00ed. Barva se ur\u010duje podle speci\u00e1ln\u00ed stupnice s pou\u017eit\u00edm \u0159ady srovn\u00e1vac\u00edch kamen\u016f,. \u010c\u00edm je diamant b\u011blej\u0161\u00ed, t\u00edm m\u00e1 vy\u0161\u0161\u00ed hodnotu. V\u00fdjimkou jsou kameny s velmi intenzivn\u00edmi barvami: r\u016f\u017eov\u00e1, modr\u00e1, \u017elut\u00e1... Term\u00edn fancy colour se pou\u017e\u00edv\u00e1 pro kameny, jejich\u017e barva je p\u0159irozen\u00e1, nedosa\u017een\u00e1 um\u011blou technologi\u00ed barven\u00ed.<\/p>\n\n\t\t<\/div>\n\t\t\t\t\t<\/div>\n\n\t\n\n<\/div>\n<div class=\"row\"  id=\"row-280277499\">\n\n\n\t<div id=\"col-961898885\" class=\"col small-12 large-12\"  >\n\t\t\t\t<div class=\"col-inner\"  >\n\t\t\t\n\t\t\t\n\n\t<div class=\"img has-hover x md-x lg-x y md-y lg-y\" id=\"image_156245992\">\n\t\t\t\t\t\t\t\t<div class=\"img-inner dark\" >\n\t\t\t<img loading=\"lazy\" decoding=\"async\" width=\"910\" height=\"250\" src=\"https:\/\/staviori.com.pl\/wp-content\/uploads\/2023\/04\/diamenty_barwa_910x250.png\" class=\"attachment-original size-original\" alt=\"\" srcset=\"https:\/\/staviori.com.pl\/wp-content\/uploads\/2023\/04\/diamenty_barwa_910x250.png 910w, https:\/\/staviori.com.pl\/wp-content\/uploads\/2023\/04\/diamenty_barwa_910x250-510x140.png 510w, https:\/\/staviori.com.pl\/wp-content\/uploads\/2023\/04\/diamenty_barwa_910x250-300x82.png 300w, https:\/\/staviori.com.pl\/wp-content\/uploads\/2023\/04\/diamenty_barwa_910x250-768x211.png 768w\" sizes=\"auto, (max-width: 910px) 100vw, 910px\" \/>\t\t\t\t\t\t\n\t\t\t\t\t<\/div>\n\t\t\t\t\t\t\t\t\n<style>\n#image_156245992 {\n  width: 100%;\n}\n<\/style>\n\t<\/div>\n\t\n\n\n\t\t<\/div>\n\t\t\t\t\t<\/div>\n\n\t\n\n<\/div>\n<div class=\"row\"  id=\"row-1972023374\">\n\n\n\t<div id=\"col-1847293192\" class=\"col small-12 large-12\"  >\n\t\t\t\t<div class=\"col-inner\"  >\n\t\t\t\n\t\t\t\n\n<h2>St\u0159ih<\/h2>\n<p>Briliant je diamant s briliantov\u00fdm nebo kulat\u00fdm brusem. Diamanty s jin\u00fdmi v\u00fdbrusy se definuj\u00ed podle tvaru jako smaragdov\u00fd v\u00fdbrus, ov\u00e1l, mark\u00fdz, hru\u0161ka, srdce, princezna. Kvalita brusu diamantu je rozhoduj\u00edc\u00ed pro jeho brilanci. M\u011bl by zv\u00fdraznit nejlep\u0161\u00ed estetick\u00e9 vlastnosti kamene. Pln\u00fd brus se skl\u00e1d\u00e1 z 58 ploch (56 faset, dl\u00e1\u017ed\u011bn\u00ed a dla\u017eba). \u0160patn\u00fd brus sni\u017euje hodnotu diamantu a\u017e o polovinu. Hodnocen\u00ed brusu je nejobt\u00ed\u017en\u011bj\u0161\u00ed a z\u00e1rove\u0148 nejd\u016fle\u017eit\u011bj\u0161\u00ed \u010d\u00e1st\u00ed procesu oce\u0148ov\u00e1n\u00ed kamene, proto\u017ee pr\u00e1v\u011b brus odhaluje d\u0159\u00edmaj\u00edc\u00ed kr\u00e1su v diamantu.<\/p>\n\n\t\t<\/div>\n\t\t\t\t\t<\/div>\n\n\t\n\n<\/div>\n<div class=\"row\"  id=\"row-820779950\">\n\n\n\t<div id=\"col-39196365\" class=\"col small-12 large-12\"  >\n\t\t\t\t<div class=\"col-inner\"  >\n\t\t\t\n\t\t\t\n\n\t<div class=\"img has-hover x md-x lg-x y md-y lg-y\" id=\"image_941214951\">\n\t\t\t\t\t\t\t\t<div class=\"img-inner dark\" >\n\t\t\t<img loading=\"lazy\" decoding=\"async\" width=\"910\" height=\"720\" src=\"https:\/\/staviori.com.pl\/wp-content\/uploads\/2023\/04\/diamenty_rodzaje_910x720.png\" class=\"attachment-large size-large\" alt=\"\" srcset=\"https:\/\/staviori.com.pl\/wp-content\/uploads\/2023\/04\/diamenty_rodzaje_910x720.png 910w, https:\/\/staviori.com.pl\/wp-content\/uploads\/2023\/04\/diamenty_rodzaje_910x720-510x404.png 510w, https:\/\/staviori.com.pl\/wp-content\/uploads\/2023\/04\/diamenty_rodzaje_910x720-300x237.png 300w, https:\/\/staviori.com.pl\/wp-content\/uploads\/2023\/04\/diamenty_rodzaje_910x720-768x608.png 768w\" sizes=\"auto, (max-width: 910px) 100vw, 910px\" \/>\t\t\t\t\t\t\n\t\t\t\t\t<\/div>\n\t\t\t\t\t\t\t\t\n<style>\n#image_941214951 {\n  width: 100%;\n}\n<\/style>\n\t<\/div>\n\t\n\n\n\t\t<\/div>\n\t\t\t\t\t<\/div>\n\n\t\n\n<\/div>\n\n\t\t<\/div>\n\n\t\t\n<style>\n#section_1746573870 {\n  padding-top: 30px;\n  padding-bottom: 30px;\n}\n<\/style>\n\t<\/section>","protected":false},"excerpt":{"rendered":"","protected":false},"author":1,"featured_media":0,"parent":0,"menu_order":0,"comment_status":"closed","ping_status":"closed","template":"page-blank.php","meta":{"om_disable_all_campaigns":false,"footnotes":""},"class_list":["post-9221","page","type-page","status-publish","hentry"],"aioseo_notices":[],"_links":{"self":[{"href":"https:\/\/staviori.com.pl\/cs\/wp-json\/wp\/v2\/pages\/9221","targetHints":{"allow":["GET"]}}],"collection":[{"href":"https:\/\/staviori.com.pl\/cs\/wp-json\/wp\/v2\/pages"}],"about":[{"href":"https:\/\/staviori.com.pl\/cs\/wp-json\/wp\/v2\/types\/page"}],"author":[{"embeddable":true,"href":"https:\/\/staviori.com.pl\/cs\/wp-json\/wp\/v2\/users\/1"}],"replies":[{"embeddable":true,"href":"https:\/\/staviori.com.pl\/cs\/wp-json\/wp\/v2\/comments?post=9221"}],"version-history":[{"count":8,"href":"https:\/\/staviori.com.pl\/cs\/wp-json\/wp\/v2\/pages\/9221\/revisions"}],"predecessor-version":[{"id":9236,"href":"https:\/\/staviori.com.pl\/cs\/wp-json\/wp\/v2\/pages\/9221\/revisions\/9236"}],"wp:attachment":[{"href":"https:\/\/staviori.com.pl\/cs\/wp-json\/wp\/v2\/media?parent=9221"}],"curies":[{"name":"wp","href":"https:\/\/api.w.org\/{rel}","templated":true}]}}