{"id":9210,"date":"2023-04-25T18:49:43","date_gmt":"2023-04-25T16:49:43","guid":{"rendered":"https:\/\/staviori.com.pl\/?page_id=9210"},"modified":"2023-04-26T18:36:39","modified_gmt":"2023-04-26T16:36:39","slug":"zareczyny","status":"publish","type":"page","link":"https:\/\/staviori.com.pl\/cs\/zareczyny\/","title":{"rendered":"Z\u00e1snuby"},"content":{"rendered":"<section class=\"section has-scroll-for-more\" id=\"section_19315027\">\n\t\t<div class=\"section-bg fill\" >\n\t\t\t<img loading=\"lazy\" decoding=\"async\" width=\"1920\" height=\"1080\" src=\"https:\/\/staviori.com.pl\/wp-content\/uploads\/2023\/04\/6c.jpg\" class=\"bg attachment-original size-original\" alt=\"\" \/>\t\t\t\t\t\t<button class=\"scroll-for-more z-5 icon absolute bottom h-center\" aria-label=\"Posu\u0148te se pro v\u00edce informac\u00ed\" data-no-translation-aria-label=\"\"><i class=\"icon-angle-down\" aria-hidden=\"true\" style=\"font-size:42px;\"><\/i><\/button>\n\t\t\t\n\n\t\t<\/div>\n\n\t\t\n\n\t\t<div class=\"section-content relative\">\n\t\t\t\n\n<div class=\"row\"  id=\"row-1022859315\">\n\n\n\t<div id=\"col-1059534319\" class=\"col small-12 large-12\"  >\n\t\t\t\t<div class=\"col-inner\"  >\n\t\t\t\n\t\t\t\n\n\t<div id=\"text-2703413680\" class=\"text\">\n\t\t\n\n<h2>Z\u00e1snuby<\/h2>\n\n\t\t\n<style>\n#text-2703413680 {\n  font-size: 2rem;\n  text-align: center;\n  color: rgb(0,0,0);\n}\n#text-2703413680 > * {\n  color: rgb(0,0,0);\n}\n<\/style>\n\t<\/div>\n\t\n\n\t\t<\/div>\n\t\t\t\t\n<style>\n#col-1059534319 > .col-inner {\n  margin: 129px 0px 0px 0px;\n}\n<\/style>\n\t<\/div>\n\n\t\n\n<\/div>\n\n\t\t<\/div>\n\n\t\t\n<style>\n#section_19315027 {\n  padding-top: 30px;\n  padding-bottom: 30px;\n  min-height: 290px;\n}\n#section_19315027 .section-bg img {\n  object-position: 45% 28%;\n}\n@media (min-width:550px) {\n  #section_19315027 {\n    min-height: 450px;\n  }\n}\n<\/style>\n\t<\/section>\n\t\n\n\t<section class=\"section\" id=\"section_1201755933\">\n\t\t<div class=\"section-bg fill\" >\n\t\t\t\t\t\t\t\t\t\n\t\t\t\n\n\t\t<\/div>\n\n\t\t\n\n\t\t<div class=\"section-content relative\">\n\t\t\t\n\n<div class=\"row\"  id=\"row-1656281680\">\n\n\n\t<div id=\"col-826515126\" class=\"col medium-6 small-12 large-6\"  >\n\t\t\t\t<div class=\"col-inner\"  >\n\t\t\t\n\t\t\t\n\n<h2>Z\u00e1snuby<\/h2>\n<div class=\"is-divider divider clearfix\" ><\/div>\n\n<p>\u0158\u00edmsk\u00fd zvyk nab\u00edzet z\u00e1snubn\u00ed prsten jako z\u00e1ruku spln\u011bn\u00ed man\u017eelsk\u00e9 smlouvy byl schv\u00e1len c\u00edrkv\u00ed a na po\u010d\u00e1tku 13. stolet\u00ed se roz\u0161\u00ed\u0159il. St\u0159edov\u011bc\u00ed Italov\u00e9 respektovali diamant jako symbol p\u0159i z\u00e1snub\u00e1ch, kter\u00fd vypov\u00eddal o dohod\u011b mezi man\u017eelem a man\u017eelkou.<\/p>\n<p>Ide\u00e1ln\u00ed z\u00e1snubn\u00ed prsten je prsten s jedn\u00edm kamenem a briliantem. Klasick\u00fdm designem takov\u00e9ho prstenu je tzv. \u0161aton, s jednoduch\u00fdm, \u010dist\u00fdm tvarem, s jedin\u00fdm kamenem libovoln\u00e9 hmotnosti, zasazen\u00fdm v jemn\u00e9m ko\u0161\u00ed\u010dku.<\/p>\n<p>Ide\u00e1ln\u00ed diamant pro z\u00e1snuby je ten, kter\u00fd nejl\u00e9pe spl\u0148uje o\u010dek\u00e1v\u00e1n\u00ed osoby, kter\u00e1 jej kupuje, nebo t\u00e9, kter\u00e9 m\u00e1 b\u00fdt darov\u00e1n. Je d\u016fle\u017eit\u00e9 zvolit spr\u00e1vn\u00e9 vlastnosti kamene, obsa\u017een\u00e9 v krit\u00e9ri\u00edch pravidla 4C. \"Zlatou st\u0159edn\u00ed cestou\" mezi hmotnost\u00ed kamene a jeho kvalitou jsou diamanty barvy G-H (b\u00edl\u00e9) a \u010distoty Si (drobn\u00e9 inkluze neviditeln\u00e9 pouh\u00fdm okem). V t\u00e9to cenov\u00e9 skupin\u011b je hmotnost kamene vysok\u00e1 p\u0159i relativn\u011b vysok\u00e9 kvalit\u011b.<\/p>\n\n\t\t<\/div>\n\t\t\t\t\t<\/div>\n\n\t\n\n\t<div id=\"col-1112607809\" class=\"col medium-6 small-12 large-6\"  >\n\t\t\t\t<div class=\"col-inner\"  >\n\t\t\t\n\t\t\t\n\n\t<div class=\"img has-hover x md-x lg-x y md-y lg-y\" id=\"image_1989404722\">\n\t\t\t\t\t\t\t\t<div class=\"img-inner dark\" >\n\t\t\t<img loading=\"lazy\" decoding=\"async\" width=\"2560\" height=\"1707\" src=\"https:\/\/staviori.com.pl\/wp-content\/uploads\/2023\/04\/MG_0282-scaled.jpg\" class=\"attachment-original size-original\" alt=\"\" srcset=\"https:\/\/staviori.com.pl\/wp-content\/uploads\/2023\/04\/MG_0282-scaled.jpg 2560w, https:\/\/staviori.com.pl\/wp-content\/uploads\/2023\/04\/MG_0282-scaled-510x340.jpg 510w, https:\/\/staviori.com.pl\/wp-content\/uploads\/2023\/04\/MG_0282-300x200.jpg 300w, https:\/\/staviori.com.pl\/wp-content\/uploads\/2023\/04\/MG_0282-1024x683.jpg 1024w, https:\/\/staviori.com.pl\/wp-content\/uploads\/2023\/04\/MG_0282-768x512.jpg 768w, https:\/\/staviori.com.pl\/wp-content\/uploads\/2023\/04\/MG_0282-1536x1024.jpg 1536w, https:\/\/staviori.com.pl\/wp-content\/uploads\/2023\/04\/MG_0282-2048x1365.jpg 2048w\" sizes=\"auto, (max-width: 2560px) 100vw, 2560px\" \/>\t\t\t\t\t\t\n\t\t\t\t\t<\/div>\n\t\t\t\t\t\t\t\t\n<style>\n#image_1989404722 {\n  width: 100%;\n}\n<\/style>\n\t<\/div>\n\t\n\n\n\t\t<\/div>\n\t\t\t\t\n<style>\n#col-1112607809 > .col-inner {\n  margin: 1px 0px 0px 0px;\n}\n@media (min-width:550px) {\n  #col-1112607809 > .col-inner {\n    margin: 93px 0px 0px 0px;\n  }\n}\n<\/style>\n\t<\/div>\n\n\t\n\n<\/div>\n<div class=\"row\"  id=\"row-987320574\">\n\n\n\t<div id=\"col-1461685489\" class=\"col small-12 large-12\"  >\n\t\t\t\t<div class=\"col-inner\"  >\n\t\t\t\n\t\t\t\n\n\t<div class=\"img has-hover x md-x lg-x y md-y lg-y\" id=\"image_1643800558\">\n\t\t\t\t\t\t\t\t<div class=\"img-inner dark\" >\n\t\t\t<img loading=\"lazy\" decoding=\"async\" width=\"913\" height=\"1316\" src=\"https:\/\/staviori.com.pl\/wp-content\/uploads\/2023\/04\/zareczyny_art.jpg\" class=\"attachment-original size-original\" alt=\"\" srcset=\"https:\/\/staviori.com.pl\/wp-content\/uploads\/2023\/04\/zareczyny_art.jpg 913w, https:\/\/staviori.com.pl\/wp-content\/uploads\/2023\/04\/zareczyny_art-510x735.jpg 510w, https:\/\/staviori.com.pl\/wp-content\/uploads\/2023\/04\/zareczyny_art-208x300.jpg 208w, https:\/\/staviori.com.pl\/wp-content\/uploads\/2023\/04\/zareczyny_art-710x1024.jpg 710w, https:\/\/staviori.com.pl\/wp-content\/uploads\/2023\/04\/zareczyny_art-768x1107.jpg 768w\" sizes=\"auto, (max-width: 913px) 100vw, 913px\" \/>\t\t\t\t\t\t\n\t\t\t\t\t<\/div>\n\t\t\t\t\t\t\t\t\n<style>\n#image_1643800558 {\n  width: 100%;\n}\n<\/style>\n\t<\/div>\n\t\n\n\n\t\t<\/div>\n\t\t\t\t\t<\/div>\n\n\t\n\n<\/div>\n\n\t\t<\/div>\n\n\t\t\n<style>\n#section_1201755933 {\n  padding-top: 30px;\n  padding-bottom: 30px;\n}\n<\/style>\n\t<\/section>","protected":false},"excerpt":{"rendered":"","protected":false},"author":1,"featured_media":0,"parent":0,"menu_order":0,"comment_status":"closed","ping_status":"closed","template":"page-blank.php","meta":{"om_disable_all_campaigns":false,"footnotes":""},"class_list":["post-9210","page","type-page","status-publish","hentry"],"aioseo_notices":[],"_links":{"self":[{"href":"https:\/\/staviori.com.pl\/cs\/wp-json\/wp\/v2\/pages\/9210","targetHints":{"allow":["GET"]}}],"collection":[{"href":"https:\/\/staviori.com.pl\/cs\/wp-json\/wp\/v2\/pages"}],"about":[{"href":"https:\/\/staviori.com.pl\/cs\/wp-json\/wp\/v2\/types\/page"}],"author":[{"embeddable":true,"href":"https:\/\/staviori.com.pl\/cs\/wp-json\/wp\/v2\/users\/1"}],"replies":[{"embeddable":true,"href":"https:\/\/staviori.com.pl\/cs\/wp-json\/wp\/v2\/comments?post=9210"}],"version-history":[{"count":4,"href":"https:\/\/staviori.com.pl\/cs\/wp-json\/wp\/v2\/pages\/9210\/revisions"}],"predecessor-version":[{"id":9252,"href":"https:\/\/staviori.com.pl\/cs\/wp-json\/wp\/v2\/pages\/9210\/revisions\/9252"}],"wp:attachment":[{"href":"https:\/\/staviori.com.pl\/cs\/wp-json\/wp\/v2\/media?parent=9210"}],"curies":[{"name":"wp","href":"https:\/\/api.w.org\/{rel}","templated":true}]}}