{"id":9174,"date":"2023-04-25T18:21:25","date_gmt":"2023-04-25T16:21:25","guid":{"rendered":"https:\/\/staviori.com.pl\/?page_id=9174"},"modified":"2023-04-25T18:31:10","modified_gmt":"2023-04-25T16:31:10","slug":"rozmiary-pierscionkow","status":"publish","type":"page","link":"https:\/\/staviori.com.pl\/cs\/rozmiary-pierscionkow\/","title":{"rendered":"Velikosti prsten\u016f"},"content":{"rendered":"<section class=\"section has-scroll-for-more\" id=\"section_560731783\">\n\t\t<div class=\"section-bg fill\" >\n\t\t\t<img loading=\"lazy\" decoding=\"async\" width=\"1920\" height=\"1080\" src=\"https:\/\/staviori.com.pl\/wp-content\/uploads\/2023\/04\/900.jpg\" class=\"bg attachment-original size-original\" alt=\"\" \/>\t\t\t\t\t\t<button class=\"scroll-for-more z-5 icon absolute bottom h-center\" aria-label=\"Posu\u0148te se pro v\u00edce informac\u00ed\" data-no-translation-aria-label=\"\"><i class=\"icon-angle-down\" aria-hidden=\"true\" style=\"font-size:42px;\"><\/i><\/button>\n\t\t\t\n\n\t\t<\/div>\n\n\t\t\n\n\t\t<div class=\"section-content relative\">\n\t\t\t\n\n<div class=\"row\"  id=\"row-1379741354\">\n\n\n\t<div id=\"col-1833911753\" class=\"col small-12 large-12\"  >\n\t\t\t\t<div class=\"col-inner\"  >\n\t\t\t\n\t\t\t\n\n\t<div id=\"text-1263245282\" class=\"text\">\n\t\t\n\n<h2>Velikosti prsten\u016f <\/h2>\n\t\t\n<style>\n#text-1263245282 {\n  font-size: 2rem;\n  text-align: center;\n  color: rgb(0,0,0);\n}\n#text-1263245282 > * {\n  color: rgb(0,0,0);\n}\n<\/style>\n\t<\/div>\n\t\n\n\t\t<\/div>\n\t\t\t\t\n<style>\n#col-1833911753 > .col-inner {\n  margin: 168px 0px 0px 0px;\n}\n<\/style>\n\t<\/div>\n\n\t\n\n<\/div>\n\n\t\t<\/div>\n\n\t\t\n<style>\n#section_560731783 {\n  padding-top: 30px;\n  padding-bottom: 30px;\n  min-height: 290px;\n}\n#section_560731783 .section-bg img {\n  object-position: 3% 75%;\n}\n@media (min-width:550px) {\n  #section_560731783 {\n    min-height: 450px;\n  }\n}\n<\/style>\n\t<\/section>\n\t\n\n\t<section class=\"section\" id=\"section_2076410932\">\n\t\t<div class=\"section-bg fill\" >\n\t\t\t\t\t\t\t\t\t\n\t\t\t\n\n\t\t<\/div>\n\n\t\t\n\n\t\t<div class=\"section-content relative\">\n\t\t\t\n\n<div class=\"row align-center\"  id=\"row-2090713480\">\n\n\n\t<div id=\"col-166840903\" class=\"col medium-10 small-12 large-10\"  >\n\t\t\t\t<div class=\"col-inner\"  >\n\t\t\t\n\t\t\t\n\n<h1>Velikosti prsten\u016f - M\u011a\u0158EN\u00cd<\/h1>\n<div class=\"is-divider divider clearfix\" ><\/div>\n\n<h3>Jak ur\u010d\u00edm velikost sv\u00e9ho prstenu?<\/h3>\n<p>1. zm\u011b\u0159te vnit\u0159n\u00ed pr\u016fm\u011br jin\u00e9ho prstenu, kter\u00fd se hod\u00ed na dan\u00fd prst. Pot\u00e9 z tabulky ode\u010dt\u011bte velikost odpov\u00eddaj\u00edc\u00ed pr\u016fm\u011bru z na\u0161eho m\u011b\u0159en\u00ed.<\/p>\n<p>2 Zm\u011b\u0159te obvod prstu, na kter\u00e9m budete prsten nosit. Pot\u00e9 z tabulky ode\u010dt\u011bte velikost odpov\u00eddaj\u00edc\u00ed obvodu z na\u0161eho m\u011b\u0159en\u00ed.<\/p>\n<p>Vezm\u011bte pros\u00edm na v\u011bdom\u00ed, \u017ee velikosti jsou uv\u00e1d\u011bny na desetiny milimetru a rozd\u00edl jedn\u00e9 velikosti m\u016f\u017ee b\u00fdt prakticky neznateln\u00fd a v mez\u00edch chyby m\u011b\u0159en\u00ed.<\/p>\n<h2>\n<\/h2>\n<p>&nbsp;<\/p>\n<p><center><\/p>\n<table width=\"486\">\n<tbody>\n<tr align=\"center\">\n<td>Velikost<br \/>krou\u017eek Polsko<\/td>\n<td>Velikost<br \/>krou\u017eek UK<\/td>\n<td>Velikost<br \/>Krou\u017eek USA<\/td>\n<td>Pr\u016fm\u011br<br \/>v milimetrech<\/td>\n<td>Vnit\u0159n\u00ed obvod<br \/>v milimetrech<\/td>\n<\/tr>\n<tr align=\"center\">\n<td>5<\/td>\n<td>G<\/td>\n<td>3\u00bc<\/td>\n<td>14,30 mm<\/td>\n<td>45 mm<\/td>\n<\/tr>\n<tr align=\"center\">\n<td>6<\/td>\n<td>H<\/td>\n<td>&nbsp;<\/td>\n<td>14,60 mm<\/td>\n<td>46 mm<\/td>\n<\/tr>\n<tr align=\"center\">\n<td>7<\/td>\n<td>H\u00bd<\/td>\n<td>4<\/td>\n<td>15,00 mm<\/td>\n<td>47 mm<\/td>\n<\/tr>\n<tr align=\"center\">\n<td>8<\/td>\n<td>I\u00bd<\/td>\n<td>4\u00bd<\/td>\n<td>15,30 mm<\/td>\n<td>48 mm<\/td>\n<\/tr>\n<tr align=\"center\">\n<td>9<\/td>\n<td>J<\/td>\n<td>&nbsp;<\/td>\n<td>15,60 mm<\/td>\n<td>49 mm<\/td>\n<\/tr>\n<tr align=\"center\">\n<td>10<\/td>\n<td>K<\/td>\n<td>5\u00bc<\/td>\n<td>15,90 mm<\/td>\n<td>50 mm<\/td>\n<\/tr>\n<tr align=\"center\">\n<td>11<\/td>\n<td>L<\/td>\n<td>&nbsp;<\/td>\n<td>16,20 mm<\/td>\n<td>51 mm<\/td>\n<\/tr>\n<tr align=\"center\">\n<td>12<\/td>\n<td>L\u00bd<\/td>\n<td>6<\/td>\n<td>16,50 mm<\/td>\n<td>52 mm<\/td>\n<\/tr>\n<tr align=\"center\">\n<td>13<\/td>\n<td>M\u00bd<\/td>\n<td>6\u00bd<\/td>\n<td>16,80 mm<\/td>\n<td>53 mm<\/td>\n<\/tr>\n<tr align=\"center\">\n<td>14<\/td>\n<td>N<\/td>\n<td>&nbsp;<\/td>\n<td>17,20 mm<\/td>\n<td>54 mm<\/td>\n<\/tr>\n<tr align=\"center\">\n<td>15<\/td>\n<td>O<\/td>\n<td>7\u00bc<\/td>\n<td>17,50 mm<\/td>\n<td>55 mm<\/td>\n<\/tr>\n<tr align=\"center\">\n<td>16<\/td>\n<td>O\u00bd<\/td>\n<td>7\u00bd<\/td>\n<td>17,80 mm<\/td>\n<td>56 mm<\/td>\n<\/tr>\n<tr align=\"center\">\n<td>17<\/td>\n<td>P\u00bd<\/td>\n<td>8<\/td>\n<td>18,10 mm<\/td>\n<td>57 mm<\/td>\n<\/tr>\n<tr align=\"center\">\n<td>18<\/td>\n<td>Q<\/td>\n<td>&nbsp;<\/td>\n<td>18,40 mm<\/td>\n<td>58 mm<\/td>\n<\/tr>\n<tr align=\"center\">\n<td>19<\/td>\n<td>R<\/td>\n<td>&nbsp;<\/td>\n<td>18,80 mm<\/td>\n<td>59 mm<\/td>\n<\/tr>\n<tr align=\"center\">\n<td>20<\/td>\n<td>S<\/td>\n<td>9\u00bc<\/td>\n<td>19,10 mm<\/td>\n<td>60 mm<\/td>\n<\/tr>\n<tr align=\"center\">\n<td>21<\/td>\n<td>S\u00bd<\/td>\n<td>9\u00bd<\/td>\n<td>19,40 mm<\/td>\n<td>61 mm<\/td>\n<\/tr>\n<tr align=\"center\">\n<td>22<\/td>\n<td>T\u00bd<\/td>\n<td>10<\/td>\n<td>19,70 mm<\/td>\n<td>62 mm<\/td>\n<\/tr>\n<tr align=\"center\">\n<td>23<\/td>\n<td>U<\/td>\n<td>10\u00bc<\/td>\n<td>20,00 mm<\/td>\n<td>63 mm<\/td>\n<\/tr>\n<tr align=\"center\">\n<td>24<\/td>\n<td>V<\/td>\n<td>&nbsp;<\/td>\n<td>20,30 mm<\/td>\n<td>64 mm<\/td>\n<\/tr>\n<tr align=\"center\">\n<td>25<\/td>\n<td>V\u00bd<\/td>\n<td>11<\/td>\n<td>20,60 mm<\/td>\n<td>65 mm<\/td>\n<\/tr>\n<tr align=\"center\">\n<td>26<\/td>\n<td>W\u00bd<\/td>\n<td>11\u00bd<\/td>\n<td>21,00 mm<\/td>\n<td>66 mm<\/td>\n<\/tr>\n<tr align=\"center\">\n<td>27<\/td>\n<td>X\u00bd<\/td>\n<td>12<\/td>\n<td>21,30 mm<\/td>\n<td>67 mm<\/td>\n<\/tr>\n<tr align=\"center\">\n<td>28<\/td>\n<td>Y<\/td>\n<td>&nbsp;<\/td>\n<td>21,60 mm<\/td>\n<td>68 mm<\/td>\n<\/tr>\n<tr align=\"center\">\n<td>29<\/td>\n<td>Z\u00bd<\/td>\n<td>&nbsp;<\/td>\n<td>22,00 mm<\/td>\n<td>69 mm<\/td>\n<\/tr>\n<tr align=\"center\">\n<td>30<\/td>\n<td>&nbsp;<\/td>\n<td>13<\/td>\n<td>22,30 mm<\/td>\n<td>70 mm<\/td>\n<\/tr>\n<tr align=\"center\">\n<td>31<\/td>\n<td>Z+2<\/td>\n<td>13\u00bd<\/td>\n<td>22,60 mm<\/td>\n<td>71 mm<\/td>\n<\/tr>\n<\/tbody>\n<\/table>\n<p><\/center><\/p>\n\n\t\t<\/div>\n\t\t\t\t\t<\/div>\n\n\t\n\n<\/div>\n\n\t\t<\/div>\n\n\t\t\n<style>\n#section_2076410932 {\n  padding-top: 30px;\n  padding-bottom: 30px;\n}\n<\/style>\n\t<\/section>","protected":false},"excerpt":{"rendered":"","protected":false},"author":1,"featured_media":0,"parent":0,"menu_order":0,"comment_status":"closed","ping_status":"closed","template":"page-blank.php","meta":{"om_disable_all_campaigns":false,"footnotes":""},"class_list":["post-9174","page","type-page","status-publish","hentry"],"aioseo_notices":[],"_links":{"self":[{"href":"https:\/\/staviori.com.pl\/cs\/wp-json\/wp\/v2\/pages\/9174","targetHints":{"allow":["GET"]}}],"collection":[{"href":"https:\/\/staviori.com.pl\/cs\/wp-json\/wp\/v2\/pages"}],"about":[{"href":"https:\/\/staviori.com.pl\/cs\/wp-json\/wp\/v2\/types\/page"}],"author":[{"embeddable":true,"href":"https:\/\/staviori.com.pl\/cs\/wp-json\/wp\/v2\/users\/1"}],"replies":[{"embeddable":true,"href":"https:\/\/staviori.com.pl\/cs\/wp-json\/wp\/v2\/comments?post=9174"}],"version-history":[{"count":7,"href":"https:\/\/staviori.com.pl\/cs\/wp-json\/wp\/v2\/pages\/9174\/revisions"}],"predecessor-version":[{"id":9190,"href":"https:\/\/staviori.com.pl\/cs\/wp-json\/wp\/v2\/pages\/9174\/revisions\/9190"}],"wp:attachment":[{"href":"https:\/\/staviori.com.pl\/cs\/wp-json\/wp\/v2\/media?parent=9174"}],"curies":[{"name":"wp","href":"https:\/\/api.w.org\/{rel}","templated":true}]}}