{"id":9161,"date":"2023-04-25T18:10:25","date_gmt":"2023-04-25T16:10:25","guid":{"rendered":"https:\/\/staviori.com.pl\/?page_id=9161"},"modified":"2024-11-25T12:33:39","modified_gmt":"2024-11-25T11:33:39","slug":"nasi-partnerzy","status":"publish","type":"page","link":"https:\/\/staviori.com.pl\/cs\/nasi-partnerzy\/","title":{"rendered":"Na\u0161i partne\u0159i"},"content":{"rendered":"<section class=\"section has-scroll-for-more\" id=\"section_897671852\">\n\t\t<div class=\"section-bg fill\" >\n\t\t\t<img loading=\"lazy\" decoding=\"async\" width=\"1920\" height=\"1080\" src=\"https:\/\/staviori.com.pl\/wp-content\/uploads\/2023\/04\/94nb.jpg\" class=\"bg attachment-original size-original\" alt=\"\" \/>\t\t\t\t\t\t<button class=\"scroll-for-more z-5 icon absolute bottom h-center\" aria-label=\"Posu\u0148te se pro v\u00edce informac\u00ed\" data-no-translation-aria-label=\"\"><i class=\"icon-angle-down\" aria-hidden=\"true\" style=\"font-size:42px;\"><\/i><\/button>\n\t\t\t\n\n\t\t<\/div>\n\n\t\t\n\n\t\t<div class=\"section-content relative\">\n\t\t\t\n\n<div class=\"row\"  id=\"row-495594137\">\n\n\n\t<div id=\"col-796054530\" class=\"col small-12 large-12\"  >\n\t\t\t\t<div class=\"col-inner\"  >\n\t\t\t\n\t\t\t\n\n\t<div id=\"text-1281256816\" class=\"text\">\n\t\t\n\n<h2>Na\u0161i partne\u0159i<\/h2>\n\n\t\t\n<style>\n#text-1281256816 {\n  font-size: 2rem;\n  text-align: center;\n  color: rgb(0,0,0);\n}\n#text-1281256816 > * {\n  color: rgb(0,0,0);\n}\n<\/style>\n\t<\/div>\n\t\n\n\t\t<\/div>\n\t\t\t\t\n<style>\n#col-796054530 > .col-inner {\n  margin: 129px 0px 0px 0px;\n}\n<\/style>\n\t<\/div>\n\n\t\n\n<\/div>\n\n\t\t<\/div>\n\n\t\t\n<style>\n#section_897671852 {\n  padding-top: 30px;\n  padding-bottom: 30px;\n  min-height: 290px;\n}\n#section_897671852 .section-bg img {\n  object-position: 49% 74%;\n}\n@media (min-width:550px) {\n  #section_897671852 {\n    min-height: 450px;\n  }\n}\n<\/style>\n\t<\/section>\n\t\n\n\t<section class=\"section\" id=\"section_981654290\">\n\t\t<div class=\"section-bg fill\" >\n\t\t\t\t\t\t\t\t\t\n\t\t\t\n\n\t\t<\/div>\n\n\t\t\n\n\t\t<div class=\"section-content relative\">\n\t\t\t\n\n<div class=\"row\"  id=\"row-930400013\">\n\n\n\t<div id=\"col-1906858797\" class=\"col small-12 large-12\"  >\n\t\t\t\t<div class=\"col-inner\"  >\n\t\t\t\n\t\t\t\n\n<div class=\"text-center\"><div class=\"is-divider divider clearfix\" ><\/div><\/div>\n\n\t<div id=\"text-916847806\" class=\"text\">\n\t\t\n\n<p><a href=\"http:\/\/www.ptgem.pl\/\" target=\"_blank\" rel=\"nofollow noopener\"><img decoding=\"async\" src=\"https:\/\/www.staviori.pl\/podstrony\/partnerzy\/PTGems.jpg\"><\/a>&nbsp;<a href=\"http:\/\/www.hrdantwerp.com\/en\/home\" target=\"_blank\" rel=\"nofollow noopener\"><img loading=\"lazy\" decoding=\"async\" class=\"\" src=\"https:\/\/www.staviori.pl\/podstrony\/partnerzy\/hrd-logo.jpg\" width=\"338\" height=\"107\"><\/a>&nbsp;<a href=\"http:\/\/jaroslawstrozyk.pl\/\" target=\"_blank\" rel=\"nofollow noopener\"><img decoding=\"async\" src=\"https:\/\/www.staviori.pl\/podstrony\/partnerzy\/jaroslaw.jpg\"><\/a><\/p>\n\t\t\n<style>\n#text-916847806 {\n  text-align: center;\n}\n@media (min-width:550px) {\n  #text-916847806 {\n    text-align: center;\n  }\n}\n<\/style>\n\t<\/div>\n\t\n\n\t\t<\/div>\n\t\t\t\t\t<\/div>\n\n\t\n\n<\/div>\n\n\t\t<\/div>\n\n\t\t\n<style>\n#section_981654290 {\n  padding-top: 30px;\n  padding-bottom: 30px;\n}\n<\/style>\n\t<\/section>","protected":false},"excerpt":{"rendered":"","protected":false},"author":1,"featured_media":0,"parent":0,"menu_order":0,"comment_status":"closed","ping_status":"closed","template":"page-blank.php","meta":{"om_disable_all_campaigns":false,"footnotes":""},"class_list":["post-9161","page","type-page","status-publish","hentry"],"aioseo_notices":[],"_links":{"self":[{"href":"https:\/\/staviori.com.pl\/cs\/wp-json\/wp\/v2\/pages\/9161","targetHints":{"allow":["GET"]}}],"collection":[{"href":"https:\/\/staviori.com.pl\/cs\/wp-json\/wp\/v2\/pages"}],"about":[{"href":"https:\/\/staviori.com.pl\/cs\/wp-json\/wp\/v2\/types\/page"}],"author":[{"embeddable":true,"href":"https:\/\/staviori.com.pl\/cs\/wp-json\/wp\/v2\/users\/1"}],"replies":[{"embeddable":true,"href":"https:\/\/staviori.com.pl\/cs\/wp-json\/wp\/v2\/comments?post=9161"}],"version-history":[{"count":5,"href":"https:\/\/staviori.com.pl\/cs\/wp-json\/wp\/v2\/pages\/9161\/revisions"}],"predecessor-version":[{"id":9254,"href":"https:\/\/staviori.com.pl\/cs\/wp-json\/wp\/v2\/pages\/9161\/revisions\/9254"}],"wp:attachment":[{"href":"https:\/\/staviori.com.pl\/cs\/wp-json\/wp\/v2\/media?parent=9161"}],"curies":[{"name":"wp","href":"https:\/\/api.w.org\/{rel}","templated":true}]}}