{"id":9144,"date":"2023-04-25T17:57:51","date_gmt":"2023-04-25T15:57:51","guid":{"rendered":"https:\/\/staviori.com.pl\/?page_id=9144"},"modified":"2023-04-26T18:37:36","modified_gmt":"2023-04-26T16:37:36","slug":"opinie","status":"publish","type":"page","link":"https:\/\/staviori.com.pl\/cs\/opinie\/","title":{"rendered":"N\u00e1zory"},"content":{"rendered":"<section class=\"section has-scroll-for-more\" id=\"section_611627258\">\n\t\t<div class=\"section-bg fill\" >\n\t\t\t<img loading=\"lazy\" decoding=\"async\" width=\"1920\" height=\"1080\" src=\"https:\/\/staviori.com.pl\/wp-content\/uploads\/2023\/04\/KZD1714_9-1.jpg\" class=\"bg attachment-original size-original\" alt=\"\" \/>\t\t\t\t\t\t<button class=\"scroll-for-more z-5 icon absolute bottom h-center\" aria-label=\"Posu\u0148te se pro v\u00edce informac\u00ed\" data-no-translation-aria-label=\"\"><i class=\"icon-angle-down\" aria-hidden=\"true\" style=\"font-size:42px;\"><\/i><\/button>\n\t\t\t\n\n\t\t<\/div>\n\n\t\t\n\n\t\t<div class=\"section-content relative\">\n\t\t\t\n\n<div class=\"row\"  id=\"row-305564356\">\n\n\n\t<div id=\"col-2114923785\" class=\"col small-12 large-12\"  >\n\t\t\t\t<div class=\"col-inner\"  >\n\t\t\t\n\t\t\t\n\n\t<div id=\"text-181399999\" class=\"text\">\n\t\t\n\n<h2>N\u00e1zory<\/h2>\n\n\t\t\n<style>\n#text-181399999 {\n  font-size: 2rem;\n  text-align: center;\n  color: rgb(0,0,0);\n}\n#text-181399999 > * {\n  color: rgb(0,0,0);\n}\n<\/style>\n\t<\/div>\n\t\n\n\t\t<\/div>\n\t\t\t\t\n<style>\n#col-2114923785 > .col-inner {\n  margin: 129px 0px 0px 0px;\n}\n<\/style>\n\t<\/div>\n\n\t\n\n<\/div>\n\n\t\t<\/div>\n\n\t\t\n<style>\n#section_611627258 {\n  padding-top: 30px;\n  padding-bottom: 30px;\n  min-height: 290px;\n}\n#section_611627258 .section-bg img {\n  object-position: 54% 76%;\n}\n@media (min-width:550px) {\n  #section_611627258 {\n    min-height: 450px;\n  }\n}\n<\/style>\n\t<\/section>\n\t\n\n\t<section class=\"section\" id=\"section_24456345\">\n\t\t<div class=\"section-bg fill\" >\n\t\t\t\t\t\t\t\t\t\n\t\t\t\n\n\t\t<\/div>\n\n\t\t\n\n\t\t<div class=\"section-content relative\">\n\t\t\t\n\n<div class=\"row\"  id=\"row-1957889771\">\n\n\n\t<div id=\"col-1199372310\" class=\"col small-12 large-12\"  >\n\t\t\t\t<div class=\"col-inner\"  >\n\t\t\t\n\t\t\t\n\n<h2>Pod\u00edvejte se na na\u0161e hodnocen\u00ed z\u00e1kazn\u00edk\u016f<\/h2>\n<div class=\"is-divider divider clearfix\" ><\/div>\n\n<div class=\"row\"  id=\"row-1392616945\">\n\n\n\t<div id=\"col-1397926457\" class=\"col small-12 large-12\"  >\n\t\t\t\t<div class=\"col-inner\"  >\n\t\t\t\n\t\t\t\n\n\t<div class=\"img has-hover x md-x lg-x y md-y lg-y\" id=\"image_1447171535\">\n\t\t\t\t\t\t\t\t<div class=\"img-inner dark\" >\n\t\t\t<img loading=\"lazy\" decoding=\"async\" width=\"980\" height=\"2207\" src=\"https:\/\/staviori.com.pl\/wp-content\/uploads\/2023\/04\/opinie.jpg\" class=\"attachment-original size-original\" alt=\"\" srcset=\"https:\/\/staviori.com.pl\/wp-content\/uploads\/2023\/04\/opinie.jpg 980w, https:\/\/staviori.com.pl\/wp-content\/uploads\/2023\/04\/opinie-510x1149.jpg 510w, https:\/\/staviori.com.pl\/wp-content\/uploads\/2023\/04\/opinie-133x300.jpg 133w, https:\/\/staviori.com.pl\/wp-content\/uploads\/2023\/04\/opinie-455x1024.jpg 455w, https:\/\/staviori.com.pl\/wp-content\/uploads\/2023\/04\/opinie-768x1730.jpg 768w, https:\/\/staviori.com.pl\/wp-content\/uploads\/2023\/04\/opinie-682x1536.jpg 682w, https:\/\/staviori.com.pl\/wp-content\/uploads\/2023\/04\/opinie-909x2048.jpg 909w\" sizes=\"auto, (max-width: 980px) 100vw, 980px\" \/>\t\t\t\t\t\t\n\t\t\t\t\t<\/div>\n\t\t\t\t\t\t\t\t\n<style>\n#image_1447171535 {\n  width: 100%;\n}\n<\/style>\n\t<\/div>\n\t\n\n\n\t\t<\/div>\n\t\t\t\t\t<\/div>\n\n\t\n\n<\/div>\n\n\t\t<\/div>\n\t\t\t\t\t<\/div>\n\n\t\n\n<\/div>\n\n\t\t<\/div>\n\n\t\t\n<style>\n#section_24456345 {\n  padding-top: 30px;\n  padding-bottom: 30px;\n}\n<\/style>\n\t<\/section>","protected":false},"excerpt":{"rendered":"","protected":false},"author":1,"featured_media":0,"parent":0,"menu_order":0,"comment_status":"closed","ping_status":"closed","template":"page-blank.php","meta":{"om_disable_all_campaigns":false,"footnotes":""},"class_list":["post-9144","page","type-page","status-publish","hentry"],"aioseo_notices":[],"_links":{"self":[{"href":"https:\/\/staviori.com.pl\/cs\/wp-json\/wp\/v2\/pages\/9144","targetHints":{"allow":["GET"]}}],"collection":[{"href":"https:\/\/staviori.com.pl\/cs\/wp-json\/wp\/v2\/pages"}],"about":[{"href":"https:\/\/staviori.com.pl\/cs\/wp-json\/wp\/v2\/types\/page"}],"author":[{"embeddable":true,"href":"https:\/\/staviori.com.pl\/cs\/wp-json\/wp\/v2\/users\/1"}],"replies":[{"embeddable":true,"href":"https:\/\/staviori.com.pl\/cs\/wp-json\/wp\/v2\/comments?post=9144"}],"version-history":[{"count":4,"href":"https:\/\/staviori.com.pl\/cs\/wp-json\/wp\/v2\/pages\/9144\/revisions"}],"predecessor-version":[{"id":9255,"href":"https:\/\/staviori.com.pl\/cs\/wp-json\/wp\/v2\/pages\/9144\/revisions\/9255"}],"wp:attachment":[{"href":"https:\/\/staviori.com.pl\/cs\/wp-json\/wp\/v2\/media?parent=9144"}],"curies":[{"name":"wp","href":"https:\/\/api.w.org\/{rel}","templated":true}]}}