{"id":9131,"date":"2023-04-25T17:54:26","date_gmt":"2023-04-25T15:54:26","guid":{"rendered":"https:\/\/staviori.com.pl\/?page_id=9131"},"modified":"2023-04-26T18:35:49","modified_gmt":"2023-04-26T16:35:49","slug":"staviori-boutique","status":"publish","type":"page","link":"https:\/\/staviori.com.pl\/cs\/staviori-boutique\/","title":{"rendered":"Staviori Boutique"},"content":{"rendered":"<section class=\"section has-scroll-for-more\" id=\"section_1544103385\">\n\t\t<div class=\"section-bg fill\" >\n\t\t\t<img loading=\"lazy\" decoding=\"async\" width=\"1920\" height=\"1080\" src=\"https:\/\/staviori.com.pl\/wp-content\/uploads\/2023\/04\/DSE1749_10-1.jpg\" class=\"bg attachment-original size-original\" alt=\"\" \/>\t\t\t\t\t\t<button class=\"scroll-for-more z-5 icon absolute bottom h-center\" aria-label=\"Posu\u0148te se pro v\u00edce informac\u00ed\" data-no-translation-aria-label=\"\"><i class=\"icon-angle-down\" aria-hidden=\"true\" style=\"font-size:42px;\"><\/i><\/button>\n\t\t\t\n\n\t\t<\/div>\n\n\t\t\n\n\t\t<div class=\"section-content relative\">\n\t\t\t\n\n<div class=\"row\"  id=\"row-1955990043\">\n\n\n\t<div id=\"col-1985615160\" class=\"col small-12 large-12\"  >\n\t\t\t\t<div class=\"col-inner\"  >\n\t\t\t\n\t\t\t\n\n\t<div id=\"text-744049274\" class=\"text\">\n\t\t\n\n<h2>Staviori Boutique<\/h2>\n\n\t\t\n<style>\n#text-744049274 {\n  font-size: 2rem;\n  text-align: center;\n  color: rgb(0,0,0);\n}\n#text-744049274 > * {\n  color: rgb(0,0,0);\n}\n<\/style>\n\t<\/div>\n\t\n\n\t\t<\/div>\n\t\t\t\t\n<style>\n#col-1985615160 > .col-inner {\n  margin: 129px 0px 0px 0px;\n}\n<\/style>\n\t<\/div>\n\n\t\n\n<\/div>\n\n\t\t<\/div>\n\n\t\t\n<style>\n#section_1544103385 {\n  padding-top: 30px;\n  padding-bottom: 30px;\n  min-height: 290px;\n}\n#section_1544103385 .section-bg img {\n  object-position: 55% 87%;\n}\n@media (min-width:550px) {\n  #section_1544103385 {\n    min-height: 450px;\n  }\n}\n<\/style>\n\t<\/section>\n\t\n\n\t<section class=\"section\" id=\"section_945955330\">\n\t\t<div class=\"section-bg fill\" >\n\t\t\t\t\t\t\t\t\t\n\t\t\t\n\n\t\t<\/div>\n\n\t\t\n\n\t\t<div class=\"section-content relative\">\n\t\t\t\n\n<div class=\"row\"  id=\"row-1645637731\">\n\n\n\t<div id=\"col-1295173661\" class=\"col medium-6 small-12 large-6\"  >\n\t\t\t\t<div class=\"col-inner\"  >\n\t\t\t\n\t\t\t\n\n<h2>Staviori Boutique<\/h2>\n<div class=\"is-divider divider clearfix\" ><\/div>\n\n<p>Staviori Boutique je jedine\u010dn\u00fdm m\u00edstem, kde si v p\u0159\u00edjemn\u00e9 atmosf\u00e9\u0159e a naprost\u00e9 diskr\u00e9tnosti m\u016f\u017eete prohl\u00e9dnout vybran\u00e9 modely \u0161perk\u016f, nechat si odborn\u011b poradit, personalizovat objedn\u00e1vku a vyzvednout si objednan\u00e9 drah\u00e9 \u0161perky.<\/p>\n<p>Butik Staviori je uzav\u0159en.<\/p>\n<p>&nbsp;<\/p>\n<p>Aktualizace:<br \/><a href=\"https:\/\/www.facebook.com\/staviorisklep\" target=\"_blank\" rel=\"noopener\"><span style=\"color: blue;\">https:\/\/www.facebook.com\/staviorisklep<\/span><\/a><\/p>\n\n\t\t<\/div>\n\t\t\t\t\t<\/div>\n\n\t\n\n\t<div id=\"col-1256471506\" class=\"col medium-6 small-12 large-6\"  >\n\t\t\t\t<div class=\"col-inner\"  >\n\t\t\t\n\t\t\t\n\n\t<div class=\"img has-hover x md-x lg-x y md-y lg-y\" id=\"image_239313932\">\n\t\t\t\t\t\t\t\t<div class=\"img-inner dark\" >\n\t\t\t<img loading=\"lazy\" decoding=\"async\" width=\"399\" height=\"184\" src=\"https:\/\/staviori.com.pl\/wp-content\/uploads\/2023\/04\/main_banner_2.jpg\" class=\"attachment-original size-original\" alt=\"\" srcset=\"https:\/\/staviori.com.pl\/wp-content\/uploads\/2023\/04\/main_banner_2.jpg 399w, https:\/\/staviori.com.pl\/wp-content\/uploads\/2023\/04\/main_banner_2-300x138.jpg 300w\" sizes=\"auto, (max-width: 399px) 100vw, 399px\" \/>\t\t\t\t\t\t\n\t\t\t\t\t<\/div>\n\t\t\t\t\t\t\t\t\n<style>\n#image_239313932 {\n  width: 100%;\n}\n<\/style>\n\t<\/div>\n\t\n\n\n\t\t<\/div>\n\t\t\t\t\n<style>\n#col-1256471506 > .col-inner {\n  margin: 58px 0px 0px 0px;\n}\n<\/style>\n\t<\/div>\n\n\t\n\n<\/div>\n\n\t\t<\/div>\n\n\t\t\n<style>\n#section_945955330 {\n  padding-top: 30px;\n  padding-bottom: 30px;\n}\n<\/style>\n\t<\/section>\n\t\n<div class=\"row\"  id=\"row-191372515\">\n\n\n\t<div id=\"col-157157655\" class=\"col small-12 large-12\"  >\n\t\t\t\t<div class=\"col-inner\"  >\n\t\t\t\n\t\t\t\n\n<h3>\n<p>R\u00e1di bychom v\u00e1s informovali, \u017ee butik Staviori je uzav\u0159en.<\/p>\n<\/h3>\n<div class=\"is-divider divider clearfix\" ><\/div>\n\n<p>\u26d4 V prostor\u00e1ch Galerie Citypark do\u0161lo ke zm\u011bn\u00e1m ve veden\u00ed a nov\u00fdm pl\u00e1n\u016fm na jej\u00ed rozvoj \ud83c\udf34\u2600 Na m\u00edst\u011b b\u00fdval\u00e9 galerie bude t\u011blocvi\u010dna :\/ R\u00e1di se vr\u00e1t\u00edme, jakmile najdeme nov\u00e9 prostory \u2764. Jednou nohou tam st\u00e1le jsme, tak\u017ee pokud by m\u011bl n\u011bkdo z\u00e1jem o osobn\u00ed odb\u011br, n\u011bkdo z na\u0161eho t\u00fdmu v\u017edy r\u00e1d zajede do Cityparku nebo na jin\u00e9 domluven\u00e9 m\u00edsto a p\u0159ed\u00e1 objednan\u00e9 preciosy osobn\u011b. \ud83d\udc8e Nezapome\u0148te, \u017ee ve\u0161ker\u00fd n\u00e1\u0161 sortiment je k dispozici na www.staviori.pl a na\u0161e \u0161perky zas\u00edl\u00e1me bez probl\u00e9m\u016f nejen po cel\u00e9 Evrop\u011b, ale i do cel\u00e9ho sv\u011bta ! \u2708\ud83d\ude97\ud83c\udf81 Z d\u016fvodu v\u00fd\u0161e uveden\u00fdch nep\u0159\u00edjemnost\u00ed plat\u00ed pro ka\u017ed\u00e9ho na\u0161eho z\u00e1kazn\u00edka, kter\u00fd p\u0159i online objedn\u00e1vce zad\u00e1 do n\u00e1kupn\u00edho ko\u0161\u00edku k\u00f3d: citypark.<br \/>obdr\u017e\u00ed od n\u00e1s slevu 7%*!<br \/>D\u011bkujeme, \u017ee jste s n\u00e1mi ! \ud83d\udc9d<\/p>\n<p>* sleva se nekombinuje s jin\u00fdmi akcemi<\/p>\n\n\t\t<\/div>\n\t\t\t\t\t<\/div>\n\n\t\n\n<\/div>\n\n\t<section class=\"section\" id=\"section_1359935482\">\n\t\t<div class=\"section-bg fill\" >\n\t\t\t\t\t\t\t\t\t\n\t\t\t\n\n\t\t<\/div>\n\n\t\t\n\n\t\t<div class=\"section-content relative\">\n\t\t\t\n\n<div class=\"row\"  id=\"row-209431046\">\n\n\n\t<div id=\"col-489863267\" class=\"col small-12 large-12\"  >\n\t\t\t\t<div class=\"col-inner\"  >\n\t\t\t\n\t\t\t\n\n\n  \n    <div class=\"row large-columns-2 medium-columns- small-columns- row-small\" >\n  <div class=\"gallery-col col\" >\n          <div class=\"col-inner\">\n            <a class=\"image-lightbox lightbox-gallery\" href=\"https:\/\/staviori.com.pl\/wp-content\/uploads\/2023\/04\/boutique1.jpg\" title=\"\">            <div class=\"box has-hover gallery-box box-default\">\n              <div class=\"box-image\" >\n                <img loading=\"lazy\" decoding=\"async\" width=\"900\" height=\"577\" src=\"https:\/\/staviori.com.pl\/wp-content\/uploads\/2023\/04\/boutique1.jpg\" class=\"attachment-original size-original\" alt=\"\" ids=\"9134,9135,9136,9137\" style=\"default\" lightbox_image_size=\"original\" col_spacing=\"small\" columns=\"2\" image_size=\"original\" srcset=\"https:\/\/staviori.com.pl\/wp-content\/uploads\/2023\/04\/boutique1.jpg 900w, https:\/\/staviori.com.pl\/wp-content\/uploads\/2023\/04\/boutique1-510x327.jpg 510w, https:\/\/staviori.com.pl\/wp-content\/uploads\/2023\/04\/boutique1-300x192.jpg 300w, https:\/\/staviori.com.pl\/wp-content\/uploads\/2023\/04\/boutique1-768x492.jpg 768w\" sizes=\"auto, (max-width: 900px) 100vw, 900px\" \/>                                                              <\/div>\n              <div class=\"box-text text-left\" >\n                 <p><\/p>\n              <\/div>\n            <\/div>\n            <\/a>          <\/div>\n         <\/div><div class=\"gallery-col col\" >\n          <div class=\"col-inner\">\n            <a class=\"image-lightbox lightbox-gallery\" href=\"https:\/\/staviori.com.pl\/wp-content\/uploads\/2023\/04\/boutique2.jpg\" title=\"\">            <div class=\"box has-hover gallery-box box-default\">\n              <div class=\"box-image\" >\n                <img loading=\"lazy\" decoding=\"async\" width=\"900\" height=\"577\" src=\"https:\/\/staviori.com.pl\/wp-content\/uploads\/2023\/04\/boutique2.jpg\" class=\"attachment-original size-original\" alt=\"\" ids=\"9134,9135,9136,9137\" style=\"default\" lightbox_image_size=\"original\" col_spacing=\"small\" columns=\"2\" image_size=\"original\" srcset=\"https:\/\/staviori.com.pl\/wp-content\/uploads\/2023\/04\/boutique2.jpg 900w, https:\/\/staviori.com.pl\/wp-content\/uploads\/2023\/04\/boutique2-510x327.jpg 510w, https:\/\/staviori.com.pl\/wp-content\/uploads\/2023\/04\/boutique2-300x192.jpg 300w, https:\/\/staviori.com.pl\/wp-content\/uploads\/2023\/04\/boutique2-768x492.jpg 768w\" sizes=\"auto, (max-width: 900px) 100vw, 900px\" \/>                                                              <\/div>\n              <div class=\"box-text text-left\" >\n                 <p><\/p>\n              <\/div>\n            <\/div>\n            <\/a>          <\/div>\n         <\/div><div class=\"gallery-col col\" >\n          <div class=\"col-inner\">\n            <a class=\"image-lightbox lightbox-gallery\" href=\"https:\/\/staviori.com.pl\/wp-content\/uploads\/2023\/04\/boutique3.jpg\" title=\"\">            <div class=\"box has-hover gallery-box box-default\">\n              <div class=\"box-image\" >\n                <img loading=\"lazy\" decoding=\"async\" width=\"984\" height=\"577\" src=\"https:\/\/staviori.com.pl\/wp-content\/uploads\/2023\/04\/boutique3.jpg\" class=\"attachment-original size-original\" alt=\"\" ids=\"9134,9135,9136,9137\" style=\"default\" lightbox_image_size=\"original\" col_spacing=\"small\" columns=\"2\" image_size=\"original\" srcset=\"https:\/\/staviori.com.pl\/wp-content\/uploads\/2023\/04\/boutique3.jpg 984w, https:\/\/staviori.com.pl\/wp-content\/uploads\/2023\/04\/boutique3-510x299.jpg 510w, https:\/\/staviori.com.pl\/wp-content\/uploads\/2023\/04\/boutique3-300x176.jpg 300w, https:\/\/staviori.com.pl\/wp-content\/uploads\/2023\/04\/boutique3-768x450.jpg 768w\" sizes=\"auto, (max-width: 984px) 100vw, 984px\" \/>                                                              <\/div>\n              <div class=\"box-text text-left\" >\n                 <p><\/p>\n              <\/div>\n            <\/div>\n            <\/a>          <\/div>\n         <\/div><div class=\"gallery-col col\" >\n          <div class=\"col-inner\">\n            <a class=\"image-lightbox lightbox-gallery\" href=\"https:\/\/staviori.com.pl\/wp-content\/uploads\/2023\/04\/boutique4.jpg\" title=\"\">            <div class=\"box has-hover gallery-box box-default\">\n              <div class=\"box-image\" >\n                <img loading=\"lazy\" decoding=\"async\" width=\"841\" height=\"517\" src=\"https:\/\/staviori.com.pl\/wp-content\/uploads\/2023\/04\/boutique4.jpg\" class=\"attachment-original size-original\" alt=\"\" ids=\"9134,9135,9136,9137\" style=\"default\" lightbox_image_size=\"original\" col_spacing=\"small\" columns=\"2\" image_size=\"original\" srcset=\"https:\/\/staviori.com.pl\/wp-content\/uploads\/2023\/04\/boutique4.jpg 841w, https:\/\/staviori.com.pl\/wp-content\/uploads\/2023\/04\/boutique4-510x314.jpg 510w, https:\/\/staviori.com.pl\/wp-content\/uploads\/2023\/04\/boutique4-300x184.jpg 300w, https:\/\/staviori.com.pl\/wp-content\/uploads\/2023\/04\/boutique4-768x472.jpg 768w\" sizes=\"auto, (max-width: 841px) 100vw, 841px\" \/>                                                              <\/div>\n              <div class=\"box-text text-left\" >\n                 <p><\/p>\n              <\/div>\n            <\/div>\n            <\/a>          <\/div>\n         <\/div><\/div>\n\n\n\t\t<\/div>\n\t\t\t\t\t<\/div>\n\n\t\n\n<\/div>\n\n\t\t<\/div>\n\n\t\t\n<style>\n#section_1359935482 {\n  padding-top: 30px;\n  padding-bottom: 30px;\n}\n<\/style>\n\t<\/section>","protected":false},"excerpt":{"rendered":"","protected":false},"author":1,"featured_media":0,"parent":0,"menu_order":0,"comment_status":"closed","ping_status":"closed","template":"page-blank.php","meta":{"om_disable_all_campaigns":false,"footnotes":""},"class_list":["post-9131","page","type-page","status-publish","hentry"],"aioseo_notices":[],"_links":{"self":[{"href":"https:\/\/staviori.com.pl\/cs\/wp-json\/wp\/v2\/pages\/9131","targetHints":{"allow":["GET"]}}],"collection":[{"href":"https:\/\/staviori.com.pl\/cs\/wp-json\/wp\/v2\/pages"}],"about":[{"href":"https:\/\/staviori.com.pl\/cs\/wp-json\/wp\/v2\/types\/page"}],"author":[{"embeddable":true,"href":"https:\/\/staviori.com.pl\/cs\/wp-json\/wp\/v2\/users\/1"}],"replies":[{"embeddable":true,"href":"https:\/\/staviori.com.pl\/cs\/wp-json\/wp\/v2\/comments?post=9131"}],"version-history":[{"count":6,"href":"https:\/\/staviori.com.pl\/cs\/wp-json\/wp\/v2\/pages\/9131\/revisions"}],"predecessor-version":[{"id":9251,"href":"https:\/\/staviori.com.pl\/cs\/wp-json\/wp\/v2\/pages\/9131\/revisions\/9251"}],"wp:attachment":[{"href":"https:\/\/staviori.com.pl\/cs\/wp-json\/wp\/v2\/media?parent=9131"}],"curies":[{"name":"wp","href":"https:\/\/api.w.org\/{rel}","templated":true}]}}