{"id":9117,"date":"2023-04-25T17:24:16","date_gmt":"2023-04-25T15:24:16","guid":{"rendered":"https:\/\/staviori.com.pl\/?page_id=9117"},"modified":"2025-11-27T12:35:26","modified_gmt":"2025-11-27T11:35:26","slug":"o-nas","status":"publish","type":"page","link":"https:\/\/staviori.com.pl\/cs\/o-nas\/","title":{"rendered":"O n\u00e1s"},"content":{"rendered":"<section class=\"section has-scroll-for-more\" id=\"section_1155500005\">\n\t\t<div class=\"section-bg fill\" >\n\t\t\t<img loading=\"lazy\" decoding=\"async\" width=\"1920\" height=\"1080\" src=\"https:\/\/staviori.com.pl\/wp-content\/uploads\/2023\/04\/25b.jpg\" class=\"bg attachment-original size-original\" alt=\"\" \/>\t\t\t\t\t\t<button class=\"scroll-for-more z-5 icon absolute bottom h-center\" aria-label=\"Posu\u0148te se pro v\u00edce informac\u00ed\" data-no-translation-aria-label=\"\"><i class=\"icon-angle-down\" aria-hidden=\"true\" style=\"font-size:42px;\"><\/i><\/button>\n\t\t\t\n\n\t\t<\/div>\n\n\t\t\n\n\t\t<div class=\"section-content relative\">\n\t\t\t\n\n<div class=\"row\"  id=\"row-1134591614\">\n\n\n\t<div id=\"col-1152868183\" class=\"col small-12 large-12\"  >\n\t\t\t\t<div class=\"col-inner\"  >\n\t\t\t\n\t\t\t\n\n\t<div id=\"text-1113968388\" class=\"text\">\n\t\t\n\n<h2>O n\u00e1s<\/h2>\n\t\t\n<style>\n#text-1113968388 {\n  font-size: 2rem;\n  text-align: center;\n  color: rgb(0,0,0);\n}\n#text-1113968388 > * {\n  color: rgb(0,0,0);\n}\n<\/style>\n\t<\/div>\n\t\n\n\t\t<\/div>\n\t\t\t\t\n<style>\n#col-1152868183 > .col-inner {\n  margin: 129px 0px 0px 0px;\n}\n<\/style>\n\t<\/div>\n\n\t\n\n<\/div>\n\n\t\t<\/div>\n\n\t\t\n<style>\n#section_1155500005 {\n  padding-top: 30px;\n  padding-bottom: 30px;\n  min-height: 290px;\n}\n#section_1155500005 .section-bg img {\n  object-position: 47% 70%;\n}\n@media (min-width:550px) {\n  #section_1155500005 {\n    min-height: 450px;\n  }\n}\n<\/style>\n\t<\/section>\n\t\n\n\t<section class=\"section\" id=\"section_1521571341\">\n\t\t<div class=\"section-bg fill\" >\n\t\t\t\t\t\t\t\t\t\n\t\t\t\n\n\t\t<\/div>\n\n\t\t\n\n\t\t<div class=\"section-content relative\">\n\t\t\t\n\n<div class=\"row align-center\"  id=\"row-803859624\">\n\n\n\t<div id=\"col-809683004\" class=\"col medium-11 small-12 large-11\"  >\n\t\t\t\t<div class=\"col-inner\"  >\n\t\t\t\n\t\t\t\n\n<h2>O spole\u010dnosti Staviori<\/h2>\n<div class=\"is-divider divider clearfix\" ><\/div>\n\n<p data-start=\"362\" data-end=\"827\"><strong>Polsk\u00e1 citlivost, italsk\u00e1 jemnost<\/strong> - To je nejvhodn\u011bj\u0161\u00ed zp\u016fsob, jak popsat ducha, kter\u00fd prov\u00e1z\u00ed zna\u010dku Staviori od jej\u00edho vzniku. N\u00e1\u0161 p\u0159\u00edstup ke \u0161perk\u016fm byl inspirov\u00e1n It\u00e1li\u00ed 19. stolet\u00ed, kde \u0161perka\u0159sk\u00e9 \u0159emeslo dos\u00e1hlo t\u00e9m\u011b\u0159 legend\u00e1rn\u00ed \u00farovn\u011b. Aristokracie tehdy obdivovala pr\u00e1ci mistr\u016f, jako byl Marcello Staviori, zlatn\u00edk, jeho\u017e talent pro z\u00edsk\u00e1v\u00e1n\u00ed lesku z kamen\u016f a zlata se zachoval v p\u0159\u00edb\u011bz\u00edch a zlatnick\u00fdch tradic\u00edch It\u00e1lie.<\/p>\n<p data-start=\"829\" data-end=\"1274\">Dnes jako zna\u010dka p\u016fsob\u00edc\u00ed v Polsku \u010derp\u00e1me z t\u00e9to estetiky a \u0159emesln\u00e9 odvahy. Vytv\u00e1\u0159\u00edme \u0161perky, kter\u00e9 jsou stejn\u011b jako preci\u00f3zy p\u0159ed stalet\u00edmi vyr\u00e1b\u011bny s ohledem na konkr\u00e9tn\u00edho \u010dlov\u011bka.\u00a0<\/p>\n<p>Staviori navazuje na tradici italsk\u00fdch zlatnick\u00fdch mistr\u016f, jejich\u017e jedine\u010dn\u00e9 \u0161perky byly vytvo\u0159eny pro konkr\u00e9tn\u00ed osoby, a vytv\u00e1\u0159\u00ed jedine\u010dn\u00e9 \u0161perky na individu\u00e1ln\u00ed objedn\u00e1vky z\u00e1kazn\u00edk\u016f. Ka\u017ed\u00fd v\u00fdrobek lze libovoln\u011b upravit podle p\u0159\u00e1n\u00ed jeho budouc\u00edho majitele, po\u010d\u00ednaje barvou zlata, p\u0159es kvalitu kamen\u016f a\u017e po samotn\u00fd styl. V\u00fdroba jak\u00e9hokoli n\u00e1vrhu trv\u00e1 pouh\u00fdch 4-5 t\u00fddn\u016f, tak\u017ee se na\u0161i z\u00e1kazn\u00edci mohou ze sv\u00fdch personalizovan\u00fdch \u0161perk\u016f t\u011b\u0161it co nejd\u0159\u00edve.<\/p>\n\n\t\t<\/div>\n\t\t\t\t\t<\/div>\n\n\t\n\n<\/div>\n\n\t\t<\/div>\n\n\t\t\n<style>\n#section_1521571341 {\n  padding-top: 30px;\n  padding-bottom: 30px;\n}\n<\/style>\n\t<\/section>\n\t\n\n\t<section class=\"section\" id=\"section_1205933476\">\n\t\t<div class=\"section-bg fill\" >\n\t\t\t\t\t\t\t\t\t\n\t\t\t\n\n\t\t<\/div>\n\n\t\t\n\n\t\t<div class=\"section-content relative\">\n\t\t\t\n\n<div class=\"row\"  id=\"row-362130299\">\n\n\n\t<div id=\"col-502271989\" class=\"col medium-5 small-12 large-5\"  >\n\t\t\t\t<div class=\"col-inner\"  >\n\t\t\t\n\t\t\t\n\n\t<div class=\"img has-hover x md-x lg-x y md-y lg-y\" id=\"image_1271911331\">\n\t\t\t\t\t\t\t\t<div class=\"img-inner dark\" >\n\t\t\t<img loading=\"lazy\" decoding=\"async\" width=\"600\" height=\"900\" src=\"https:\/\/staviori.com.pl\/wp-content\/uploads\/2023\/04\/4.jpg\" class=\"attachment-original size-original\" alt=\"\" srcset=\"https:\/\/staviori.com.pl\/wp-content\/uploads\/2023\/04\/4.jpg 600w, https:\/\/staviori.com.pl\/wp-content\/uploads\/2023\/04\/4-510x765.jpg 510w, https:\/\/staviori.com.pl\/wp-content\/uploads\/2023\/04\/4-200x300.jpg 200w\" sizes=\"auto, (max-width: 600px) 100vw, 600px\" \/>\t\t\t\t\t\t\n\t\t\t\t\t<\/div>\n\t\t\t\t\t\t\t\t\n<style>\n#image_1271911331 {\n  width: 100%;\n}\n<\/style>\n\t<\/div>\n\t\n\n\n\t\t<\/div>\n\t\t\t\t\n<style>\n#col-502271989 > .col-inner {\n  margin: -1px 0px 0px 0px;\n}\n@media (min-width:550px) {\n  #col-502271989 > .col-inner {\n    margin: 40px 0px 0px 0px;\n  }\n}\n@media (min-width:850px) {\n  #col-502271989 > .col-inner {\n    margin: 0px 0px 0px 0px;\n  }\n}\n<\/style>\n\t<\/div>\n\n\t\n\n\t<div id=\"col-1555718621\" class=\"col medium-7 small-12 large-7\"  >\n\t\t\t\t<div class=\"col-inner\"  >\n\t\t\t\n\t\t\t\n\n<h2>Propracovan\u00fd design<\/h2>\n<div class=\"is-divider divider clearfix\" ><\/div>\n\n<p>Ve Staviori se snoub\u00ed polsk\u00e9 \u0159emeslo s nejlep\u0161\u00edmi postupy italsk\u00e9 zlatnick\u00e9 \u0161koly - precizn\u00ed zpracov\u00e1n\u00ed, symfonie drah\u00fdch kov\u016f a pe\u010dliv\u011b vybran\u00fdch kamen\u016f.<\/p>\n<p>Ve sb\u00edrce <strong>Exkluzivn\u00ed<\/strong> i <strong>Staviori\u00ae Must Have<\/strong> - dokonal\u00e9 zlato a vybran\u00e9 drah\u00e9 kameny jsou znakem dokonal\u00e9ho italsk\u00e9ho \u0159emesln\u00e9ho zpracov\u00e1n\u00ed a nad\u010dasov\u00e9 kvality. Ka\u017ed\u00fd v\u00fdrobek je jedine\u010dn\u00fd a vyroben\u00fd podle p\u0159\u00e1n\u00ed z\u00e1kazn\u00edka. Diamanty a dal\u0161\u00ed kameny jsou zasazov\u00e1ny pod mikroskopem (tzv. mikrosetting), co\u017e zaru\u010duje mimo\u0159\u00e1dnou trvanlivost.<br \/>Naproti tomu u\u017eitkov\u00e9 \u0161perky Staviori, kter\u00e9 najdete jak v katalogu Diamonds, tak v katalogu Silver, se nijak neodchyluj\u00ed od sv\u00e9 rafinovan\u00e9 p\u0159edlohy a k jejich v\u00fdrob\u011b se pou\u017e\u00edv\u00e1 pouze zlato a st\u0159\u00edbro nejvy\u0161\u0161\u00ed kvality a p\u0159\u00edrodn\u00ed drah\u00e9 kameny, p\u0159edev\u0161\u00edm diamanty.<\/p>\n<p>Na individu\u00e1ln\u00ed \u017e\u00e1dost m\u016f\u017eeme dov\u00e9zt jak\u00fdkoli diamant nebo jin\u00fd drah\u00fd k\u00e1men jak pro investi\u010dn\u00ed \u00fa\u010dely, tak pro zasazen\u00ed do n\u011bkter\u00e9ho z na\u0161ich jedine\u010dn\u00fdch osazen\u00ed. Spolupracujeme s renomovan\u00fdmi dodavateli z Hongkongu, Izraele, Antverp a Spojen\u00fdch st\u00e1t\u016f, tak\u017ee m\u016f\u017eeme dov\u00e9zt jak\u00fdkoli diamant nebo jin\u00fd drah\u00fd k\u00e1men, a\u0165 u\u017e pro investi\u010dn\u00ed \u00fa\u010dely, nebo pro zasazen\u00ed do n\u011bkter\u00e9ho z vybran\u00fdch design\u016f na\u0161\u00ed zna\u010dky.<\/p>\n\n\t\t<\/div>\n\t\t\t\t\n<style>\n#col-1555718621 > .col-inner {\n  margin: 4px 0px 0px 0px;\n}\n@media (min-width:550px) {\n  #col-1555718621 > .col-inner {\n    margin: 100px 0px 0px 0px;\n  }\n}\n<\/style>\n\t<\/div>\n\n\t\n\n<\/div>\n\n\t\t<\/div>\n\n\t\t\n<style>\n#section_1205933476 {\n  padding-top: 30px;\n  padding-bottom: 30px;\n}\n<\/style>\n\t<\/section>\n\t\n\n\t<section class=\"section dark\" id=\"section_65857553\">\n\t\t<div class=\"section-bg fill\" >\n\t\t\t\t\t\t\t\t\t\n\t\t\t\n\n\t\t<\/div>\n\n\t\t\n\n\t\t<div class=\"section-content relative\">\n\t\t\t\n\n<div class=\"row\"  id=\"row-1295788512\">\n\n\n\t<div id=\"col-341904304\" class=\"col medium-6 small-12 large-6\"  >\n\t\t\t\t<div class=\"col-inner\"  >\n\t\t\t\n\t\t\t\n\n<h2>V na\u0161ich kataloz\u00edch najdete \u0161perky:<\/h2>\n<div class=\"is-divider divider clearfix\" ><\/div>\n\n<p>drah\u00fdch kov\u016f a kamen\u016f, zejm\u00e9na: z\u00e1snubn\u00ed prsteny, diamantov\u00e9 prsteny pro jin\u00e9 p\u0159\u00edle\u017eitosti, v\u010detn\u011b prstenu s diamantem jak\u00fdchkoli parametr\u016f dovezen\u00e9ho na individu\u00e1ln\u00ed objedn\u00e1vku z\u00e1kazn\u00edka. Krom\u011b toho nab\u00edz\u00edme \u0161pi\u010dkov\u00e9 investi\u010dn\u00ed \u0161perky a investi\u010dn\u00ed diamanty ve v\u0161ech mo\u017en\u00fdch brusech.<br \/>N\u00e1mi nab\u00edzen\u00e9 prsteny, prst\u00fdnky, n\u00e1u\u0161nice, p\u0159\u00edv\u011bsky, \u0159et\u00edzky, n\u00e1ramky a n\u00e1hrdeln\u00edky jsou vyrobeny z nejkvalitn\u011bj\u0161\u00edch drah\u00fdch kov\u016f: b\u00edl\u00e9ho, r\u016f\u017eov\u00e9ho a \u017elut\u00e9ho zlata 750, 585 nebo 333 a st\u0159\u00edbra 925. Do na\u0161ich \u0161perk\u016f zasazujeme p\u0159\u00edrodn\u00ed perly a drah\u00e9 kameny, jako jsou diamanty, rub\u00edny, saf\u00edry a smaragdy, a tak\u00e9 markazity, zirkony, onyx, kor\u00e1ly a smalt.<\/p>\n<p>Nab\u00edzen\u00e9 zlat\u00e9 a st\u0159\u00edbrn\u00e9 v\u00fdrobky jsou v souladu s platn\u00fdmi pr\u00e1vn\u00edmi p\u0159edpisy opat\u0159eny puncovn\u00ed zna\u010dkou Puncovn\u00edho \u00fa\u0159adu.<\/p>\n<p>Zaru\u010dujeme, \u017ee kameny pou\u017eit\u00e9 p\u0159i v\u00fdrob\u011b na\u0161ich \u0161perk\u016f poch\u00e1zej\u00ed v souladu s po\u017eadavky OSN ze zem\u00ed bez konflikt\u016f.<\/p>\n\n\t\t<\/div>\n\t\t\t\t\t<\/div>\n\n\t\n\n\t<div id=\"col-304141945\" class=\"col medium-6 small-12 large-6\"  >\n\t\t\t\t<div class=\"col-inner text-center\"  >\n\t\t\t\n\t\t\t\n\n\t<div class=\"img has-hover x md-x lg-x y md-y lg-y\" id=\"image_40762306\">\n\t\t\t\t\t\t\t\t<div class=\"img-inner dark\" >\n\t\t\t<img loading=\"lazy\" decoding=\"async\" width=\"600\" height=\"900\" src=\"https:\/\/staviori.com.pl\/wp-content\/uploads\/2023\/04\/i9.jpg\" class=\"attachment-large size-large\" alt=\"\" srcset=\"https:\/\/staviori.com.pl\/wp-content\/uploads\/2023\/04\/i9.jpg 600w, https:\/\/staviori.com.pl\/wp-content\/uploads\/2023\/04\/i9-510x765.jpg 510w, https:\/\/staviori.com.pl\/wp-content\/uploads\/2023\/04\/i9-200x300.jpg 200w\" sizes=\"auto, (max-width: 600px) 100vw, 600px\" \/>\t\t\t\t\t\t\n\t\t\t\t\t<\/div>\n\t\t\t\t\t\t\t\t\n<style>\n#image_40762306 {\n  width: 100%;\n}\n@media (min-width:550px) {\n  #image_40762306 {\n    width: 64%;\n  }\n}\n<\/style>\n\t<\/div>\n\t\n\n\n\t\t<\/div>\n\t\t\t\t\t<\/div>\n\n\t\n\n<\/div>\n\n\t\t<\/div>\n\n\t\t\n<style>\n#section_65857553 {\n  padding-top: 80px;\n  padding-bottom: 80px;\n  background-color: #1c1c1c;\n}\n<\/style>\n\t<\/section>\n\t\n\n\t<section class=\"section\" id=\"section_830031172\">\n\t\t<div class=\"section-bg fill\" >\n\t\t\t\t\t\t\t\t\t\n\t\t\t\n\n\t\t<\/div>\n\n\t\t\n\n\t\t<div class=\"section-content relative\">\n\t\t\t\n\n<div class=\"row\"  id=\"row-689489263\">\n\n\n\t<div id=\"col-141354378\" class=\"col medium-5 small-12 large-5\"  >\n\t\t\t\t<div class=\"col-inner\"  >\n\t\t\t\n\t\t\t\n\n<h2>Na\u0161e TOP produkty<\/h2>\n<div class=\"is-divider divider clearfix\" ><\/div>\n\n<div id=\"text-4229914342\" class=\"text\">\u00a0<\/div>\n<p>Prohl\u00e9dn\u011bte si v\u00fdb\u011br produkt\u016f tohoto t\u00fddne.<\/p>\n<p>Cht\u011bli byste vid\u011bt v\u00edc?<\/p>\n<a href=\"https:\/\/staviori.com.pl\/cs\/sklep\/\" class=\"button primary\" >\n\t\t<span>P\u0159ej\u00edt do obchodu<\/span>\n\t<\/a>\n\n\n\n\t\t<\/div>\n\t\t\t\t\t<\/div>\n\n\t\n\n\t<div id=\"col-1496408201\" class=\"col medium-7 small-12 large-7\"  >\n\t\t\t\t<div class=\"col-inner\"  >\n\t\t\t\n\t\t\t\n\n\t\n  \n    <div class=\"row  equalize-box large-columns-3 medium-columns- small-columns-3 row-small\" >\n  \n\t     <div class=\"product-small col has-hover product type-product post-14213 status-publish first instock product_cat-kolczyki product_cat-srebrne-kolczyki product_cat-srebro-2 product_tag-bizuteria-dziecieca product_tag-kb46342 product_tag-kolczyki-dla-dziewczynki product_tag-kolczyki-dzieciece product_tag-kolczyki-emaliowane product_tag-kolczyki-misie product_tag-kolczyki-na-prezent product_tag-kse6207 product_tag-srebro-925 product_tag-urocze-kolczyki has-post-thumbnail purchasable product-type-simple\">\n\t<div class=\"col-inner\">\n\t\n<div class=\"badge-container absolute left top z-1\">\n\n<\/div>\n\t<div class=\"product-small box\">\n\t\t<div class=\"box-image\">\n\t\t\t<div class=\"image-fade_in_back\">\n\t\t\t\t<a href=\"https:\/\/staviori.com.pl\/cs\/product\/srebrne-kolczyki-kse6207\/\">\n\t\t\t\t\t<img loading=\"lazy\" decoding=\"async\" width=\"247\" height=\"296\" src=\"https:\/\/staviori.com.pl\/wp-content\/uploads\/2025\/02\/KB46342_1200x1200-247x296.jpg\" class=\"attachment-woocommerce_thumbnail size-woocommerce_thumbnail\" alt=\"Srebrne kolczyki misie dla dziewczynki - KSE6207\" \/><img loading=\"lazy\" decoding=\"async\" width=\"247\" height=\"296\" src=\"https:\/\/staviori.com.pl\/wp-content\/uploads\/2025\/02\/KS46342-BB000-EMBEMA-000-2-247x296.jpg\" class=\"show-on-hover absolute fill hide-for-small back-image\" alt=\"Alternativn\u00ed pohled na Srebrne kolczyki misie dla dziewczynki - KSE6207\" aria-hidden=\"true\" data-no-translation-alt=\"\" \/>\t\t\t\t<\/a>\n\t\t\t<\/div>\n\t\t\t<div class=\"image-tools is-small top right show-on-hover\">\n\t\t\t\t\t\t<div class=\"wishlist-icon\">\n\t\t\t<button class=\"wishlist-button button is-outline circle icon\" aria-label=\"Seznam p\u0159\u00e1n\u00ed\" data-no-translation-aria-label=\"\">\n\t\t\t\t<i class=\"icon-heart-o\" aria-hidden=\"true\"><\/i>\t\t\t<\/button>\n\t\t\t<div class=\"wishlist-popup dark\">\n\t\t\t\t\n<div\n\tclass=\"yith-wcwl-add-to-wishlist add-to-wishlist-14213 yith-wcwl-add-to-wishlist--link-style wishlist-fragment on-first-load\"\n\tdata-fragment-ref=\"14213\"\n\tdata-fragment-options=\"{&quot;base_url&quot;:&quot;&quot;,&quot;product_id&quot;:14213,&quot;parent_product_id&quot;:0,&quot;product_type&quot;:&quot;simple&quot;,&quot;is_single&quot;:false,&quot;in_default_wishlist&quot;:false,&quot;show_view&quot;:false,&quot;browse_wishlist_text&quot;:&quot;Przegl\\u0105daj obserwowane&quot;,&quot;already_in_wishslist_text&quot;:&quot;Produkt jest na Twojej li\\u015bcie&quot;,&quot;product_added_text&quot;:&quot;Produkt dodany!&quot;,&quot;available_multi_wishlist&quot;:false,&quot;disable_wishlist&quot;:false,&quot;show_count&quot;:false,&quot;ajax_loading&quot;:false,&quot;loop_position&quot;:&quot;after_add_to_cart&quot;,&quot;item&quot;:&quot;add_to_wishlist&quot;}\"\n>\n\t<\/div>\n\t\t\t<\/div>\n\t\t<\/div>\n\t\t\t\t\t<\/div>\n\t\t\t<div class=\"image-tools is-small hide-for-small bottom left show-on-hover\">\n\t\t\t\t\t\t\t<\/div>\n\t\t\t<div class=\"image-tools grid-tools text-center hide-for-small bottom hover-slide-in show-on-hover\">\n\t\t\t\t\t\t\t<\/div>\n\t\t\t\t\t<\/div>\n\n\t\t<div class=\"box-text box-text-products\">\n\t\t\t<div class=\"title-wrapper\">\t\t<p class=\"category uppercase is-smaller no-text-overflow product-cat op-8\">\n\t\t\tN\u00e1u\u0161nice\t\t<\/p>\n\t<p class=\"name product-title woocommerce-loop-product__title\"><a href=\"https:\/\/staviori.com.pl\/cs\/product\/srebrne-kolczyki-kse6207\/\" class=\"woocommerce-LoopProduct-link woocommerce-loop-product__link\">St\u0159\u00edbrn\u00e9 n\u00e1u\u0161nice s medv\u00eddkem pro d\u00edvku - KSE6207<\/a><\/p><\/div><div class=\"price-wrapper\">\n\t<span class=\"price\"><span class=\"woocs_price_code\" data-currency=\"\" data-redraw-id=\"69edd1acd926a\"  data-product-id=\"14213\"><span class=\"woocommerce-Price-amount amount\"><bdi>89,00&nbsp;<span class=\"woocommerce-Price-currencySymbol\">&#122;&#322;<\/span><\/bdi><\/span><\/span><\/span>\n<\/div>\t\t<\/div>\n\t<\/div>\n\t\t<\/div>\n<\/div><div class=\"product-small col has-hover product type-product post-13715 status-publish onbackorder product_cat-bransoletka product_cat-bransoletki product_cat-brylanty-exclusive product_tag-18k-gold product_tag-armband-diamant product_tag-bizuteria-luksusowa product_tag-bow-bracelet product_tag-bransoleta-z-diamentami product_tag-bransoleta-z-rozowego-zlota product_tag-bransoletka-kokarda product_tag-diamond-bracelet product_tag-high-jewelry product_tag-luxury-bracelet product_tag-naramek-ruzove-zlato product_tag-rose-gold-bracelet product_tag-zloto-750 has-post-thumbnail purchasable product-type-simple\">\n\t<div class=\"col-inner\">\n\t\n<div class=\"badge-container absolute left top z-1\">\n\n<\/div>\n\t<div class=\"product-small box\">\n\t\t<div class=\"box-image\">\n\t\t\t<div class=\"image-fade_in_back\">\n\t\t\t\t<a href=\"https:\/\/staviori.com.pl\/cs\/product\/bizuteria-inwestycyjna-bransoletka-ddb0788\/\">\n\t\t\t\t\t<img loading=\"lazy\" decoding=\"async\" width=\"247\" height=\"296\" src=\"https:\/\/staviori.com.pl\/wp-content\/uploads\/2025\/02\/DDB0788_2-247x296.jpg\" class=\"attachment-woocommerce_thumbnail size-woocommerce_thumbnail\" alt=\"Exclusive | bransoleta kokarda  z 1295 brylantami w 18-karatowym z\u0142ocie\" \/><img loading=\"lazy\" decoding=\"async\" width=\"247\" height=\"296\" src=\"https:\/\/staviori.com.pl\/wp-content\/uploads\/2025\/02\/DDB0788-GIF-247x296.gif\" class=\"show-on-hover absolute fill hide-for-small back-image\" alt=\"Alternativn\u00ed pohled na Exclusive | bransoleta kokarda  z 1295 brylantami w 18-karatowym z\u0142ocie\" aria-hidden=\"true\" data-no-translation-alt=\"\" \/>\t\t\t\t<\/a>\n\t\t\t<\/div>\n\t\t\t<div class=\"image-tools is-small top right show-on-hover\">\n\t\t\t\t\t\t<div class=\"wishlist-icon\">\n\t\t\t<button class=\"wishlist-button button is-outline circle icon\" aria-label=\"Seznam p\u0159\u00e1n\u00ed\" data-no-translation-aria-label=\"\">\n\t\t\t\t<i class=\"icon-heart-o\" aria-hidden=\"true\"><\/i>\t\t\t<\/button>\n\t\t\t<div class=\"wishlist-popup dark\">\n\t\t\t\t\n<div\n\tclass=\"yith-wcwl-add-to-wishlist add-to-wishlist-13715 yith-wcwl-add-to-wishlist--link-style wishlist-fragment on-first-load\"\n\tdata-fragment-ref=\"13715\"\n\tdata-fragment-options=\"{&quot;base_url&quot;:&quot;&quot;,&quot;product_id&quot;:13715,&quot;parent_product_id&quot;:0,&quot;product_type&quot;:&quot;simple&quot;,&quot;is_single&quot;:false,&quot;in_default_wishlist&quot;:false,&quot;show_view&quot;:false,&quot;browse_wishlist_text&quot;:&quot;Przegl\\u0105daj obserwowane&quot;,&quot;already_in_wishslist_text&quot;:&quot;Produkt jest na Twojej li\\u015bcie&quot;,&quot;product_added_text&quot;:&quot;Produkt dodany!&quot;,&quot;available_multi_wishlist&quot;:false,&quot;disable_wishlist&quot;:false,&quot;show_count&quot;:false,&quot;ajax_loading&quot;:false,&quot;loop_position&quot;:&quot;after_add_to_cart&quot;,&quot;item&quot;:&quot;add_to_wishlist&quot;}\"\n>\n\t<\/div>\n\t\t\t<\/div>\n\t\t<\/div>\n\t\t\t\t\t<\/div>\n\t\t\t<div class=\"image-tools is-small hide-for-small bottom left show-on-hover\">\n\t\t\t\t\t\t\t<\/div>\n\t\t\t<div class=\"image-tools grid-tools text-center hide-for-small bottom hover-slide-in show-on-hover\">\n\t\t\t\t\t\t\t<\/div>\n\t\t\t\t\t<\/div>\n\n\t\t<div class=\"box-text box-text-products\">\n\t\t\t<div class=\"title-wrapper\">\t\t<p class=\"category uppercase is-smaller no-text-overflow product-cat op-8\">\n\t\t\tN\u00e1ramek\t\t<\/p>\n\t<p class=\"name product-title woocommerce-loop-product__title\"><a href=\"https:\/\/staviori.com.pl\/cs\/product\/bizuteria-inwestycyjna-bransoletka-ddb0788\/\" class=\"woocommerce-LoopProduct-link woocommerce-loop-product__link\">Exkluzivn\u00ed | n\u00e1ramek s 1295 diamanty v 18kar\u00e1tov\u00e9m zlat\u011b<\/a><\/p><\/div><div class=\"price-wrapper\">\n\t<span class=\"price\"><span class=\"woocs_price_code\" data-currency=\"\" data-redraw-id=\"69edd1acdb359\"  data-product-id=\"13715\"><span class=\"woocommerce-Price-amount amount\"><bdi>255 000,00&nbsp;<span class=\"woocommerce-Price-currencySymbol\">&#122;&#322;<\/span><\/bdi><\/span><\/span><\/span>\n<\/div>\t\t<\/div>\n\t<\/div>\n\t\t<\/div>\n<\/div><div class=\"product-small col has-hover product type-product post-14219 status-publish last instock product_cat-kolczyki product_cat-srebrne-kolczyki product_cat-srebro-2 product_tag-3932 product_tag-cute-earrings product_tag-detske-nausnice product_tag-enamel-jewelry product_tag-kolczyki-panda product_tag-kolczyki-srebrne product_tag-kolczyki-z-emalia product_tag-panda-earrings product_tag-panda-ohrringe product_tag-silber-925 product_tag-silver-earrings product_tag-srebro-0 has-post-thumbnail purchasable product-type-simple\">\n\t<div class=\"col-inner\">\n\t\n<div class=\"badge-container absolute left top z-1\">\n\n<\/div>\n\t<div class=\"product-small box\">\n\t\t<div class=\"box-image\">\n\t\t\t<div class=\"image-fade_in_back\">\n\t\t\t\t<a href=\"https:\/\/staviori.com.pl\/cs\/product\/srebrne-kolczyki-kse6519\/\">\n\t\t\t\t\t<img loading=\"lazy\" decoding=\"async\" width=\"247\" height=\"296\" src=\"https:\/\/staviori.com.pl\/wp-content\/uploads\/2025\/02\/6519-247x296.jpg\" class=\"attachment-woocommerce_thumbnail size-woocommerce_thumbnail\" alt=\"Srebrne kolczyki PANDA dzieci\u0119ce s\u0142odkie z emali\u0105\" \/><img loading=\"lazy\" decoding=\"async\" width=\"247\" height=\"296\" src=\"https:\/\/staviori.com.pl\/wp-content\/uploads\/2025\/02\/KS51875-BB000-EMX000-000-2_1-247x296.jpg\" class=\"show-on-hover absolute fill hide-for-small back-image\" alt=\"Alternativn\u00ed pohled na Srebrne kolczyki PANDA dzieci\u0119ce s\u0142odkie z emali\u0105\" aria-hidden=\"true\" data-no-translation-alt=\"\" \/>\t\t\t\t<\/a>\n\t\t\t<\/div>\n\t\t\t<div class=\"image-tools is-small top right show-on-hover\">\n\t\t\t\t\t\t<div class=\"wishlist-icon\">\n\t\t\t<button class=\"wishlist-button button is-outline circle icon\" aria-label=\"Seznam p\u0159\u00e1n\u00ed\" data-no-translation-aria-label=\"\">\n\t\t\t\t<i class=\"icon-heart-o\" aria-hidden=\"true\"><\/i>\t\t\t<\/button>\n\t\t\t<div class=\"wishlist-popup dark\">\n\t\t\t\t\n<div\n\tclass=\"yith-wcwl-add-to-wishlist add-to-wishlist-14219 yith-wcwl-add-to-wishlist--link-style wishlist-fragment on-first-load\"\n\tdata-fragment-ref=\"14219\"\n\tdata-fragment-options=\"{&quot;base_url&quot;:&quot;&quot;,&quot;product_id&quot;:14219,&quot;parent_product_id&quot;:0,&quot;product_type&quot;:&quot;simple&quot;,&quot;is_single&quot;:false,&quot;in_default_wishlist&quot;:false,&quot;show_view&quot;:false,&quot;browse_wishlist_text&quot;:&quot;Przegl\\u0105daj obserwowane&quot;,&quot;already_in_wishslist_text&quot;:&quot;Produkt jest na Twojej li\\u015bcie&quot;,&quot;product_added_text&quot;:&quot;Produkt dodany!&quot;,&quot;available_multi_wishlist&quot;:false,&quot;disable_wishlist&quot;:false,&quot;show_count&quot;:false,&quot;ajax_loading&quot;:false,&quot;loop_position&quot;:&quot;after_add_to_cart&quot;,&quot;item&quot;:&quot;add_to_wishlist&quot;}\"\n>\n\t<\/div>\n\t\t\t<\/div>\n\t\t<\/div>\n\t\t\t\t\t<\/div>\n\t\t\t<div class=\"image-tools is-small hide-for-small bottom left show-on-hover\">\n\t\t\t\t\t\t\t<\/div>\n\t\t\t<div class=\"image-tools grid-tools text-center hide-for-small bottom hover-slide-in show-on-hover\">\n\t\t\t\t\t\t\t<\/div>\n\t\t\t\t\t<\/div>\n\n\t\t<div class=\"box-text box-text-products\">\n\t\t\t<div class=\"title-wrapper\">\t\t<p class=\"category uppercase is-smaller no-text-overflow product-cat op-8\">\n\t\t\tN\u00e1u\u0161nice\t\t<\/p>\n\t<p class=\"name product-title woocommerce-loop-product__title\"><a href=\"https:\/\/staviori.com.pl\/cs\/product\/srebrne-kolczyki-kse6519\/\" class=\"woocommerce-LoopProduct-link woocommerce-loop-product__link\">D\u011btsk\u00e9 st\u0159\u00edbrn\u00e9 n\u00e1u\u0161nice PANDA sladk\u00e9 se smaltem<\/a><\/p><\/div><div class=\"price-wrapper\">\n\t<span class=\"price\"><span class=\"woocs_price_code\" data-currency=\"\" data-redraw-id=\"69edd1acdcf6f\"  data-product-id=\"14219\"><span class=\"woocommerce-Price-amount amount\"><bdi>79,00&nbsp;<span class=\"woocommerce-Price-currencySymbol\">&#122;&#322;<\/span><\/bdi><\/span><\/span><\/span>\n<\/div>\t\t<\/div>\n\t<\/div>\n\t\t<\/div>\n<\/div><\/div>\n\n\n\t\t<\/div>\n\t\t\t\t\t<\/div>\n\n\t\n\n<\/div>\n\n\t\t<\/div>\n\n\t\t\n<style>\n#section_830031172 {\n  padding-top: 30px;\n  padding-bottom: 30px;\n}\n<\/style>\n\t<\/section>","protected":false},"excerpt":{"rendered":"","protected":false},"author":1,"featured_media":0,"parent":0,"menu_order":0,"comment_status":"closed","ping_status":"closed","template":"page-blank.php","meta":{"om_disable_all_campaigns":false,"footnotes":""},"class_list":["post-9117","page","type-page","status-publish","hentry"],"aioseo_notices":[],"_links":{"self":[{"href":"https:\/\/staviori.com.pl\/cs\/wp-json\/wp\/v2\/pages\/9117","targetHints":{"allow":["GET"]}}],"collection":[{"href":"https:\/\/staviori.com.pl\/cs\/wp-json\/wp\/v2\/pages"}],"about":[{"href":"https:\/\/staviori.com.pl\/cs\/wp-json\/wp\/v2\/types\/page"}],"author":[{"embeddable":true,"href":"https:\/\/staviori.com.pl\/cs\/wp-json\/wp\/v2\/users\/1"}],"replies":[{"embeddable":true,"href":"https:\/\/staviori.com.pl\/cs\/wp-json\/wp\/v2\/comments?post=9117"}],"version-history":[{"count":9,"href":"https:\/\/staviori.com.pl\/cs\/wp-json\/wp\/v2\/pages\/9117\/revisions"}],"predecessor-version":[{"id":21993,"href":"https:\/\/staviori.com.pl\/cs\/wp-json\/wp\/v2\/pages\/9117\/revisions\/21993"}],"wp:attachment":[{"href":"https:\/\/staviori.com.pl\/cs\/wp-json\/wp\/v2\/media?parent=9117"}],"curies":[{"name":"wp","href":"https:\/\/api.w.org\/{rel}","templated":true}]}}