{"id":9096,"date":"2023-04-25T15:36:07","date_gmt":"2023-04-25T13:36:07","guid":{"rendered":"https:\/\/staviori.com.pl\/?page_id=9096"},"modified":"2024-05-06T20:34:25","modified_gmt":"2024-05-06T18:34:25","slug":"kontakt","status":"publish","type":"page","link":"https:\/\/staviori.com.pl\/cs\/kontakt\/","title":{"rendered":"Kontakt"},"content":{"rendered":"<section class=\"section has-scroll-for-more\" id=\"section_2025351057\">\n\t\t<div class=\"section-bg fill\" >\n\t\t\t<img loading=\"lazy\" decoding=\"async\" width=\"970\" height=\"691\" src=\"https:\/\/staviori.com.pl\/wp-content\/uploads\/2023\/04\/WZD5000R_5.jpg\" class=\"bg attachment-original size-original\" alt=\"\" \/>\t\t\t\t\t\t<button class=\"scroll-for-more z-5 icon absolute bottom h-center\" aria-label=\"Posu\u0148te se pro v\u00edce informac\u00ed\" data-no-translation-aria-label=\"\"><i class=\"icon-angle-down\" aria-hidden=\"true\" style=\"font-size:42px;\"><\/i><\/button>\n\t\t\t\n\n\t\t<\/div>\n\n\t\t\n\n\t\t<div class=\"section-content relative\">\n\t\t\t\n\n<div class=\"row\"  id=\"row-1358782447\">\n\n\n\t<div id=\"col-1941858985\" class=\"col small-12 large-12\"  >\n\t\t\t\t<div class=\"col-inner\"  >\n\t\t\t\n\t\t\t\n\n\t<div id=\"text-2702163975\" class=\"text\">\n\t\t\n\n<h2>Kontakt<\/h2>\n\t\t\n<style>\n#text-2702163975 {\n  font-size: 2rem;\n  text-align: center;\n  color: rgb(0,0,0);\n}\n#text-2702163975 > * {\n  color: rgb(0,0,0);\n}\n<\/style>\n\t<\/div>\n\t\n\n\t\t<\/div>\n\t\t\t\t\n<style>\n#col-1941858985 > .col-inner {\n  margin: 129px 0px 0px 0px;\n}\n<\/style>\n\t<\/div>\n\n\t\n\n<\/div>\n\n\t\t<\/div>\n\n\t\t\n<style>\n#section_2025351057 {\n  padding-top: 30px;\n  padding-bottom: 30px;\n  min-height: 290px;\n}\n#section_2025351057 .section-bg img {\n  object-position: 46% 100%;\n}\n@media (min-width:550px) {\n  #section_2025351057 {\n    min-height: 450px;\n  }\n}\n<\/style>\n\t<\/section>\n\t\n\n\t<section class=\"section\" id=\"section_1443228355\">\n\t\t<div class=\"section-bg fill\" >\n\t\t\t\t\t\t\t\t\t\n\t\t\t\n\n\t\t<\/div>\n\n\t\t\n\n\t\t<div class=\"section-content relative\">\n\t\t\t\n\n<div class=\"row\"  id=\"row-1256738192\">\n\n\n\t<div id=\"col-1218966865\" class=\"col medium-4 small-12 large-4\"  >\n\t\t\t\t<div class=\"col-inner\"  >\n\t\t\t\n\t\t\t\n\n<div class=\"text-center\"><div class=\"is-divider divider clearfix\" ><\/div><\/div>\n\n\t<div id=\"text-1953015102\" class=\"text\">\n\t\t\n\n<h2>Hork\u00e1 linka<\/h2>\n<p><span style=\"font-size: 110%;\"><a href=\"tel:+48500744070\"><img loading=\"lazy\" decoding=\"async\" class=\"alignnone  wp-image-9103\" src=\"https:\/\/staviori.com.pl\/wp-content\/uploads\/2023\/04\/call_FILL0_wght300_GRAD0_opsz40-1.png\" alt=\"\" width=\"20\" height=\"20\" \/>+48 500 744 070<\/a><\/span><\/p>\n<p><span style=\"font-size: 90%;\">Otev\u0159eno od pond\u011bl\u00ed do p\u00e1tku od 10.00 do 17.00 hod.<\/span><\/p>\n\t\t\n<style>\n#text-1953015102 {\n  font-size: 1.05rem;\n  text-align: center;\n}\n<\/style>\n\t<\/div>\n\t\n\n\t\t<\/div>\n\t\t\t\t\t<\/div>\n\n\t\n\n\t<div id=\"col-329546038\" class=\"col medium-4 small-12 large-4\"  >\n\t\t\t\t<div class=\"col-inner\"  >\n\t\t\t\n\t\t\t\n\n<div class=\"text-center\"><div class=\"is-divider divider clearfix\" ><\/div><\/div>\n\n\t<div id=\"text-1742025725\" class=\"text\">\n\t\t\n\n<h2>E-maily z\u00e1kazn\u00edk\u016f<\/h2>\n<p><span style=\"font-size: 110%;\"><a class=\"email\" href=\"mailto:kontakt@staviori.pl\"><img loading=\"lazy\" decoding=\"async\" class=\"alignnone  wp-image-9102\" src=\"https:\/\/staviori.com.pl\/wp-content\/uploads\/2023\/04\/mail_FILL0_wght300_GRAD0_opsz40-1.png\" alt=\"\" width=\"20\" height=\"20\" \/>\u00a0kontakt@staviori.pl<\/a><\/span><\/p>\n\t\t\n<style>\n#text-1742025725 {\n  font-size: 1.05rem;\n  text-align: center;\n}\n<\/style>\n\t<\/div>\n\t\n<div class=\"text-center\"><div class=\"is-divider divider clearfix\" ><\/div><\/div>\n\n\t<div id=\"text-4122918309\" class=\"text\">\n\t\t\n\n<h3>Nab\u00eddky zas\u00edlejte na adresu<\/h3>\n<p><span style=\"font-size: 110%;\"><a class=\"email\" href=\"mailto:b2b@staviori.pl\"><img loading=\"lazy\" decoding=\"async\" class=\"alignnone  wp-image-9102\" src=\"https:\/\/staviori.com.pl\/wp-content\/uploads\/2023\/04\/mail_FILL0_wght300_GRAD0_opsz40-1.png\" alt=\"\" width=\"20\" height=\"20\" \/>\u00a0b2b@staviori.pl<\/a><\/span><\/p>\n\t\t\n<style>\n#text-4122918309 {\n  font-size: 1.05rem;\n  text-align: center;\n}\n<\/style>\n\t<\/div>\n\t\n\n\t\t<\/div>\n\t\t\t\t\t<\/div>\n\n\t\n\n\t<div id=\"col-608300498\" class=\"col medium-4 small-12 large-4\"  >\n\t\t\t\t<div class=\"col-inner\"  >\n\t\t\t\n\t\t\t\n\n<div class=\"text-center\"><div class=\"is-divider divider clearfix\" ><\/div><\/div>\n\n\t<div id=\"text-2125443699\" class=\"text\">\n\t\t\n\n<h2><a href=\"https:\/\/staviori.pl\/viproom.php\">Adresa spole\u010dnosti<\/a><\/h2>\n<p><span style=\"font-size: 110%;\">Staviori<\/span><br \/><span style=\"font-size: 110%;\">Jeleniog\u00f3rska 16<\/span><br \/><span style=\"font-size: 110%;\">Pozna\u0148 60-179<\/span><\/p>\n<p><span style=\"font-size: 90%;\">Zbo\u017e\u00ed je mo\u017en\u00e9 si prohl\u00e9dnout nebo vyzvednout pouze po p\u0159edchoz\u00ed domluv\u011b.<\/span><\/p>\n\t\t\n<style>\n#text-2125443699 {\n  font-size: 1.05rem;\n  text-align: center;\n}\n<\/style>\n\t<\/div>\n\t\n\n\t\t<\/div>\n\t\t\t\t\t<\/div>\n\n\t\n\n<\/div>\n<div class=\"row\"  id=\"row-768670087\">\n\n\n\t<div id=\"col-1703006082\" class=\"col medium-6 small-12 large-6\"  >\n\t\t\t\t<div class=\"col-inner\"  >\n\t\t\t\n\t\t\t\n\n\t<div class=\"img has-hover x md-x lg-x y md-y lg-y\" id=\"image_1207079576\">\n\t\t\t\t\t\t\t\t<div class=\"img-inner dark\" >\n\t\t\t<img loading=\"lazy\" decoding=\"async\" width=\"1350\" height=\"900\" src=\"https:\/\/staviori.com.pl\/wp-content\/uploads\/2023\/04\/22a.jpg\" class=\"attachment-original size-original\" alt=\"\" srcset=\"https:\/\/staviori.com.pl\/wp-content\/uploads\/2023\/04\/22a.jpg 1350w, https:\/\/staviori.com.pl\/wp-content\/uploads\/2023\/04\/22a-510x340.jpg 510w, https:\/\/staviori.com.pl\/wp-content\/uploads\/2023\/04\/22a-300x200.jpg 300w, https:\/\/staviori.com.pl\/wp-content\/uploads\/2023\/04\/22a-1024x683.jpg 1024w, https:\/\/staviori.com.pl\/wp-content\/uploads\/2023\/04\/22a-768x512.jpg 768w\" sizes=\"auto, (max-width: 1350px) 100vw, 1350px\" \/>\t\t\t\t\t\t\n\t\t\t\t\t<\/div>\n\t\t\t\t\t\t\t\t\n<style>\n#image_1207079576 {\n  width: 100%;\n}\n<\/style>\n\t<\/div>\n\t\n\n\n\t\t<\/div>\n\t\t\t\t\n<style>\n#col-1703006082 > .col-inner {\n  margin: -1px 0px 0px 0px;\n}\n@media (min-width:550px) {\n  #col-1703006082 > .col-inner {\n    margin: 40px 0px 0px 0px;\n  }\n}\n@media (min-width:850px) {\n  #col-1703006082 > .col-inner {\n    margin: 57px 0px 0px 0px;\n  }\n}\n<\/style>\n\t<\/div>\n\n\t\n\n\t<div id=\"col-602174574\" class=\"col medium-6 small-12 large-6\"  >\n\t\t\t\t<div class=\"col-inner\"  >\n\t\t\t\n\t\t\t\n\n<h2>Po\u0161lete n\u00e1m zpr\u00e1vu<\/h2>\n\n<div class=\"wpcf7 no-js\" id=\"wpcf7-f7-o1\" lang=\"pl-PL\" dir=\"ltr\" data-wpcf7-id=\"7\">\n<div class=\"screen-reader-response\"><p role=\"status\" aria-live=\"polite\" aria-atomic=\"true\"><\/p> <ul><\/ul><\/div>\n<form action=\"\/cs\/wp-json\/wp\/v2\/pages\/9096#wpcf7-f7-o1\" method=\"post\" class=\"wpcf7-form init\" aria-label=\"Kontaktn\u00ed formul\u00e1\u0159\" novalidate=\"novalidate\" data-status=\"init\" data-no-translation-aria-label=\"\" data-trp-original-action=\"\/cs\/wp-json\/wp\/v2\/pages\/9096#wpcf7-f7-o1\">\n<fieldset class=\"hidden-fields-container\"><input type=\"hidden\" name=\"_wpcf7\" value=\"7\" \/><input type=\"hidden\" name=\"_wpcf7_version\" value=\"6.1.3\" \/><input type=\"hidden\" name=\"_wpcf7_locale\" value=\"pl_PL\" \/><input type=\"hidden\" name=\"_wpcf7_unit_tag\" value=\"wpcf7-f7-o1\" \/><input type=\"hidden\" name=\"_wpcf7_container_post\" value=\"0\" \/><input type=\"hidden\" name=\"_wpcf7_posted_data_hash\" value=\"\" \/><input type=\"hidden\" name=\"_wpcf7_recaptcha_response\" value=\"\" \/>\n<\/fieldset>\n<p><label> N\u00e1zev<br \/>\n<span class=\"wpcf7-form-control-wrap\" data-name=\"your-name\"><input size=\"40\" maxlength=\"400\" class=\"wpcf7-form-control wpcf7-text wpcf7-validates-as-required\" autocomplete=\"name\" aria-required=\"true\" aria-invalid=\"false\" value=\"\" type=\"text\" name=\"your-name\" \/><\/span> <\/label>\n<\/p>\n<p><label> V\u00e1\u0161 e-mail<br \/>\n<span class=\"wpcf7-form-control-wrap\" data-name=\"your-email\"><input size=\"40\" maxlength=\"400\" class=\"wpcf7-form-control wpcf7-email wpcf7-validates-as-required wpcf7-text wpcf7-validates-as-email\" autocomplete=\"email\" aria-required=\"true\" aria-invalid=\"false\" value=\"\" type=\"email\" name=\"your-email\" \/><\/span> <\/label>\n<\/p>\n<p><label> P\u0159edm\u011bt<br \/>\n<span class=\"wpcf7-form-control-wrap\" data-name=\"your-subject\"><input size=\"40\" maxlength=\"400\" class=\"wpcf7-form-control wpcf7-text wpcf7-validates-as-required\" aria-required=\"true\" aria-invalid=\"false\" value=\"\" type=\"text\" name=\"your-subject\" \/><\/span> <\/label>\n<\/p>\n<p><label> Va\u0161e zpr\u00e1va<br \/>\n<span class=\"wpcf7-form-control-wrap\" data-name=\"your-message\"><textarea cols=\"40\" rows=\"10\" maxlength=\"2000\" class=\"wpcf7-form-control wpcf7-textarea\" aria-invalid=\"false\" name=\"your-message\"><\/textarea><\/span> <\/label>\n<\/p>\n<p><input class=\"wpcf7-form-control wpcf7-submit has-spinner\" type=\"submit\" value=\"Odeslat\" \/>\n<\/p>\n<span class=\"wpcf7-form-control-wrap recaptcha\" data-name=\"recaptcha\"><span data-sitekey=\"6LcmMtMpAAAAAGbzjyKC9AgtEdQg5gEiH6ycmsJo\" class=\"wpcf7-form-control wpcf7-recaptcha g-recaptcha\"><\/span>\r\n<noscript>\r\n\t<div class=\"grecaptcha-noscript\">\r\n\t\t<iframe loading=\"lazy\" src=\"https:\/\/www.google.com\/recaptcha\/api\/fallback?k=6LcmMtMpAAAAAGbzjyKC9AgtEdQg5gEiH6ycmsJo\" frameborder=\"0\" scrolling=\"no\" width=\"310\" height=\"430\">\r\n\t\t<\/iframe>\r\n\t\t<textarea name=\"g-recaptcha-response\" rows=\"3\" cols=\"40\" placeholder=\"Odpov\u011b\u010f reCaptcha zde\" data-no-translation-placeholder=\"\">\r\n\t\t<\/textarea>\r\n\t<\/div>\r\n<\/noscript>\r\n<\/span><div class=\"wpcf7-response-output\" aria-hidden=\"true\"><\/div>\n<input type=\"hidden\" name=\"trp-form-language\" value=\"cs\"\/><\/form>\n<\/div>\n\n\n\n\t\t<\/div>\n\t\t\t\t\t<\/div>\n\n\t\n\n<\/div>\n<div class=\"row\"  id=\"row-1850527267\">\n\n\n\t<div id=\"col-44606079\" class=\"col small-12 large-12\"  >\n\t\t\t\t<div class=\"col-inner\"  >\n\t\t\t\n\t\t\t\n\n\t<div id=\"text-2282527711\" class=\"text\">\n\t\t\n\n<h3>\u00dadaje o spole\u010dnosti<\/h3>\n<p>Port\u00e1l www.staviori.pl provozuje spole\u010dnost Infinity Dawid Namyslak, kter\u00e1 je v\u00fdhradn\u00edm distributorem zna\u010dky STAVIORI.<\/p>\n<p>NIP: 7772573745<\/p>\n<p>REGON: 301254472<\/p>\n<p>(EDG): 69380\/2009<\/p>\n<h3>\u00a0<\/h3>\n<h3>Koresponden\u010dn\u00ed adresa<\/h3>\n<p>Z\u00e1silky zas\u00edlejte na po\u0161tovn\u00ed adresu uvedenou ve formul\u00e1\u0159i v \u010d\u00e1sti: Z\u00e1ruka, v\u00fdm\u011bna, vr\u00e1cen\u00ed zbo\u017e\u00ed.<\/p>\n<h3>\u00a0<\/h3>\n<h3>\u010c\u00edsla bankovn\u00edch \u00fa\u010dt\u016f<\/h3>\n<p>Platby pros\u00edm zas\u00edlejte na adresu:<br \/><br \/><b>\u00da\u010det v PLN: 41 1140 2004 0000 3802 6522 2647<br \/><\/b><br \/>Banka: mBank<br \/>IBAN: PL41114020040000380265222647<br \/>SWIFT: BREXPLPWMBK<br \/><br \/><br \/><b>\u00da\u010det v EURO: 28 2490 1057 0000 9902 6180 4553<br \/><\/b>Banka: Alior<br \/>IBAN: PL28249010570000990261804553<br \/>BIC\/SWIFT: ALBPPLPW<\/p>\n<p><br \/><b><\/b><\/p>\n<p><b>\u00da\u010det v GBP: 19 2490 1057 0000 9904 6180 4553<br \/><\/b>Banka: Alior<br \/>IBAN: PL19249010570000990461804553<br \/>BIC\/SWIFT: ALBPPLPW<\/p>\n<p><br \/><b><\/b><\/p>\n<p><b>\u00da\u010det v USD: 81 2490 1057 0000 9901 6180 4553<br \/><\/b>Banka: Alior<br \/>IBAN: PL81249010570000990161804553<br \/>BIC\/SWIFT: ALBPPLPW<\/p>\n\t\t\n<style>\n#text-2282527711 {\n  text-align: center;\n}\n<\/style>\n\t<\/div>\n\t\n\n\t\t<\/div>\n\t\t\t\t\t<\/div>\n\n\t\n\n<\/div>\n\n\t\t<\/div>\n\n\t\t\n<style>\n#section_1443228355 {\n  padding-top: 30px;\n  padding-bottom: 30px;\n}\n<\/style>\n\t<\/section>","protected":false},"excerpt":{"rendered":"","protected":false},"author":1,"featured_media":0,"parent":0,"menu_order":0,"comment_status":"closed","ping_status":"closed","template":"page-blank.php","meta":{"om_disable_all_campaigns":false,"footnotes":""},"class_list":["post-9096","page","type-page","status-publish","hentry"],"aioseo_notices":[],"_links":{"self":[{"href":"https:\/\/staviori.com.pl\/cs\/wp-json\/wp\/v2\/pages\/9096","targetHints":{"allow":["GET"]}}],"collection":[{"href":"https:\/\/staviori.com.pl\/cs\/wp-json\/wp\/v2\/pages"}],"about":[{"href":"https:\/\/staviori.com.pl\/cs\/wp-json\/wp\/v2\/types\/page"}],"author":[{"embeddable":true,"href":"https:\/\/staviori.com.pl\/cs\/wp-json\/wp\/v2\/users\/1"}],"replies":[{"embeddable":true,"href":"https:\/\/staviori.com.pl\/cs\/wp-json\/wp\/v2\/comments?post=9096"}],"version-history":[{"count":8,"href":"https:\/\/staviori.com.pl\/cs\/wp-json\/wp\/v2\/pages\/9096\/revisions"}],"predecessor-version":[{"id":13251,"href":"https:\/\/staviori.com.pl\/cs\/wp-json\/wp\/v2\/pages\/9096\/revisions\/13251"}],"wp:attachment":[{"href":"https:\/\/staviori.com.pl\/cs\/wp-json\/wp\/v2\/media?parent=9096"}],"curies":[{"name":"wp","href":"https:\/\/api.w.org\/{rel}","templated":true}]}}